{"id":1123,"date":"2018-02-22T21:42:14","date_gmt":"2018-02-22T20:42:14","guid":{"rendered":"http:\/\/sfbtm.fr\/jfbtm\/?page_id=1123"},"modified":"2023-11-14T17:43:02","modified_gmt":"2023-11-14T16:43:02","slug":"laureats","status":"publish","type":"page","link":"https:\/\/sfbtm.fr\/jfbtm\/archives\/partenaires-2018\/laureats\/","title":{"rendered":"Laur\u00e9ats"},"content":{"rendered":"\n<p><em>(N.B. cette page n\u00e9cessite que les \u00ab\u00a0pop-up\u00a0\u00bb ne soient pas bloqu\u00e9s par votre navigateur)<\/em><\/p>\n\n\n<p><strong>Prix Oral jury CS<\/strong><\/p>\n<p>Plozza Mariana IPBS-CNRS, Toulouse<\/p>\n<p>marianna.plozza@ipbs.fr<\/p>\n<p>Sponsor Arthritis<\/p>\n<p>Thoraval L\u00e9a EA4691 BIOS, Reims<\/p>\n<p>lea.thoraval@univ-reims.fr<\/p>\n<p>Sponsor Arthritis<\/p>\n<p>Regnier Maitena<\/p>\n<p>maitena.regnier@gmail.com<\/p>\n<p>Sponsor Arthritis<\/p>\n<p>Halper Julia LP2M, CNRS 7370, Nice<\/p>\n<p>julia.halper@univ-cotedazur.fr<\/p>\n<p>Sponsor Arthritis<\/p>\n<p>Dos Reis Ferreira Claudio Chimie de la Mati\u00e8re Condens\u00e9e de Paris<\/p>\n<p>claudio.dos_reis_ferreira@sorbonne-universite.fr<\/p>\n<p>Sponsor Biomat<\/p>\n<p><strong>Prix Oral Jury Postdoc<\/strong><\/p>\n<p>Dufran\u00e7ais Oph\u00e9lie IPBS-CNRS, Toulouse<\/p>\n<p>o.dufrancais@gmail.com<\/p>\n<p>Sponsor Arthritis<\/p>\n<p><strong>Prix Poster Jury CS<\/strong><\/p>\n<p>Crovetto Lucas Centre Scientifique de Monaco<\/p>\n<p>lcrovetto@centrescientifique.mc<\/p>\n<p>Sponsor Arthritis<\/p>\n<p>Dupr\u00e9 Nicolas INSERM 1138, Paris<\/p>\n<p>nicolas.dupre@outlook.fr<\/p>\n<p>Sponsor Arthritis<\/p>\n<p>Dupuy Maryne CRCI2NA-U1307, Nantes<\/p>\n<p>maryne.dupuy@etu.univ-nantes.fr<\/p>\n<p>Sponsor Arthritis<\/p>\n<p>Lutet-Toti Camille Biogeosciences, UMR CNRS\/UBFC\/EPHE 6286<\/p>\n<p>camille_lutet-toti@etu.u-bourgogne.fr<\/p>\n<p>Sponsor Arthritis<\/p>\n<ul>\n<li>\t\t<a\t\t\t\thref=\"javascript:void(0)\"\r\n\t\t\t\tclass=\"sgpb-show-popup sgpb-popup-id-2933\"\r\n\t\tdata-sgpbpopupid=\"2933\"\r\n\t\tdata-popup-event=\"click\"\r\n\t\t>\r\n\t\tGhannaa Shayya \t\t<\/a>\r\n\t\t Inserm U1026 &#8211; BioTis, Bordeaux<\/li>\n<\/ul>\n<p>ghannaa.shayya@inserm.fr<\/p>\n<p>Sponsor Biomat<\/p>\n<p><strong>Prix Poster Jury Postdoc<\/strong><\/p>\n<p>Forin Cl\u00e9mence Centre Scientifique de Monaco<\/p>\n<p>cforin@centrescientifique.mc<\/p>\n<p>Sponsor Arthritis<\/p>\n<p><strong>Prix oral Postdoc Jury CS<\/strong><\/p>\n<ul>\n<li>\t\t<a\t\t\t\thref=\"javascript:void(0)\"\r\n\t\t\t\tclass=\"sgpb-show-popup sgpb-popup-id-2954\"\r\n\t\tdata-sgpbpopupid=\"2954\"\r\n\t\tdata-popup-event=\"click\"\r\n\t\t>\r\n\t\tMicaela Roque \t\t<\/a>\r\n\t\t<\/li>\n<\/ul>\n<p>Roque Micaela INSERM U1026 &#8211; BioTis, Bordeaux<\/p>\n<p>micaela.roque@inserm.fr<\/p>\n<p>Sponsor SFBTM<\/p>\n<p>\u00a0<\/p>\n<p><span style=\"font-size: 18pt;\">2022<\/span><\/p>\n<ul>\n<li>\t\t<a\t\t\t\thref=\"javascript:void(0)\"\r\n\t\t\t\tclass=\"sgpb-show-popup sgpb-popup-id-2963\"\r\n\t\tdata-sgpbpopupid=\"2963\"\r\n\t\tdata-popup-event=\"click\"\r\n\t\t>\r\n\t\tJulie Warin \t\t<\/a>\r\n\t\t<\/li>\n<li>\t\t<a\t\t\t\thref=\"javascript:void(0)\"\r\n\t\t\t\tclass=\"sgpb-show-popup sgpb-popup-id-2929\"\r\n\t\tdata-sgpbpopupid=\"2929\"\r\n\t\tdata-popup-event=\"click\"\r\n\t\t>\r\n\t\tRachel Pereur \t\t<\/a>\r\n\t\t<\/li>\n<li>\u00a0<\/li>\n<\/ul>\n<p><span style=\"font-size: 18pt;\">2017<\/span><\/p>\n<ul>\n<li>\t\t<a\t\t\t\thref=\"javascript:void(0)\"\r\n\t\t\t\tclass=\"sgpb-show-popup sgpb-popup-id-1\"\r\n\t\tdata-sgpbpopupid=\"1\"\r\n\t\tdata-popup-event=\"click\"\r\n\t\t>\r\n\t\tChristelle Darrieutort-Laffite, INSERM UMR1238, Phy-OS, Nantes, France\t\t<\/a>\r\n\t\t<\/li>\n<li>\t\t<a\t\t\t\thref=\"javascript:void(0)\"\r\n\t\t\t\tclass=\"sgpb-show-popup sgpb-popup-id-4\"\r\n\t\tdata-sgpbpopupid=\"4\"\r\n\t\tdata-popup-event=\"click\"\r\n\t\t>\r\n\t\tClaire-Sophie Devignes, INSERM UMR1132 -BIOSCAR , Paris, France\t\t<\/a>\r\n\t\t<\/li>\n<li>Anne-Laure Durand, CNRS UMR5305\u2013 LBTI, Lyon, France<\/li>\n<li>\t\t<a\t\t\t\thref=\"javascript:void(0)\"\r\n\t\t\t\tclass=\"sgpb-show-popup sgpb-popup-id-31\"\r\n\t\tdata-sgpbpopupid=\"31\"\r\n\t\tdata-popup-event=\"click\"\r\n\t\t>\r\n\t\tCarole-Anne Faraji-Bell\u00e9e, EA 2496, PARIS, France\t\t<\/a>\r\n\t\t<\/li>\n<li>\t\t<a\t\t\t\thref=\"javascript:void(0)\"\r\n\t\t\t\tclass=\"sgpb-show-popup sgpb-popup-id-30\"\r\n\t\tdata-sgpbpopupid=\"30\"\r\n\t\tdata-popup-event=\"click\"\r\n\t\t>\r\n\t\tL\u00e9a Loisay, INSERM UMR1163, Institut Imagine, Paris, France\t\t<\/a>\r\n\t\t<\/li>\n<li>\t\t<a\t\t\t\thref=\"javascript:void(0)\"\r\n\t\t\t\tclass=\"sgpb-show-popup sgpb-popup-id-10\"\r\n\t\tdata-sgpbpopupid=\"10\"\r\n\t\tdata-popup-event=\"click\"\r\n\t\t>\r\n\t\tMaria-Bernadette Madel, LP2M, CNRS7370, Nice, France\t\t<\/a>\r\n\t\t<\/li>\n<li>\t\t<a\t\t\t\thref=\"javascript:void(0)\"\r\n\t\t\t\tclass=\"sgpb-show-popup sgpb-popup-id-11\"\r\n\t\tdata-sgpbpopupid=\"11\"\r\n\t\tdata-popup-event=\"click\"\r\n\t\t>\r\n\t\tBrice Moukengue, INSERM UMR1238, Phy-OS, Nantes, France\t\t<\/a>\r\n\t\t<\/li>\n<li>\t\t<a\t\t\t\thref=\"javascript:void(0)\"\r\n\t\t\t\tclass=\"sgpb-show-popup sgpb-popup-id-32\"\r\n\t\tdata-sgpbpopupid=\"32\"\r\n\t\tdata-popup-event=\"click\"\r\n\t\t>\r\n\t\tOlivier Varennes, INSERM UMR1088 \u2013 CURS, Amiens, France\t\t<\/a>\r\n\t\t<\/li>\n<li>\t\t<a\t\t\t\thref=\"javascript:void(0)\"\r\n\t\t\t\tclass=\"sgpb-show-popup sgpb-popup-id-6\"\r\n\t\tdata-sgpbpopupid=\"6\"\r\n\t\tdata-popup-event=\"click\"\r\n\t\t>\r\n\t\tGeoffrey Vargas, INSERM UMR1033 \u2013 LYOS, Lyon, France\t\t<\/a>\r\n\t\t<\/li>\n<li>\t\t<a\t\t\t\thref=\"javascript:void(0)\"\r\n\t\t\t\tclass=\"sgpb-show-popup sgpb-popup-id-7\"\r\n\t\tdata-sgpbpopupid=\"7\"\r\n\t\tdata-popup-event=\"click\"\r\n\t\t>\r\n\t\tJustine Vix, CNRS ERL7368, STIM, Poitiers, France\t\t<\/a>\r\n\t\t<\/li>\n<\/ul>\n<p><span style=\"font-size: 18pt;\">2016<\/span><\/p>\n<ul>\n<li>Oriane De La Geneste<\/li>\n<li>Vera Guduric<\/li>\n<li>Lilian Stapane<\/li>\n<li>Maxence Cornille<\/li>\n<li>Paul Neybecker<\/li>\n<li>Jonathan Boucher<\/li>\n<li>Chaohua Deng<\/li>\n<li>Mattia Pasqua<\/li>\n<li>Anne-Laure Bonnet<\/li>\n<li>Miguel Carradecco<\/li>\n<li>Olivier Laperine<\/li>\n<li>Ana\u00efs Julien<\/li>\n<\/ul>\n<p><span style=\"font-size: 18pt;\">2015<\/span><\/p>\n<ul>\n<li>Meryem Amari<\/li>\n<li>\t\t<a\t\t\t\thref=\"javascript:void(0)\"\r\n\t\t\t\tclass=\"sgpb-show-popup sgpb-popup-id-12\"\r\n\t\tdata-sgpbpopupid=\"12\"\r\n\t\tdata-popup-event=\"click\"\r\n\t\t>\r\n\t\tNina Bon\t\t<\/a>\r\n\t\t<\/li>\n<li>\t\t<a\t\t\t\thref=\"javascript:void(0)\"\r\n\t\t\t\tclass=\"sgpb-show-popup sgpb-popup-id-13\"\r\n\t\tdata-sgpbpopupid=\"13\"\r\n\t\tdata-popup-event=\"click\"\r\n\t\t>\r\n\t\tPauline Colombier\t\t<\/a>\r\n\t\t<\/li>\n<li>\t\t<a\t\t\t\thref=\"javascript:void(0)\"\r\n\t\t\t\tclass=\"sgpb-show-popup sgpb-popup-id-14\"\r\n\t\tdata-sgpbpopupid=\"14\"\r\n\t\tdata-popup-event=\"click\"\r\n\t\t>\r\n\t\tGreig Couasnay\t\t<\/a>\r\n\t\t<\/li>\n<li>\t\t<a\t\t\t\thref=\"javascript:void(0)\"\r\n\t\t\t\tclass=\"sgpb-show-popup sgpb-popup-id-15\"\r\n\t\tdata-sgpbpopupid=\"15\"\r\n\t\tdata-popup-event=\"click\"\r\n\t\t>\r\n\t\tGuillaume Courbon\t\t<\/a>\r\n\t\t<\/li>\n<li>\t\t<a\t\t\t\thref=\"javascript:void(0)\"\r\n\t\t\t\tclass=\"sgpb-show-popup sgpb-popup-id-16\"\r\n\t\tdata-sgpbpopupid=\"16\"\r\n\t\tdata-popup-event=\"click\"\r\n\t\t>\r\n\t\tXavier Coutel\t\t<\/a>\r\n\t\t<\/li>\n<li>\t\t<a\t\t\t\thref=\"javascript:void(0)\"\r\n\t\t\t\tclass=\"sgpb-show-popup sgpb-popup-id-17\"\r\n\t\tdata-sgpbpopupid=\"17\"\r\n\t\tdata-popup-event=\"click\"\r\n\t\t>\r\n\t\tClaire-Sophie Devignes\t\t<\/a>\r\n\t\t<\/li>\n<li>\t\t<a\t\t\t\thref=\"javascript:void(0)\"\r\n\t\t\t\tclass=\"sgpb-show-popup sgpb-popup-id-18\"\r\n\t\tdata-sgpbpopupid=\"18\"\r\n\t\tdata-popup-event=\"click\"\r\n\t\t>\r\n\t\tMathilde F\u00e9nelon\t\t<\/a>\r\n\t\t<\/li>\n<li>\t\t<a\t\t\t\thref=\"javascript:void(0)\"\r\n\t\t\t\tclass=\"sgpb-show-popup sgpb-popup-id-19\"\r\n\t\tdata-sgpbpopupid=\"19\"\r\n\t\tdata-popup-event=\"click\"\r\n\t\t>\r\n\t\tMathilde Guibert\t\t<\/a>\r\n\t\t<\/li>\n<li>Hugo Fabre<\/li>\n<li>\t\t<a\t\t\t\thref=\"javascript:void(0)\"\r\n\t\t\t\tclass=\"sgpb-show-popup sgpb-popup-id-20\"\r\n\t\tdata-sgpbpopupid=\"20\"\r\n\t\tdata-popup-event=\"click\"\r\n\t\t>\r\n\t\tDavide Komla Ebri\t\t<\/a>\r\n\t\t<\/li>\n<li>Anne-Sophie Willemein<\/li>\n<\/ul>\n<p><span style=\"font-size: 18pt;\">2014<\/span><\/p>\n<ul>\n<li>Ga\u00eblle Cres<\/li>\n<li>Pauline Colombier<\/li>\n<li>\t\t<a\t\t\t\thref=\"javascript:void(0)\"\r\n\t\t\t\tclass=\"sgpb-show-popup sgpb-popup-id-21\"\r\n\t\tdata-sgpbpopupid=\"21\"\r\n\t\tdata-popup-event=\"click\"\r\n\t\t>\r\n\t\tCarine Delliaux\t\t<\/a>\r\n\t\t<\/li>\n<li>\t\t<a\t\t\t\thref=\"javascript:void(0)\"\r\n\t\t\t\tclass=\"sgpb-show-popup sgpb-popup-id-22\"\r\n\t\tdata-sgpbpopupid=\"22\"\r\n\t\tdata-popup-event=\"click\"\r\n\t\t>\r\n\t\tAgathe Gremare\t\t<\/a>\r\n\t\t<\/li>\n<li>\t\t<a\t\t\t\thref=\"javascript:void(0)\"\r\n\t\t\t\tclass=\"sgpb-show-popup sgpb-popup-id-23\"\r\n\t\tdata-sgpbpopupid=\"23\"\r\n\t\tdata-popup-event=\"click\"\r\n\t\t>\r\n\t\tJulien Guerrero\t\t<\/a>\r\n\t\t<\/li>\n<li>\t\t<a\t\t\t\thref=\"javascript:void(0)\"\r\n\t\t\t\tclass=\"sgpb-show-popup sgpb-popup-id-29\"\r\n\t\tdata-sgpbpopupid=\"29\"\r\n\t\tdata-popup-event=\"click\"\r\n\t\t>\r\n\t\tOlivier Laperine\t\t<\/a>\r\n\t\t<\/li>\n<li>\t\t<a\t\t\t\thref=\"javascript:void(0)\"\r\n\t\t\t\tclass=\"sgpb-show-popup sgpb-popup-id-28\"\r\n\t\tdata-sgpbpopupid=\"28\"\r\n\t\tdata-popup-event=\"click\"\r\n\t\t>\r\n\t\tCarine Le Goff\t\t<\/a>\r\n\t\t<\/li>\n<li>\t\t<a\t\t\t\thref=\"javascript:void(0)\"\r\n\t\t\t\tclass=\"sgpb-show-popup sgpb-popup-id-27\"\r\n\t\tdata-sgpbpopupid=\"27\"\r\n\t\tdata-popup-event=\"click\"\r\n\t\t>\r\n\t\tElvire Le Norcy\t\t<\/a>\r\n\t\t<\/li>\n<li>\t\t<a\t\t\t\thref=\"javascript:void(0)\"\r\n\t\t\t\tclass=\"sgpb-show-popup sgpb-popup-id-26\"\r\n\t\tdata-sgpbpopupid=\"26\"\r\n\t\tdata-popup-event=\"click\"\r\n\t\t>\r\n\t\tFiona Louis\t\t<\/a>\r\n\t\t<\/li>\n<li>\t\t<a\t\t\t\thref=\"javascript:void(0)\"\r\n\t\t\t\tclass=\"sgpb-show-popup sgpb-popup-id-25\"\r\n\t\tdata-sgpbpopupid=\"25\"\r\n\t\tdata-popup-event=\"click\"\r\n\t\t>\r\n\t\tSaad Alami-Mechiche\t\t<\/a>\r\n\t\t<\/li>\n<li>\t\t<a\t\t\t\thref=\"javascript:void(0)\"\r\n\t\t\t\tclass=\"sgpb-show-popup sgpb-popup-id-24\"\r\n\t\tdata-sgpbpopupid=\"24\"\r\n\t\tdata-popup-event=\"click\"\r\n\t\t>\r\n\t\tElsa M\u00e9vel\t\t<\/a>\r\n\t\t<\/li>\n<li>Emeline Pages<\/li>\n<\/ul>\n<p><span style=\"font-size: 18pt;\">2013 Poitiers<\/span><\/p>\n<ul>\n<li>Henaut Lucie, Amiens<\/li>\n<li>Louis Fiona, St Etienne<\/li>\n<li>Couasnay Greig, Nantes<\/li>\n<li>Avril Pierre, Nantes<\/li>\n<li>Porton Sophie, Nantes<\/li>\n<li>Mevel Elsa, Nantes<\/li>\n<li>Trouillet-Assant Sophie, Lyon<\/li>\n<li>Ehret Camille, Bordeaux<\/li>\n<li>Mayer Nathalie, Lyon<\/li>\n<li>Bouet Gu\u00e9naelle, St Etienne<\/li>\n<li>Gamblin Anne-Laure, Nantes<\/li>\n<li>Komla Ebri Davide Selom Komi, Paris<\/li>\n<li>Lamora Audrey, Nantes<\/li>\n<li>Kostine Marie, Poitiers<\/li>\n<li>\u00a0<\/li>\n<\/ul>\n<p><span style=\"font-size: 18pt;\">2012 Bordeaux<\/span><\/p>\n<ul>\n<li>Bourgine Annabelle, NantesBlery Pauline, NantesColombier Pauline, NantesPereira Jessica, ParisDebreuil Julien, MonacoRouy Emilien, ParisGasse Barbara, ParisGeorgess Dan, LyonGuerrero Julien, BordeauxHenaut Lucie, Paris\n<p>Houari Sophia, Amiens<\/p>\n<p>Monderer David, Nantes<\/p>\n<p>Tian Tian, Lille<\/p>\n<p>D\u2019elbee Jean-Marie, Bordeaux<\/p>\n<\/li>\n<li>\u00a0<\/li>\n<\/ul>\n<p><span style=\"font-size: 18pt;\">2011 Paris<\/span><\/p>\n<ul>\n<li>Abou Ezzi Grazia, NiceBala Yohann, LyonBrunner Molly, La TroncheLegendre Lucas, ParisCiucci Thomas, NiceLhaneche Leila, ParisColombier Pauline, NantesOlejnick C\u00e9cile, Lille\n<p>Fradet Ana\u00efs, Lyon<\/p>\n<p>Serra Anne-Antonella, Orsay<\/p>\n<p>Guerrero Julien, Bordeaux<\/p>\n<p>Wauquier Fabien, Saint Gen\u00e8s Champanelle<\/p>\n<p>Mugniery Emilie, Paris<\/p>\n<p>Ziane Sophia, Bordeaux<\/p>\n<\/li>\n<li>\u00a0<\/li>\n<\/ul>\n<p><span style=\"font-size: 18pt;\">2010 Saint-Etienne<\/span><\/p>\n<ul>\n<li>Redersorff Emilie, NantesPorton Sophie, NantesJonquoy Aur\u00e9lie, U781Lalande Charlotte, BordeauxWauquier Fabien, Clermont FerrandTouaitahuata Heima, MontpellierDepalle Baptiste, Lyon\n<p>Funk Bruntano Thomas, Paris<\/p>\n<p>Dirocco Fr\u00e9d\u00e9rico, Paris<\/p>\n<p>Pasqualini Marion, St Etienne<\/p>\n<p>Leroy Nathalie, Dijon<\/p>\n<p>Narayanappa Prabakaran, Dijon<\/p>\n<\/li>\n<li>\u00a0<\/li>\n<\/ul>\n<p><span style=\"font-size: 18pt;\">2009 Nice<\/span><\/p>\n<ul>\n<li>Bardet Claire, ParisCatros Sylvain, BordeauxBaud\u2019huin Marc, NantesDavid Emmanuelle, NantesCaudrillier Axelle, AmiensDepalle Baptiste, LyonClouet Johann, Nantes\n<p>Doublier Audrey, Lyon<\/p>\n<p>Gallois Anne, Lyon<\/p>\n<p>Isaac Juliane, Paris<\/p>\n<p>Konshniat Solmaz, Nantes<\/p>\n<p>Jonch\u00e8re Vincent, Tours<\/p>\n<p>Le Jeune Marion, Lille<\/p>\n<p>Le Roy Nathalie, Dijon<\/p>\n<p>Montfoulet Laurent, Bordeaux<\/p>\n<p>Pradelli Emmanuelle, Nice<\/p>\n<p>Wauquier Fabien, Clermont Ferrand<\/p>\n<\/li>\n<li>\u00a0<\/li>\n<\/ul>\n<p><span style=\"font-size: 18pt;\">2007 Bordeaux<\/span><\/p>\n<ul>\n<li>Bardet Claire, ParisBoudifa Maya, St EtienneBourgault Carole, LyonBrounais B\u00e9n\u00e9dicte, NantesCastaneda Beatriz, ParisCaudrillier Axelle, AmiensChabadel Anne, Lyon\n<p>Dumas Virginie, St Etienne<\/p>\n<p>Faure C\u00e9line, St Etienne<\/p>\n<p>Gallois Anne, Lyon<\/p>\n<p>Lamoureux Fran\u00e7ois, Nantes<\/p>\n<p>Marie Benjamin, Dijon<\/p>\n<p>Mozar Ana\u00efs, Amiens<\/p>\n<\/li>\n<li>\u00a0<\/li>\n<li>\u00a0<\/li>\n<\/ul>\n<p><span style=\"font-size: 18pt;\">2006 Lyon<\/span><\/p>\n<ul>\n<li>B\u00e9ranger Guillaume, NiceMansour Anna, NiceBrazier, MontpellierMonfoulet Laurent, BordeauxCarrouel Florence, LyonSchiltz Corinne, ParisChassereaud Maud, Amiens\n<p>Thivichon-Prince B\u00e9atrice, Lyon<\/p>\n<p>Duplat Denis, Paris<\/p>\n<p>Vinatier Claire, Nantes<\/p>\n<p>Fritz Vanessa, Montpellier<\/p>\n<p>Gallet Marl\u00e8ne, Amiens<\/p>\n<p>Badowski C\u00e9dric, Grenoble<\/p>\n<p>Julien Marion, Nantes<\/p>\n<p>Chautard Emilie, Lyon<\/p>\n<p>Korb Gr\u00e9gory, Montrouge<\/p>\n<p>Malbouyres Marilyne, Lyon<\/p>\n<p>Lamoureux Fran\u00e7ois, Nantes<\/p>\n<p>Quelard Delphine, Rennes<\/p>\n<p>Laurent Patrick, Marseille<\/p>\n<p>Th\u00e9venard Jessica, Reims<\/p>\n<\/li>\n<\/ul>\n<p><span style=\"font-size: 18pt;\">2005 Le Croisic<\/span><\/p>\n<ul>\n<li>Beauchef Gallic, Ca\u00ebnBaug\u00e9 Catherine, Ca\u00ebnB\u00e9ranger Guillaume, NiceBertaux karine, Boulogne\/MerChabadel Anne, Lyon<\/li>\n<li>EL HAJJ DIB Iman, AmiensChipoy C\u00e9line, NantesMarie Benjamin, DijonGallet Marl\u00e8ne, AmiensGeneau Graziello, PoitiersKwan Tat Steeve, NantesVinatier Claire, Nantes<\/li>\n<li>\u00a0<\/li>\n<\/ul>\n<p><span style=\"font-size: 18pt;\">2004 Arcachon<\/span><\/p>\n<ul>\n<li>Anginot Adrienne, LyonBadowski C\u00e9dric, La TroncheB\u00e9ranger Guillaume, NiceLe Guillou Delphine, ParisBoutahar Nadia, St-EtienneRabier B\u00e9nedicte, BordeauxElabd\u00a0 Christian, Nice\n<p>Guillotin Bertrand, Bordeaux<\/p>\n<p>Julien Marion, Nantes<\/p>\n<p>Saltel Fr\u00e9d\u00e9ric, Lyon<\/p>\n<p>Wittrant Yohann, Nantes<\/p>\n<\/li>\n<\/ul>\n<p><span style=\"font-size: 18pt;\">2003 Nice<\/span><\/p>\n<ul>\n<li>Anginot Adrienne, LyonFouilloux Isabelle, MontrougeBonad\u00e9\u00ef J\u00e9rome, LyonGallet Marl\u00e8ne, AmiensGomez C\u00e9dric, Lyon,Saintier Delphine, ParisPuverel Sandrine, Monaco\n<p>Cousin Wendy, Nice<\/p>\n<p>Th\u00e9oleyre Sandrine, Nantes<\/p>\n<p>Th\u00e9venard Judica\u00ebl, Paris<\/p>\n<p>Destaing Olivier, Lyon<\/p>\n<p>Leguerney Ingrid, Paris<\/p>\n<\/li>\n<li>\u00a0<\/li>\n<\/ul>\n<p><span style=\"font-size: 18pt;\">2002 Montrouge<\/span><\/p>\n<ul>\n<li>Berthaud Alexandrine, MontrougeBoutahar Nadia, St EtienneDavid Valentin, St EtienneDelgado Christophe, ParisGallet Marl\u00e8ne, AmiensGuillotin Bertrand, BordeauxLemonnier J\u00e9rome, Gen\u00e8ve Suisse\n<p>Magne David, Nantes<\/p>\n<p>Pallu St\u00e9phane, Bordeaux<\/p>\n<p>Prouillet Christophe, Amiens<\/p>\n<p>Saintier Delphine, Paris<\/p>\n<p>Saltel Fr\u00e9d\u00e9ric, Lyon<\/p>\n<\/li>\n<\/ul>\n<ul>\n<li>\u00a0<\/li>\n<li><em style=\"font-size: 13px;\">Retour vers le site<a href=\"http:\/\/sfbtm.fr\/\" target=\"_blank\" rel=\"noopener noreferrer\"> SFBTM<\/a><\/em><\/li>\n<\/ul>","protected":false},"excerpt":{"rendered":"<p>(N.B. cette page n\u00e9cessite que les \u00ab\u00a0pop-up\u00a0\u00bb ne soient pas bloqu\u00e9s par votre navigateur) Prix Oral jury CS Plozza Mariana IPBS-CNRS, Toulouse marianna.plozza@ipbs.fr Sponsor Arthritis Thoraval L\u00e9a EA4691 BIOS, Reims lea.thoraval@univ-reims.fr Sponsor Arthritis Regnier Maitena maitena.regnier@gmail.com Sponsor Arthritis Halper Julia LP2M, CNRS 7370, Nice julia.halper@univ-cotedazur.fr Sponsor Arthritis Dos Reis Ferreira\u2026<\/p>\n<p> <a class=\"continue-reading-link\" href=\"https:\/\/sfbtm.fr\/jfbtm\/archives\/partenaires-2018\/laureats\/\"><span>Lire la suite&#8230;<\/span><i class=\"crycon-right-dir\"><\/i><\/a> <\/p>\n","protected":false},"author":1,"featured_media":0,"parent":675,"menu_order":0,"comment_status":"closed","ping_status":"closed","template":"","meta":{"_exactmetrics_skip_tracking":false,"_exactmetrics_sitenote_active":false,"_exactmetrics_sitenote_note":"","_exactmetrics_sitenote_category":0,"footnotes":""},"class_list":["post-1123","page","type-page","status-publish","hentry"],"_links":{"self":[{"href":"https:\/\/sfbtm.fr\/jfbtm\/wp-json\/wp\/v2\/pages\/1123","targetHints":{"allow":["GET"]}}],"collection":[{"href":"https:\/\/sfbtm.fr\/jfbtm\/wp-json\/wp\/v2\/pages"}],"about":[{"href":"https:\/\/sfbtm.fr\/jfbtm\/wp-json\/wp\/v2\/types\/page"}],"author":[{"embeddable":true,"href":"https:\/\/sfbtm.fr\/jfbtm\/wp-json\/wp\/v2\/users\/1"}],"replies":[{"embeddable":true,"href":"https:\/\/sfbtm.fr\/jfbtm\/wp-json\/wp\/v2\/comments?post=1123"}],"version-history":[{"count":66,"href":"https:\/\/sfbtm.fr\/jfbtm\/wp-json\/wp\/v2\/pages\/1123\/revisions"}],"predecessor-version":[{"id":2967,"href":"https:\/\/sfbtm.fr\/jfbtm\/wp-json\/wp\/v2\/pages\/1123\/revisions\/2967"}],"up":[{"embeddable":true,"href":"https:\/\/sfbtm.fr\/jfbtm\/wp-json\/wp\/v2\/pages\/675"}],"wp:attachment":[{"href":"https:\/\/sfbtm.fr\/jfbtm\/wp-json\/wp\/v2\/media?parent=1123"}],"curies":[{"name":"wp","href":"https:\/\/api.w.org\/{rel}","templated":true}]}}