{"id":1251,"date":"2019-02-09T11:39:26","date_gmt":"2019-02-09T10:39:26","guid":{"rendered":"http:\/\/sfbtm.fr\/jfbtm\/?page_id=1251"},"modified":"2023-10-19T11:57:47","modified_gmt":"2023-10-19T10:57:47","slug":"bienvenue-aux-20emes-jfbtm","status":"publish","type":"page","link":"https:\/\/sfbtm.fr\/jfbtm\/archives\/bienvenue-aux-20emes-jfbtm\/","title":{"rendered":"Bienvenue aux 20\u00e8mes JFBTM"},"content":{"rendered":"<p>Chers Coll\u00e8gues et Amis,<\/p>\n<p>Nous sommes particuli\u00e8rement heureux de vous accueillir \u00e0 l\u2019occasion des 20<sup>\u00e8mes<\/sup> JFBTMs pour la premi\u00e8re fois \u00e0 Monaco.<\/p>\n<p>Ces journ\u00e9es se d\u00e9roulent \u00e0 l&rsquo;<a href=\"http:\/\/www.novotel.com\/fr\/hotel-5275-novotel-monte-carlo\/index.shtml\" target=\"_blank\" rel=\"noopener\">h\u00f4tel Novotel<\/a>, dans le quartier de <a href=\"https:\/\/www.monte-carlo.mc\/fr\/\" target=\"_blank\" rel=\"noopener\">Monte Carlo<\/a>, au c\u0153ur de Monaco et \u00e0 quelques pas de la gare. La soir\u00e9e de gala se d\u00e9roulera dans le cadre prestigieux du <a href=\"https:\/\/www.oceano.mc\/\" target=\"_blank\" rel=\"noopener\">Mus\u00e9e Oc\u00e9anographique de Monaco<\/a> qui sera pour l&rsquo;occasion privatis\u00e9.<\/p>\n<p>Nous avons pr\u00e9par\u00e9 un programme qui nous l&rsquo;esp\u00e9rons sera \u00e0 la hauteur de ce 20<sup>\u00e8me<\/sup> anniversaire. Ainsi, nous aurons le privil\u00e8ge d&rsquo;accueillir 5 conf\u00e9renciers prestigieux qui nous feront partager leurs connaissances et leurs derni\u00e8res avanc\u00e9es dans leurs domaines d&rsquo;expertise respectifs. Comme tous les ans, les jeunes chercheurs seront \u00e9galement mis en valeur en pr\u00e9sentant leurs travaux sous forme de communications orales et affich\u00e9es s\u00e9lectionn\u00e9es parmi les abstracts par notre <a href=\"http:\/\/sfbtm.fr\/sfbtm\/le-conseil-scientifique\/\" target=\"_blank\" rel=\"noopener\">conseil scientifique<\/a>. La SFBTM attribuera des prix aux meilleures de ces communications.<\/p>\n<p>Pour ceux d&rsquo;entre vous qui souhaiteraient prolonger leur s\u00e9jour, Monaco et ses alentours offrent de nombreuses richesses culturelles, gastronomiques et \u00e9v\u00e8nementielles et l&rsquo;arri\u00e8re pays regorge de possibilit\u00e9s d&rsquo;excursions.<\/p>\n<p>Nous vous souhaitons donc un excellent congr\u00e8s et un tr\u00e8s bon s\u00e9jour \u00e0 Monaco.<\/p>\n<p>Le comit\u00e9 d\u2019organisation<\/p>\n<p>Sylvie Tambutt\u00e9, Claudine Blin, Georges Carle<\/p>\n","protected":false},"excerpt":{"rendered":"<p>Chers Coll\u00e8gues et Amis, Nous sommes particuli\u00e8rement heureux de vous accueillir \u00e0 l\u2019occasion des 20\u00e8mes JFBTMs pour la premi\u00e8re fois \u00e0 Monaco. Ces journ\u00e9es se d\u00e9roulent \u00e0 l&rsquo;h\u00f4tel Novotel, dans le quartier de Monte Carlo, au c\u0153ur de Monaco et \u00e0 quelques pas de la gare. La soir\u00e9e de gala\u2026<\/p>\n<p> <a class=\"continue-reading-link\" href=\"https:\/\/sfbtm.fr\/jfbtm\/archives\/bienvenue-aux-20emes-jfbtm\/\"><span>Lire la suite&#8230;<\/span><i class=\"crycon-right-dir\"><\/i><\/a> <\/p>\n","protected":false},"author":1,"featured_media":0,"parent":537,"menu_order":0,"comment_status":"closed","ping_status":"closed","template":"templates\/template-onecolumn.php","meta":{"_exactmetrics_skip_tracking":false,"_exactmetrics_sitenote_active":false,"_exactmetrics_sitenote_note":"","_exactmetrics_sitenote_category":0,"footnotes":""},"class_list":["post-1251","page","type-page","status-publish","hentry"],"_links":{"self":[{"href":"https:\/\/sfbtm.fr\/jfbtm\/wp-json\/wp\/v2\/pages\/1251","targetHints":{"allow":["GET"]}}],"collection":[{"href":"https:\/\/sfbtm.fr\/jfbtm\/wp-json\/wp\/v2\/pages"}],"about":[{"href":"https:\/\/sfbtm.fr\/jfbtm\/wp-json\/wp\/v2\/types\/page"}],"author":[{"embeddable":true,"href":"https:\/\/sfbtm.fr\/jfbtm\/wp-json\/wp\/v2\/users\/1"}],"replies":[{"embeddable":true,"href":"https:\/\/sfbtm.fr\/jfbtm\/wp-json\/wp\/v2\/comments?post=1251"}],"version-history":[{"count":4,"href":"https:\/\/sfbtm.fr\/jfbtm\/wp-json\/wp\/v2\/pages\/1251\/revisions"}],"predecessor-version":[{"id":2696,"href":"https:\/\/sfbtm.fr\/jfbtm\/wp-json\/wp\/v2\/pages\/1251\/revisions\/2696"}],"up":[{"embeddable":true,"href":"https:\/\/sfbtm.fr\/jfbtm\/wp-json\/wp\/v2\/pages\/537"}],"wp:attachment":[{"href":"https:\/\/sfbtm.fr\/jfbtm\/wp-json\/wp\/v2\/media?parent=1251"}],"curies":[{"name":"wp","href":"https:\/\/api.w.org\/{rel}","templated":true}]}}