{"id":1261,"date":"2019-02-09T11:57:35","date_gmt":"2019-02-09T10:57:35","guid":{"rendered":"http:\/\/sfbtm.fr\/jfbtm\/?page_id=1261"},"modified":"2023-10-19T11:46:38","modified_gmt":"2023-10-19T10:46:38","slug":"infos-pratiques-2019","status":"publish","type":"page","link":"https:\/\/sfbtm.fr\/jfbtm\/archives\/infos-pratiques-2019\/","title":{"rendered":"Informations pratiques &#8211; JFBTM 2019"},"content":{"rendered":"\n<div class=\"wp-block-image\"><figure class=\"alignright is-resized\"><a href=\"http:\/\/www.meteofrance.com\/previsions-meteo-france\/boulogne-sur-mer\/62200\" target=\"_blank\" rel=\"noreferrer noopener\"><img loading=\"lazy\" decoding=\"async\" src=\"https:\/\/sfbtm.fr\/jfbtm\/wp-content\/uploads\/2015\/09\/000027671-150x150.jpg\" alt=\"\" class=\"wp-image-246\" width=\"100\" height=\"100\"\/><\/a><\/figure><\/div>\n\n\n\n<p>Les 21<sup>\u00e8mes<\/sup> JFBTM auront lieu \u00e0 Boulogne-sur-Mer du <strong>5 au 7 Juin 2019.<\/strong><\/p>\n\n\n\n<h4 class=\"wp-block-heading\"><strong>Lieu du congr\u00e8s<\/strong><\/h4>\n\n\n\n<p>Le congr\u00e8s se d\u00e9roulera \u00e0 la <a rel=\"noreferrer noopener\" aria-label=\"Chambre de commerce et d'industrie (CCI) (s\u2019ouvre dans un nouvel onglet)\" href=\"https:\/\/hautsdefrance.cci.fr\/cci-littoral-hauts-de-france\/\" target=\"_blank\">Chambre de commerce et d&rsquo;industrie (CCI)<\/a> du Littoral Hauts-de-France, <a href=\"https:\/\/www.google.fr\/maps\/place\/98+Boulevard+Gambetta,+62200+Boulogne-sur-Mer\/@50.7276498,1.5970526,17z\/data=!3m1!4b1!4m5!3m4!1s0x47dc2c6a5e1d071b:0xf1651ca52ba8fd75!8m2!3d50.7276464!4d1.5992466?hl=fr\" target=\"_blank\" rel=\"noreferrer noopener\" aria-label=\"98 boulevard Gambetta (s\u2019ouvre dans un nouvel onglet)\">98 boulevard Gambetta<\/a> (62200 Boulogne-sur-Mer)<\/p>\n\n\n\n<p>Coordonn\u00e9es GPS : 50.727721, 1.599247<\/p>\n\n\n\n<figure class=\"wp-block-image\"><img loading=\"lazy\" decoding=\"async\" width=\"739\" height=\"569\" src=\"https:\/\/sfbtm.fr\/jfbtm\/wp-content\/uploads\/2019\/02\/CCI_avion.png\" alt=\"\" class=\"wp-image-1278\" srcset=\"https:\/\/sfbtm.fr\/jfbtm\/wp-content\/uploads\/2019\/02\/CCI_avion.png 739w, https:\/\/sfbtm.fr\/jfbtm\/wp-content\/uploads\/2019\/02\/CCI_avion-300x231.png 300w, https:\/\/sfbtm.fr\/jfbtm\/wp-content\/uploads\/2019\/02\/CCI_avion-150x115.png 150w\" sizes=\"auto, (max-width: 739px) 100vw, 739px\" \/><\/figure>\n\n\n\n<h4 class=\"wp-block-heading\"><a rel=\"noreferrer noopener\" href=\"https:\/\/www.monte-carlo.mc\/fr\/tourisme\/acces\/\" target=\"_blank\"><strong>Venir \u00e0 Boulogne-sur-Mer<\/strong><\/a><\/h4>\n\n\n\n<h4 class=\"wp-block-heading\"><strong>Avion<\/strong><\/h4>\n\n\n\n<ul class=\"wp-block-list\"><li>A\u00e9roport Paris, puis TGV direct Paris \u2013 Boulogne sur Mer<\/li><li>A\u00e9roport Lille (Lesquin),&nbsp; puis navette (+\/- toutes les 30 minutes) ou&nbsp; taxi vers gare TGV Lille Europe, puis train direct Lille-Boulogne sur Mer.<\/li><\/ul>\n\n\n\n<h4 class=\"wp-block-heading\"><strong>Train<\/strong><\/h4>\n\n\n\n<ul class=\"wp-block-list\"><li>Depuis Paris, TGV direct Paris Nord-Boulogne ville<\/li><li>Depuis Lille, TGV direct Lille Europe-Boulogne ville<\/li><li>Depuis Calais Fr\u00e9thun, TGV direct Fr\u00e9thun, Boulogne sur Mer.<\/li><\/ul>\n\n\n\n<p>Depuis\nla gare jusqu\u2019\u00e0 la CCI compter 20-25 minutes \u00e0 pieds ou 15-20 minutes en bus\nligne E (fr\u00e9quence&nbsp;: toutes les 20 minutes) <\/p>\n\n\n\n<h4 class=\"wp-block-heading\"><strong>Voiture<\/strong>&nbsp;:<\/h4>\n\n\n\n<p>L\u2019autoroute A16 contourne Boulogne sur Mer. Depuis Lille ou Paris, prendre la sortie 32 (Nausicaa), stationnement gratuit possible sur le front de mer, face \u00e0 l\u2019h\u00f4tel Opal\u2019Inn.<\/p>\n\n\n\n<h4 class=\"wp-block-heading\"><strong>H\u00e9bergement<\/strong><\/h4>\n\n\n\n<p>Plusieurs h\u00f4tels \u00e0 proximit\u00e9 du lieu de congr\u00e8s (CCI de Boulogne). Il n\u2019y a pas de grand complexe h\u00f4telier, donc ne tardez pas trop \u00e0 r\u00e9server.<\/p>\n","protected":false},"excerpt":{"rendered":"<p>Les 21\u00e8mes JFBTM auront lieu \u00e0 Boulogne-sur-Mer du 5 au 7 Juin 2019. Lieu du congr\u00e8s Le congr\u00e8s se d\u00e9roulera \u00e0 la Chambre de commerce et d&rsquo;industrie (CCI) du Littoral Hauts-de-France, 98 boulevard Gambetta (62200 Boulogne-sur-Mer) Coordonn\u00e9es GPS : 50.727721, 1.599247 Venir \u00e0 Boulogne-sur-Mer Avion A\u00e9roport Paris, puis TGV direct\u2026<\/p>\n<p> <a class=\"continue-reading-link\" href=\"https:\/\/sfbtm.fr\/jfbtm\/archives\/infos-pratiques-2019\/\"><span>Lire la suite&#8230;<\/span><i class=\"crycon-right-dir\"><\/i><\/a> <\/p>\n","protected":false},"author":1,"featured_media":0,"parent":537,"menu_order":0,"comment_status":"closed","ping_status":"closed","template":"","meta":{"_exactmetrics_skip_tracking":false,"_exactmetrics_sitenote_active":false,"_exactmetrics_sitenote_note":"","_exactmetrics_sitenote_category":0,"footnotes":""},"class_list":["post-1261","page","type-page","status-publish","hentry"],"_links":{"self":[{"href":"https:\/\/sfbtm.fr\/jfbtm\/wp-json\/wp\/v2\/pages\/1261","targetHints":{"allow":["GET"]}}],"collection":[{"href":"https:\/\/sfbtm.fr\/jfbtm\/wp-json\/wp\/v2\/pages"}],"about":[{"href":"https:\/\/sfbtm.fr\/jfbtm\/wp-json\/wp\/v2\/types\/page"}],"author":[{"embeddable":true,"href":"https:\/\/sfbtm.fr\/jfbtm\/wp-json\/wp\/v2\/users\/1"}],"replies":[{"embeddable":true,"href":"https:\/\/sfbtm.fr\/jfbtm\/wp-json\/wp\/v2\/comments?post=1261"}],"version-history":[{"count":37,"href":"https:\/\/sfbtm.fr\/jfbtm\/wp-json\/wp\/v2\/pages\/1261\/revisions"}],"predecessor-version":[{"id":2907,"href":"https:\/\/sfbtm.fr\/jfbtm\/wp-json\/wp\/v2\/pages\/1261\/revisions\/2907"}],"up":[{"embeddable":true,"href":"https:\/\/sfbtm.fr\/jfbtm\/wp-json\/wp\/v2\/pages\/537"}],"wp:attachment":[{"href":"https:\/\/sfbtm.fr\/jfbtm\/wp-json\/wp\/v2\/media?parent=1261"}],"curies":[{"name":"wp","href":"https:\/\/api.w.org\/{rel}","templated":true}]}}