{"id":1303,"date":"2019-02-09T14:52:22","date_gmt":"2019-02-09T13:52:22","guid":{"rendered":"http:\/\/sfbtm.fr\/jfbtm\/?page_id=1303"},"modified":"2019-11-01T14:14:52","modified_gmt":"2019-11-01T13:14:52","slug":"partenaires-jfbtm-2019","status":"publish","type":"page","link":"https:\/\/sfbtm.fr\/jfbtm\/archives\/partenaires-jfbtm-2019\/","title":{"rendered":"Partenaires &#8211; JFBTM 2019"},"content":{"rendered":"<h1 class=\"entry-title\"><\/h1>\n<div class=\"entry-content\">\n<p>Nous remercions vivement les partenaires qui nous soutiennent d&rsquo;ores et d\u00e9j\u00e0 pour ses 21<sup>\u00e8mes<\/sup>\u00a0JFBTM organis\u00e9es \u00e0 Boulogne-sur-Mer<\/p>\n<p>Si vous souhaitez nous rejoindre, <a href=\"https:\/\/sfbtm.fr\/jfbtm\/sponsoring\/\">cette page<\/a> vous donnera plus de d\u00e9tails.<\/p>\n<\/p>\n<p><em>(Informations suppl\u00e9mentaires \u00e0 venir&#8230;)<\/em><\/p>\n<\/div>\n","protected":false},"excerpt":{"rendered":"<p>Nous remercions vivement les partenaires qui nous soutiennent d&rsquo;ores et d\u00e9j\u00e0 pour ses 21\u00e8mes\u00a0JFBTM organis\u00e9es \u00e0 Boulogne-sur-Mer Si vous souhaitez nous rejoindre, cette page vous donnera plus de d\u00e9tails. (Informations suppl\u00e9mentaires \u00e0 venir&#8230;)<\/p>\n<p> <a class=\"continue-reading-link\" href=\"https:\/\/sfbtm.fr\/jfbtm\/archives\/partenaires-jfbtm-2019\/\"><span>Lire la suite&#8230;<\/span><i class=\"crycon-right-dir\"><\/i><\/a> <\/p>\n","protected":false},"author":1,"featured_media":0,"parent":537,"menu_order":0,"comment_status":"closed","ping_status":"closed","template":"","meta":{"_exactmetrics_skip_tracking":false,"_exactmetrics_sitenote_active":false,"_exactmetrics_sitenote_note":"","_exactmetrics_sitenote_category":0,"footnotes":""},"class_list":["post-1303","page","type-page","status-publish","hentry"],"_links":{"self":[{"href":"https:\/\/sfbtm.fr\/jfbtm\/wp-json\/wp\/v2\/pages\/1303","targetHints":{"allow":["GET"]}}],"collection":[{"href":"https:\/\/sfbtm.fr\/jfbtm\/wp-json\/wp\/v2\/pages"}],"about":[{"href":"https:\/\/sfbtm.fr\/jfbtm\/wp-json\/wp\/v2\/types\/page"}],"author":[{"embeddable":true,"href":"https:\/\/sfbtm.fr\/jfbtm\/wp-json\/wp\/v2\/users\/1"}],"replies":[{"embeddable":true,"href":"https:\/\/sfbtm.fr\/jfbtm\/wp-json\/wp\/v2\/comments?post=1303"}],"version-history":[{"count":11,"href":"https:\/\/sfbtm.fr\/jfbtm\/wp-json\/wp\/v2\/pages\/1303\/revisions"}],"predecessor-version":[{"id":1621,"href":"https:\/\/sfbtm.fr\/jfbtm\/wp-json\/wp\/v2\/pages\/1303\/revisions\/1621"}],"up":[{"embeddable":true,"href":"https:\/\/sfbtm.fr\/jfbtm\/wp-json\/wp\/v2\/pages\/537"}],"wp:attachment":[{"href":"https:\/\/sfbtm.fr\/jfbtm\/wp-json\/wp\/v2\/media?parent=1303"}],"curies":[{"name":"wp","href":"https:\/\/api.w.org\/{rel}","templated":true}]}}