{"id":1563,"date":"2019-11-01T10:23:26","date_gmt":"2019-11-01T09:23:26","guid":{"rendered":"http:\/\/sfbtm.fr\/jfbtm\/?page_id=1563"},"modified":"2021-09-17T11:23:48","modified_gmt":"2021-09-17T10:23:48","slug":"inscription","status":"publish","type":"page","link":"https:\/\/sfbtm.fr\/jfbtm\/inscription\/","title":{"rendered":"Inscription JFBTM 2022"},"content":{"rendered":"<p class=\"p1\">\u00a0<\/p>\n<\/p>\n<p><strong>Pour participer aux JFBTM 2022 \u00e0 La Baule-Escoublac, il faut :<\/strong><\/p>\n<ul>\n<li>vous connecter sur le\u00a0site<\/li>\n<li>vous inscrire en ligne (cas n\u00b02, voir plus bas)<\/li>\n<\/ul>\n<p><span style=\"color: #ff0000;\"><strong>1 &#8211; Connectez-vous sur le site<\/strong><\/span><\/p>\n<ul>\n<li>Si c&rsquo;est votre <strong>premi\u00e8re visite<\/strong>, cr\u00e9ez\u00a0un <a href=\"https:\/\/sfbtm.fr\/jfbtm\/enregistrement\/\">compte utilisateur<\/a>\u00a0(gratuit et rapide)<\/li>\n<li>Si vous \u00eates <strong>d\u00e9j\u00e0 enregistr\u00e9<\/strong>,\u00a0<a href=\"https:\/\/sfbtm.fr\/jfbtm\/login\/\">connectez-vous<\/a>.<\/li>\n<li>Si vous \u00eates d\u00e9j\u00e0 enregistr\u00e9 et que vous avez <strong>oubli\u00e9 votre identifiant<\/strong>, <span style=\"text-decoration: underline;\">n&rsquo;essayez pas de cr\u00e9er un autre compte avec la m\u00eame adresse mail, \u00e7a ne fonctionne pas<\/span>. <a href=\"https:\/\/sfbtm.fr\/jfbtm\/forgot\/\">Cliquez ici<\/a> pour r\u00e9cup\u00e9rer votre identifiant.<\/li>\n<li>Si\u00a0vous avez <strong>oubli\u00e9 votre mot de passe<\/strong>,\u00a0<a href=\"https:\/\/sfbtm.fr\/jfbtm\/reset\/\">r\u00e9initialisez-le<\/a>.<\/li>\n<li>Si\u00a0vous avez oubli\u00e9 votre mot de passe <strong>ET<\/strong> votre identifiant<strong>,<\/strong> <a href=\"https:\/\/sfbtm.fr\/jfbtm\/forgot\/\">retrouver votre identifiant<\/a> <strong>PUIS<\/strong> <a href=\"https:\/\/sfbtm.fr\/jfbtm\/reset\/\">r\u00e9initialisez votre mot de passe.<\/a><\/li>\n<li>Si vous avez besoin d&rsquo;aide, <a href=\"mailto:laurent.beck@inserm.fr\" target=\"_blank\" rel=\"noopener noreferrer\">contacter-nous<\/a><\/li>\n<\/ul>\n<p class=\"p1\"><span style=\"color: #ff0000;\"><strong>2\u00a0&#8211; Inscrivez-vous aux JFBTM<\/strong><\/span><\/p>\n<p class=\"p1\"><a href=\"https:\/\/sfbtm.fr\/jfbtm\/login\/\">Une fois \u00a0connect\u00e9<\/a> vous pourrez vous inscrire aux JFBTM<\/p>\n<h5>\u00a0<\/h5>\n<h5 class=\"p1\"><strong>Tarifs (TTC) pour l&rsquo;inscription aux JFBTM 2022<\/strong><\/h5>\n<div>\u00a0<\/div>\n<table class=\"aligncenter\" style=\"height: 205px; width: 92.6271%;\" border=\"2\" cellspacing=\"2\" cellpadding=\"2\">\n<tbody>\n<tr style=\"height: 46px;\">\n<th style=\"width: 266px; height: 46px;\">\u00a0<\/th>\n<th style=\"width: 132px; height: 46px;\"><strong>Jusqu&rsquo;au 31\/10\/2021<\/strong><\/th>\n<th style=\"width: 125px; height: 46px;\"><strong>Apr\u00e8s le 31\/10\/2021<\/strong><\/th>\n<\/tr>\n<tr style=\"height: 26px;\">\n<td style=\"width: 266px; height: 26px;\">Etudiant\/Post-Doc*<\/td>\n<td style=\"width: 132px; height: 26px;\">\u00a0 \u00a0 \u00a0 350\u20ac<\/td>\n<td style=\"width: 125px; height: 26px;\">Merci de<\/td>\n<\/tr>\n<tr style=\"height: 26px;\">\n<td style=\"width: 266px; height: 26px;\">Chercheur \/ statutaire EPST<\/td>\n<td style=\"width: 132px; height: 26px;\">\u00a0 \u00a0 \u00a0 460\u20ac<\/td>\n<td style=\"width: 125px; height: 26px; text-align: left;\">\u00a0contacter les<\/td>\n<\/tr>\n<tr style=\"height: 26px;\">\n<td style=\"width: 266px; height: 26px;\">Industriel<\/td>\n<td style=\"width: 132px; height: 26px;\">\u00a0 \u00a0 \u00a0 800\u20ac<\/td>\n<td style=\"width: 125px; height: 26px;\">\u00a0organisateurs<\/td>\n<\/tr>\n<tr style=\"height: 66px;\">\n<td style=\"width: 527px; height: 66px;\" colspan=\"3\" rowspan=\"1\">\n<div><span style=\"font-size: 12pt;\"><em>* Joindre une photocopie de la carte d\u2019\u00e9tudiant au moment de l&rsquo;inscription. Pour les post-docs, joindre<\/em><em>\u00a0au paiement une attestation du responsable d&rsquo;\u00e9quipe.<\/em><\/span><\/div>\n<\/td>\n<\/tr>\n<\/tbody>\n<\/table>\n<p style=\"text-align: left;\"><span style=\"color: #000000;\"><em>Les droits d&rsquo;inscription correspondent \u00e0 une formule <span style=\"color: #ff0000;\">\u00ab\u00a0tout compris\u00a0\u00bb<\/span> : acc\u00e8s \u00e0 toutes les sessions scientifiques, \u00e0 la documentation (programme du congr\u00e8s et livre des r\u00e9sum\u00e9s), aux pauses-caf\u00e9, aux diff\u00e9rents repas, au d\u00eener de gala du Jeudi 1er Avril<\/em><\/span><\/p>\n<p>\u00a0<\/p>\n<h5 class=\"p1\"><span style=\"color: #ff0000;\"><strong><span class=\"s1\">Conditions particuli\u00e8res d&rsquo;inscription compte-tenu de l&rsquo;annulation des journ\u00e9es en 2020\/2021 :<\/span><\/strong><\/span><\/h5>\n<h5 class=\"p1\"><span style=\"color: #0080ff;\"><span style=\"color: #ff0000;\"><strong>Dans tous les cas de figures ci dessous, vous devez refaire une proc\u00e9dure d\u2019inscription, et pr\u00e9ciser dans la section ad\u00e9quate votre situation :<\/strong><\/span> <\/span><\/h5>\n<p>\u00a0<\/p>\n<p class=\"p1\"><strong><span class=\"s1\"><span style=\"text-decoration: underline;\">\u2022 Cas n\u00b01 :<\/span> Vous \u00e9tiez inscrits aux JFBTMs 2020\/2021 et vous assisterez aux JFBTMs 2022.<\/span><\/strong><\/p>\n<p class=\"p1\"><span class=\"s1\">-&gt; Vous devez remplir de nouveau la fiche d&rsquo;inscription, vous n&rsquo;avez aucun paiement \u00e0 r\u00e9aliser<\/span><\/p>\n<p class=\"p1\"><strong><span class=\"s1\"><span style=\"text-decoration: underline;\">\u2022 Cas n\u00b02 :<\/span> Vous n&rsquo;\u00e9tiez pas inscrits aux JFBTMs 2020\/2021 et vous souhaitez assister aux JFBTMs 2022.<\/span><\/strong><\/p>\n<p class=\"p1\"><span class=\"s1\">-&gt; Inscrivez-vous sur ce site en suivant les instructions de cette page. <\/span><span class=\"s1\">La date limite d&rsquo;inscription est fix\u00e9e au 31 Octobre 2021.<\/span><\/p>\n<p class=\"p1\"><strong><span class=\"s1\"><span style=\"text-decoration: underline;\">\u2022 Cas n\u00b03 :<\/span> Vous \u00e9tiez inscrits aux JFBTMs 2020\/2021 et vous ne pourrez pas assister aux JFBTMs 2022.<\/span><\/strong><\/p>\n<p class=\"p1\"><span class=\"s1\">-&gt; Merci de vous mettre en contact avec le tr\u00e9sorier <a href=\"mailto:yohann.wittrant@inrae.fr\">Yohann Wittrant<\/a> et le <a href=\"mailto:angelique.galvani@univ-nantes.fr\">comit\u00e9 local d&rsquo;organisation<\/a> au plus tard le 31 Octobre 2021 pour \u00e9changer<\/span><span class=\"s1\"> votre inscription avec un autre membre de votre laboratoire ou avec un nouvel inscrit d\u2019un autre laboratoire (Cas n\u00b02).<\/span><\/p>\n<p>\u00a0<\/p>\n<p style=\"text-align: center;\"><span style=\"background-color: #ffff00;\"><strong>ATTENTION<\/strong><\/span><\/p>\n<p style=\"text-align: center;\"><span style=\"background-color: #ffff00;\"><strong>Il n&rsquo;y a pas de report automatique des communications orales et affich\u00e9es s\u00e9lectionn\u00e9es en 2021 pour les journ\u00e9es de 2022. Un nouveau processus de s\u00e9lection des r\u00e9sum\u00e9s 2021 est effectu\u00e9, vous permettant, le cas \u00e9ch\u00e9ant, d&rsquo;int\u00e9grer les \u00e9volutions de vos travaux depuis la soumission pr\u00e9c\u00e9dente.<\/strong><\/span><\/p>\n<p style=\"text-align: center;\"><span style=\"background-color: #ffff00;\"><strong>En cons\u00e9quence, si vous voulez participer aux JFBTM 2022 en soumettant un r\u00e9sum\u00e9, c&rsquo;est sur <a href=\"https:\/\/sfbtm.fr\/jfbtm\/soumission\/\">cette page<\/a>\u00a0<\/strong><\/span><\/p>\n<p>\n\n\n","protected":false},"excerpt":{"rendered":"<p>\u00a0<\/p>\n<p> <a class=\"continue-reading-link\" href=\"https:\/\/sfbtm.fr\/jfbtm\/inscription\/\"><span>Lire la suite&#8230;<\/span><i class=\"crycon-right-dir\"><\/i><\/a> <\/p>\n","protected":false},"author":1,"featured_media":0,"parent":0,"menu_order":0,"comment_status":"closed","ping_status":"closed","template":"","meta":{"_exactmetrics_skip_tracking":false,"_exactmetrics_sitenote_active":false,"_exactmetrics_sitenote_note":"","_exactmetrics_sitenote_category":0,"footnotes":""},"class_list":["post-1563","page","type-page","status-publish","hentry"],"_links":{"self":[{"href":"https:\/\/sfbtm.fr\/jfbtm\/wp-json\/wp\/v2\/pages\/1563","targetHints":{"allow":["GET"]}}],"collection":[{"href":"https:\/\/sfbtm.fr\/jfbtm\/wp-json\/wp\/v2\/pages"}],"about":[{"href":"https:\/\/sfbtm.fr\/jfbtm\/wp-json\/wp\/v2\/types\/page"}],"author":[{"embeddable":true,"href":"https:\/\/sfbtm.fr\/jfbtm\/wp-json\/wp\/v2\/users\/1"}],"replies":[{"embeddable":true,"href":"https:\/\/sfbtm.fr\/jfbtm\/wp-json\/wp\/v2\/comments?post=1563"}],"version-history":[{"count":39,"href":"https:\/\/sfbtm.fr\/jfbtm\/wp-json\/wp\/v2\/pages\/1563\/revisions"}],"predecessor-version":[{"id":2094,"href":"https:\/\/sfbtm.fr\/jfbtm\/wp-json\/wp\/v2\/pages\/1563\/revisions\/2094"}],"wp:attachment":[{"href":"https:\/\/sfbtm.fr\/jfbtm\/wp-json\/wp\/v2\/media?parent=1563"}],"curies":[{"name":"wp","href":"https:\/\/api.w.org\/{rel}","templated":true}]}}