{"id":1630,"date":"2019-11-01T17:28:07","date_gmt":"2019-11-01T16:28:07","guid":{"rendered":"http:\/\/sfbtm.fr\/jfbtm\/?page_id=1630"},"modified":"2022-06-15T13:01:51","modified_gmt":"2022-06-15T12:01:51","slug":"soumission","status":"publish","type":"page","link":"https:\/\/sfbtm.fr\/jfbtm\/archives\/soumission\/","title":{"rendered":"Soumission JFBTM 2022"},"content":{"rendered":"<p class=\"p1\">\n<p class=\"p1\" style=\"text-align: center;\"><span style=\"font-size: 18pt;\"><strong>Date limite de soumission :<\/strong><\/span><\/p>\n<p class=\"p1\" style=\"text-align: center;\"><span style=\"font-size: 18pt;\"><strong><span style=\"color: #ff0000;\">20 F\u00e9vrier 2022 (minuit)<\/span><\/strong><\/span><\/p>\n<\/p>\n<p>Pour soumettre un r\u00e9sum\u00e9 aux JFBTM, vous devez\u00a0en premier lieu vous connecter sur le site.<\/p>\n<p><strong>1 &#8211; Connectez-vous sur le site<\/strong><\/p>\n<ul>\n<li>Si c&rsquo;est votre premi\u00e8re visite, cr\u00e9ez\u00a0un <a href=\"https:\/\/sfbtm.fr\/jfbtm\/enregistrement\/\">compte utilisateur<\/a>\u00a0(gratuit et rapide)<\/li>\n<li>Si vous \u00eates d\u00e9j\u00e0 enregistr\u00e9,\u00a0<a href=\"https:\/\/sfbtm.fr\/jfbtm\/login\/\">connectez-vous<\/a>.<\/li>\n<li>Si\u00a0vous avez oubli\u00e9 votre mot de passe,\u00a0<a href=\"https:\/\/sfbtm.fr\/jfbtm\/reset\/\">r\u00e9initialisez-le<\/a>.<\/li>\n<li>Si\u00a0vous avez oubli\u00e9 votre nom d&rsquo;utilisateur,\u00a0<a href=\"https:\/\/sfbtm.fr\/jfbtm\/forgot\/\">r\u00e9cup\u00e9rez-le<\/a>.<\/li>\n<li>Si vous avez besoin d&rsquo;aide, <a href=\"mailto:laurent.beck@inserm.fr\" target=\"_blank\" rel=\"noopener noreferrer\">contacter-nous<\/a><\/li>\n<\/ul>\n<p class=\"p1\"><strong>2\u00a0&#8211; Inscrivez-vous aux JFBTM<\/strong><\/p>\n<p class=\"p1\">Une fois connect\u00e9 vous pourrez <a href=\"https:\/\/sfbtm.fr\/jfbtm\/inscription\/\">vous inscrire aux JFBTM<\/a><\/p>\n<p><strong>3 &#8211; Soumettez un r\u00e9sum\u00e9<\/strong><\/p>\n<p>Une fois \u00a0inscrit vous pouvez soumettre un r\u00e9sum\u00e9 si vous le souhaitez.<\/p>\n<div>Instructions de soumission :<\/div>\n<ul>\n<li><span style=\"background-color: #ff0000; color: #ffffff;\"><strong>Merci de ne pas utiliser de caract\u00e8res sp\u00e9ciaux<\/strong><\/span><\/li>\n<li>Langue fran\u00e7aise ou anglaise<\/li>\n<li>Titre en MAJUSCULES (max. <strong>200 caract\u00e8res, espaces compris<\/strong>)<\/li>\n<li>Auteurs (selon format Pr\u00e9nom Nom Affiliation : Jules Hoffman<sup>1<\/sup>, Fran\u00e7oise Barr\u00e9-Sinoussi<sup>1,2<\/sup> et Jacques Monod<sup>3<\/sup>)<\/li>\n<li>Affiliations (selon format \u00ab\u00a0Institut de recherche, Ville, Pays\u00a0\u00bb, pas d&rsquo;adresse postale compl\u00e8te)<\/li>\n<li>R\u00e9sum\u00e9 des travaux\u00a0(max <strong>3000 caract\u00e8res, espaces compris<\/strong>)<\/li>\n<li>Trois mots cl\u00e9s libres<\/li>\n<\/ul>\n<p style=\"text-align: center;\"><span style=\"background-color: #ffff00;\"><strong>Il n&rsquo;y a pas de report automatique des communications orales et affich\u00e9es s\u00e9lectionn\u00e9es en 2021 pour les journ\u00e9es de 2022. Un nouveau processus de s\u00e9lection des r\u00e9sum\u00e9s 2022 est effectu\u00e9, vous permettant, le cas \u00e9ch\u00e9ant, d&rsquo;int\u00e9grer les \u00e9volutions de vos travaux depuis la soumission pr\u00e9c\u00e9dente.<\/strong><\/span><\/p>\n<p>\n\n","protected":false},"excerpt":{"rendered":"<p>Date limite de soumission : 20 F\u00e9vrier 2022 (minuit)<\/p>\n<p> <a class=\"continue-reading-link\" href=\"https:\/\/sfbtm.fr\/jfbtm\/archives\/soumission\/\"><span>Lire la suite&#8230;<\/span><i class=\"crycon-right-dir\"><\/i><\/a> <\/p>\n","protected":false},"author":1,"featured_media":0,"parent":537,"menu_order":0,"comment_status":"closed","ping_status":"closed","template":"","meta":{"_exactmetrics_skip_tracking":false,"_exactmetrics_sitenote_active":false,"_exactmetrics_sitenote_note":"","_exactmetrics_sitenote_category":0,"footnotes":""},"class_list":["post-1630","page","type-page","status-publish","hentry"],"_links":{"self":[{"href":"https:\/\/sfbtm.fr\/jfbtm\/wp-json\/wp\/v2\/pages\/1630","targetHints":{"allow":["GET"]}}],"collection":[{"href":"https:\/\/sfbtm.fr\/jfbtm\/wp-json\/wp\/v2\/pages"}],"about":[{"href":"https:\/\/sfbtm.fr\/jfbtm\/wp-json\/wp\/v2\/types\/page"}],"author":[{"embeddable":true,"href":"https:\/\/sfbtm.fr\/jfbtm\/wp-json\/wp\/v2\/users\/1"}],"replies":[{"embeddable":true,"href":"https:\/\/sfbtm.fr\/jfbtm\/wp-json\/wp\/v2\/comments?post=1630"}],"version-history":[{"count":24,"href":"https:\/\/sfbtm.fr\/jfbtm\/wp-json\/wp\/v2\/pages\/1630\/revisions"}],"predecessor-version":[{"id":2208,"href":"https:\/\/sfbtm.fr\/jfbtm\/wp-json\/wp\/v2\/pages\/1630\/revisions\/2208"}],"up":[{"embeddable":true,"href":"https:\/\/sfbtm.fr\/jfbtm\/wp-json\/wp\/v2\/pages\/537"}],"wp:attachment":[{"href":"https:\/\/sfbtm.fr\/jfbtm\/wp-json\/wp\/v2\/media?parent=1630"}],"curies":[{"name":"wp","href":"https:\/\/api.w.org\/{rel}","templated":true}]}}