{"id":2470,"date":"2022-07-13T11:28:18","date_gmt":"2022-07-13T10:28:18","guid":{"rendered":"https:\/\/sfbtm.fr\/jfbtm\/?page_id=2470"},"modified":"2024-04-25T13:07:42","modified_gmt":"2024-04-25T12:07:42","slug":"informations-pratiques-jfbtm-2023","status":"publish","type":"page","link":"https:\/\/sfbtm.fr\/jfbtm\/archives\/informations-pratiques-jfbtm-2023\/","title":{"rendered":"Informations pratiques &#8211; JFBTM 2023"},"content":{"rendered":"\n<p>S\u00e8te du 27 au 29 avril 2023<\/p>\n\n\n\n<p><\/p>\n\n\n\n<p><\/p>\n\n\n\n<h4 class=\"wp-block-heading\"><strong>Lieu du congr\u00e8s<\/strong><\/h4>\n\n\n\n<div class=\"wp-block-columns is-layout-flex wp-container-core-columns-is-layout-9d6595d7 wp-block-columns-is-layout-flex\">\n<div class=\"wp-block-column is-layout-flow wp-block-column-is-layout-flow\" style=\"flex-basis:100%\">\n<p>Le congr\u00e8s aura lieu au domaine de Lazaret \u00e0 S\u00e8te<\/p>\n\n\n\n<p><\/p>\n<\/div>\n<\/div>\n\n\n\n<p><\/p>\n\n\n\n<div class=\"wp-block-columns is-layout-flex wp-container-core-columns-is-layout-9d6595d7 wp-block-columns-is-layout-flex\">\n<div class=\"wp-block-column is-layout-flow wp-block-column-is-layout-flow\" style=\"flex-basis:66.66%\">\n<figure class=\"wp-block-gallery has-nested-images columns-default is-cropped wp-block-gallery-1 is-layout-flex wp-block-gallery-is-layout-flex\"><\/figure>\n<\/div>\n\n\n\n<div class=\"wp-block-column is-layout-flow wp-block-column-is-layout-flow\" style=\"flex-basis:33.33%\"><\/div>\n<\/div>\n\n\n\n<div class=\"wp-block-buttons is-layout-flex wp-block-buttons-is-layout-flex\">\n<div class=\"wp-block-button has-custom-font-size is-style-outline has-small-font-size is-style-outline--2\"><a class=\"wp-block-button__link has-light-green-cyan-background-color has-background wp-element-button\" href=\"https:\/\/en.tourisme-sete.com\/\" target=\"_blank\" rel=\"noreferrer noopener\">Venir \u00e0 S\u00e8te<\/a><\/div>\n<\/div>\n\n\n\n<h4 class=\"wp-block-heading\"><\/h4>\n\n\n\n\n\n\n\n<p class=\"has-small-font-size\"><\/p>\n\n\n\n<p><\/p>\n\n\n\n<p><\/p>\n\n\n\n<p><\/p>\n\n\n\n<h4 class=\"wp-block-heading\"><strong>En Avion<\/strong><\/h4>\n\n\n\n<p>L\u2019a\u00e9roport de Montpellier M\u00e9diterran\u00e9e est situ\u00e9 \u00e0 environ 40 km de S\u00e8te.<\/p>\n\n\n\n<p>Liaisons directes \u00e0 <strong>:<\/strong> Ajaccio, Bastia, Bordeaux, Brest, Caen, Lille, Nantes, Paris, Rennes, Strasbourg.<\/p>\n\n\n\n<ul class=\"wp-block-list\">\n<li>La navette A\u00e9roport (ligne 620) rejoint le Tram Ligne 1, Arr\u00eat \u00ab&nbsp;Place de l\u2019Europe&nbsp;\u00bb, puis le tram vous am\u00e8ne \u00e0 la gare Montpellier Saint Roch. Tarif&nbsp;: Navette + Tram = 2,6 \u20ac.<\/li>\n\n\n\n<li>Navettes toutes les 30 minutes entre 8h30 et 20h30.&nbsp; Compter 25 minutes de navette puis 15 minutes de tram.<\/li>\n<\/ul>\n\n\n\n<h4 class=\"wp-block-heading\"><strong>De la gare de S\u00e8te au Domaine du Lazaret <\/strong><\/h4>\n\n\n\n<p>Le Domaine du Lazaret est situ\u00e9 sur la corniche de S\u00e8te, face \u00e0 la mer, et \u00e0 4 km de la gare de S\u00e8te. <\/p>\n\n\n\n<p><\/p>\n\n\n\n<div class=\"wp-block-columns is-layout-flex wp-container-core-columns-is-layout-9d6595d7 wp-block-columns-is-layout-flex\">\n<div class=\"wp-block-column is-layout-flow wp-block-column-is-layout-flow\" style=\"flex-basis:66.66%\"><\/div>\n\n\n\n<div class=\"wp-block-column is-layout-flow wp-block-column-is-layout-flow\" style=\"flex-basis:33.33%\">\n<p class=\"has-small-font-size\"><\/p>\n<\/div>\n<\/div>\n\n\n\n<p><\/p>\n\n\n\n\n\n<h4 class=\"wp-block-heading\"><strong>Votre s\u00e9jour<\/strong><\/h4>\n\n\n\n<p><\/p>\n\n\n\n<p><strong>Pour vous inscrire au congr\u00e8s <a rel=\"noreferrer noopener\" href=\"https:\/\/sfbtm.fr\/jfbtm\/inscription-jfbtm-2023\/\" target=\"_blank\">cliquez ici<\/a><\/strong><\/p>\n\n\n\n<p><\/p>\n\n\n\n<p><\/p>\n\n\n\n<p><\/p>\n","protected":false},"excerpt":{"rendered":"<p>S\u00e8te du 27 au 29 avril 2023 Lieu du congr\u00e8s Le congr\u00e8s aura lieu au domaine de Lazaret \u00e0 S\u00e8te En Avion L\u2019a\u00e9roport de Montpellier M\u00e9diterran\u00e9e est situ\u00e9 \u00e0 environ 40 km de S\u00e8te. Liaisons directes \u00e0 : Ajaccio, Bastia, Bordeaux, Brest, Caen, Lille, Nantes, Paris, Rennes, Strasbourg. De la\u2026<\/p>\n<p> <a class=\"continue-reading-link\" href=\"https:\/\/sfbtm.fr\/jfbtm\/archives\/informations-pratiques-jfbtm-2023\/\"><span>Lire la suite&#8230;<\/span><i class=\"crycon-right-dir\"><\/i><\/a> <\/p>\n","protected":false},"author":2,"featured_media":0,"parent":537,"menu_order":0,"comment_status":"closed","ping_status":"closed","template":"","meta":{"_exactmetrics_skip_tracking":false,"_exactmetrics_sitenote_active":false,"_exactmetrics_sitenote_note":"","_exactmetrics_sitenote_category":0,"footnotes":""},"class_list":["post-2470","page","type-page","status-publish","hentry"],"_links":{"self":[{"href":"https:\/\/sfbtm.fr\/jfbtm\/wp-json\/wp\/v2\/pages\/2470","targetHints":{"allow":["GET"]}}],"collection":[{"href":"https:\/\/sfbtm.fr\/jfbtm\/wp-json\/wp\/v2\/pages"}],"about":[{"href":"https:\/\/sfbtm.fr\/jfbtm\/wp-json\/wp\/v2\/types\/page"}],"author":[{"embeddable":true,"href":"https:\/\/sfbtm.fr\/jfbtm\/wp-json\/wp\/v2\/users\/2"}],"replies":[{"embeddable":true,"href":"https:\/\/sfbtm.fr\/jfbtm\/wp-json\/wp\/v2\/comments?post=2470"}],"version-history":[{"count":43,"href":"https:\/\/sfbtm.fr\/jfbtm\/wp-json\/wp\/v2\/pages\/2470\/revisions"}],"predecessor-version":[{"id":3138,"href":"https:\/\/sfbtm.fr\/jfbtm\/wp-json\/wp\/v2\/pages\/2470\/revisions\/3138"}],"up":[{"embeddable":true,"href":"https:\/\/sfbtm.fr\/jfbtm\/wp-json\/wp\/v2\/pages\/537"}],"wp:attachment":[{"href":"https:\/\/sfbtm.fr\/jfbtm\/wp-json\/wp\/v2\/media?parent=2470"}],"curies":[{"name":"wp","href":"https:\/\/api.w.org\/{rel}","templated":true}]}}