{"id":2473,"date":"2022-07-13T12:12:44","date_gmt":"2022-07-13T11:12:44","guid":{"rendered":"https:\/\/sfbtm.fr\/jfbtm\/?page_id=2473"},"modified":"2023-11-30T15:41:18","modified_gmt":"2023-11-30T14:41:18","slug":"partenaires-2","status":"publish","type":"page","link":"https:\/\/sfbtm.fr\/jfbtm\/archives\/partenaires-2\/","title":{"rendered":"Partenaires -JFBTM 2023"},"content":{"rendered":"<h1 class=\"entry-title\">\u00a0<\/h1>\n<div class=\"entry-content\">\n<p>Nous remercions vivement les partenaires qui nous soutiennent d&rsquo;ores et d\u00e9j\u00e0 pour ses 23<sup>\u00e8mes<\/sup> JFBTM organis\u00e9es \u00e0 S\u00e8te en 2023<\/p>\n<p>Si vous souhaitez nous rejoindre, <a href=\"https:\/\/sfbtm.fr\/jfbtm\/sponsoring\/\">cette page<\/a> vous donnera plus de d\u00e9tails.<\/p>\n<p><em>(Informations suppl\u00e9mentaires \u00e0 venir&#8230;)<\/em><\/p>\n<\/div>\n<hr \/>\n<div class=\"entry-content\" data-wp-editing=\"1\">\u00a0<\/div>\n\n\n<figure class=\"wp-block-image size-large\"><a href=\"https:\/\/sfbtm.fr\/jfbtm\/wp-content\/uploads\/2023\/05\/partenaires.jpeg\"><img loading=\"lazy\" decoding=\"async\" width=\"1024\" height=\"606\" src=\"https:\/\/sfbtm.fr\/jfbtm\/wp-content\/uploads\/2023\/05\/partenaires-1024x606.jpeg\" alt=\"\" class=\"wp-image-2760\" srcset=\"https:\/\/sfbtm.fr\/jfbtm\/wp-content\/uploads\/2023\/05\/partenaires-1024x606.jpeg 1024w, https:\/\/sfbtm.fr\/jfbtm\/wp-content\/uploads\/2023\/05\/partenaires-300x178.jpeg 300w, https:\/\/sfbtm.fr\/jfbtm\/wp-content\/uploads\/2023\/05\/partenaires-768x455.jpeg 768w, https:\/\/sfbtm.fr\/jfbtm\/wp-content\/uploads\/2023\/05\/partenaires-150x89.jpeg 150w, https:\/\/sfbtm.fr\/jfbtm\/wp-content\/uploads\/2023\/05\/partenaires.jpeg 1514w\" sizes=\"auto, (max-width: 1024px) 100vw, 1024px\" \/><\/a><\/figure>\n","protected":false},"excerpt":{"rendered":"<p>\u00a0 Nous remercions vivement les partenaires qui nous soutiennent d&rsquo;ores et d\u00e9j\u00e0 pour ses 23\u00e8mes JFBTM organis\u00e9es \u00e0 S\u00e8te en 2023 Si vous souhaitez nous rejoindre, cette page vous donnera plus de d\u00e9tails. (Informations suppl\u00e9mentaires \u00e0 venir&#8230;) \u00a0<\/p>\n<p> <a class=\"continue-reading-link\" href=\"https:\/\/sfbtm.fr\/jfbtm\/archives\/partenaires-2\/\"><span>Lire la suite&#8230;<\/span><i class=\"crycon-right-dir\"><\/i><\/a> <\/p>\n","protected":false},"author":2,"featured_media":0,"parent":537,"menu_order":0,"comment_status":"closed","ping_status":"closed","template":"","meta":{"_exactmetrics_skip_tracking":false,"_exactmetrics_sitenote_active":false,"_exactmetrics_sitenote_note":"","_exactmetrics_sitenote_category":0,"footnotes":""},"class_list":["post-2473","page","type-page","status-publish","hentry"],"_links":{"self":[{"href":"https:\/\/sfbtm.fr\/jfbtm\/wp-json\/wp\/v2\/pages\/2473","targetHints":{"allow":["GET"]}}],"collection":[{"href":"https:\/\/sfbtm.fr\/jfbtm\/wp-json\/wp\/v2\/pages"}],"about":[{"href":"https:\/\/sfbtm.fr\/jfbtm\/wp-json\/wp\/v2\/types\/page"}],"author":[{"embeddable":true,"href":"https:\/\/sfbtm.fr\/jfbtm\/wp-json\/wp\/v2\/users\/2"}],"replies":[{"embeddable":true,"href":"https:\/\/sfbtm.fr\/jfbtm\/wp-json\/wp\/v2\/comments?post=2473"}],"version-history":[{"count":9,"href":"https:\/\/sfbtm.fr\/jfbtm\/wp-json\/wp\/v2\/pages\/2473\/revisions"}],"predecessor-version":[{"id":2984,"href":"https:\/\/sfbtm.fr\/jfbtm\/wp-json\/wp\/v2\/pages\/2473\/revisions\/2984"}],"up":[{"embeddable":true,"href":"https:\/\/sfbtm.fr\/jfbtm\/wp-json\/wp\/v2\/pages\/537"}],"wp:attachment":[{"href":"https:\/\/sfbtm.fr\/jfbtm\/wp-json\/wp\/v2\/media?parent=2473"}],"curies":[{"name":"wp","href":"https:\/\/api.w.org\/{rel}","templated":true}]}}