{"id":2792,"date":"2023-10-10T16:45:48","date_gmt":"2023-10-10T15:45:48","guid":{"rendered":"https:\/\/sfbtm.fr\/jfbtm\/?page_id=2792"},"modified":"2024-10-22T07:52:55","modified_gmt":"2024-10-22T06:52:55","slug":"informations-pratiques-jfbtm-2024","status":"publish","type":"page","link":"https:\/\/sfbtm.fr\/jfbtm\/archives\/informations-pratiques-jfbtm-2024\/","title":{"rendered":"Informations pratiques &#8211; JFBTM 2024"},"content":{"rendered":"\n<p><\/p>\n\n\n\n<p><\/p>\n\n\n\n<p>Les 25<sup>\u00e8mes<\/sup>&nbsp;JFBTM auront lieu du&nbsp;<strong>24 au 26 Avril 2024 <\/strong><\/p>\n\n\n\n<h4 class=\"wp-block-heading\"><strong>Lieu du congr\u00e8s<\/strong><\/h4>\n\n\n\n<div class=\"wp-block-columns is-layout-flex wp-container-core-columns-is-layout-9d6595d7 wp-block-columns-is-layout-flex\">\n<div class=\"wp-block-column is-layout-flow wp-block-column-is-layout-flow\" style=\"flex-basis:100%\">\n<p>Le congr\u00e8s aura lieu \u00e0 cot\u00e9 de Bordeaux, \u00e0 Talence<\/p>\n\n\n\n<p>Agora du Haut-Carr\u00e9 &#8211;&nbsp;43 rue Pierre Noailles &#8211; 33405 Talence&nbsp;<\/p>\n\n\n\n<p><\/p>\n\n\n\n<div class=\"wp-block-columns are-vertically-aligned-center is-layout-flex wp-container-core-columns-is-layout-9d6595d7 wp-block-columns-is-layout-flex\">\n<div class=\"wp-block-column is-vertically-aligned-center is-layout-flow wp-block-column-is-layout-flow\" style=\"flex-basis:200%\">\n<iframe src=\"https:\/\/www.google.com\/maps\/embed?pb=!1m14!1m8!1m3!1d22644.099470561378!2d-0.5979186!3d44.8111242!3m2!1i1024!2i768!4f13.1!3m3!1m2!1s0xd55277f32aacd9b%3A0x9037a1fcfc901a45!2sSalle%20Agora%20du%20Haut-Carr%C3%A9%20-%20Universit%C3%A9%20de%20Bordeaux!5e0!3m2!1sen!2sfr!4v1697710698485!5m2!1sen!2sfr\" width=\"600\" height=\"450\" style=\"border:0;\" allowfullscreen=\"\" loading=\"lazy\" referrerpolicy=\"no-referrer-when-downgrade\"><\/iframe>\n<\/div>\n<\/div>\n<\/div>\n<\/div>\n\n\n\n<div class=\"wp-block-buttons is-layout-flex wp-block-buttons-is-layout-flex\">\n<div class=\"wp-block-button has-custom-font-size is-style-outline has-small-font-size is-style-outline--1\"><a class=\"wp-block-button__link has-light-green-cyan-background-color has-background wp-element-button\">Venir \u00e0 Bordeaux<\/a><\/div>\n<\/div>\n\n\n\n<h4 class=\"wp-block-heading\"><strong>En train<\/strong><\/h4>\n\n\n\n<p><strong>Gare Bordeaux Saint-Jean<\/strong><\/p>\n<p><a href=\"https:\/\/www.sncf-connect.com\/\" target=\"_blank\" rel=\"noopener\">https:\/\/www.sncf-connect.com\/<\/a><\/p>\n\n\n\n\n\n<p class=\"has-small-font-size\">Direct depuis Paris (2-3H de TGV)<\/p>\n\n\n\n<p>Direct depuis Tours, Poitiers, La Rochelle<\/p>\n\n\n\n<p><\/p>\n\n\n\n<p><\/p>\n\n\n\n<p><strong>En Avion<\/strong><\/p>\n\n\n\n<p>L\u2019a\u00e9roport de Bordeaux se trouve sur la commune de M\u00e9rignac. La ligne A du tramway permet de relier le centre ville de Bordeaux en 45 min environ.<\/p>\n\n\n\n<p><a href=\"https:\/\/www.infotbm.com\/fr\/plans\/plan-dynamique\/lines\/A\" target=\"_blank\" rel=\"noreferrer noopener\">https:\/\/www.infotbm.com\/fr\/plans\/plan-dynamique\/lines\/A<\/a><\/p>\n\n\n\n<p>Liaisons directes depuis les principales grandes villes de France.<\/p>\n\n\n\n<ul class=\"wp-block-list\">\n<li><\/li>\n<\/ul>\n\n\n\n<h4 class=\"wp-block-heading\"><strong>De la gare <\/strong>ou de l&rsquo;a\u00e9roport jusqu&rsquo;au domaine du Haut-Carr\u00e9 \u00e0 Talence<\/h4>\n\n\n\n<p>Le Domaine du Haut-Carr\u00e9 est situ\u00e9 sur la commune de Talence. Il est desservi par les tram B et le bus 73. Vous pouvez v\u00e9rifier votre itin\u00e9raire sur le site des transports en commun de la Communaut\u00e9 Urbaine de Bordeaux:<\/p>\n\n\n\n<p><a href=\"https:\/\/www.infotbm.com\/fr\/itineraires\/\" target=\"_blank\" rel=\"noreferrer noopener\">https:\/\/www.infotbm.com\/fr\/itineraires\/ <\/a><\/p>\n\n\n\n<p>ou t\u00e9l\u00e9charger <a href=\"https:\/\/sfbtm.fr\/jfbtm\/wp-content\/uploads\/2023\/10\/PLAN_TRAM-annote-2.pdf\" target=\"_blank\" rel=\"noreferrer noopener\">le plan de tram<\/a> <\/p>\n\n\n\n<p><\/p>\n\n\n\n<figure class=\"wp-block-image size-large\"><a href=\"https:\/\/sfbtm.fr\/jfbtm\/wp-content\/uploads\/2023\/10\/Plan-Tram-Bordeaux.jpeg\"><img loading=\"lazy\" decoding=\"async\" width=\"873\" height=\"870\" src=\"https:\/\/sfbtm.fr\/jfbtm\/wp-content\/uploads\/2023\/10\/Plan-Tram-Bordeaux.jpeg\" alt=\"\" class=\"wp-image-2869\" srcset=\"https:\/\/sfbtm.fr\/jfbtm\/wp-content\/uploads\/2023\/10\/Plan-Tram-Bordeaux.jpeg 873w, https:\/\/sfbtm.fr\/jfbtm\/wp-content\/uploads\/2023\/10\/Plan-Tram-Bordeaux-300x300.jpeg 300w, https:\/\/sfbtm.fr\/jfbtm\/wp-content\/uploads\/2023\/10\/Plan-Tram-Bordeaux-150x150.jpeg 150w, https:\/\/sfbtm.fr\/jfbtm\/wp-content\/uploads\/2023\/10\/Plan-Tram-Bordeaux-768x765.jpeg 768w\" sizes=\"auto, (max-width: 873px) 100vw, 873px\" \/><\/a><figcaption class=\"wp-element-caption\">Plan du Tram Bordelais<\/figcaption><\/figure>\n\n\n\n<div class=\"wp-block-columns is-layout-flex wp-container-core-columns-is-layout-9d6595d7 wp-block-columns-is-layout-flex\">\n<div class=\"wp-block-column is-layout-flow wp-block-column-is-layout-flow\" style=\"flex-basis:66.66%\"><\/div>\n\n\n\n<div class=\"wp-block-column is-layout-flow wp-block-column-is-layout-flow\" style=\"flex-basis:33.33%\">\n<p class=\"has-small-font-size\"><\/p>\n<\/div>\n<\/div>\n\n\n\n<p><\/p>\n\n\n\n<h4 class=\"wp-block-heading\"><strong>Votre s\u00e9jour<\/strong><\/h4>\n\n\n\n<p>Nous vous laissons r\u00e9server un h\u00f4tel de votre choix parmi les h\u00f4tels sur Bordeaux et Talence.<\/p>\n\n\n\n<p>Nous vous conseillons de prendre un h\u00f4tel dans le centre ville de Bordeaux vers Meriadeck et la place Pey Berland car les lignes de tram A et B sont proches pour vous d\u00e9placer facilement.<\/p>\n\n\n\n<p>Voici une liste non exhaustive d&rsquo;h\u00f4tels dans Bordeaux Centre avec leurs prix.<\/p>\n\n\n\n<figure class=\"wp-block-image size-large\"><a href=\"https:\/\/sfbtm.fr\/jfbtm\/wp-content\/uploads\/2023\/11\/Hotels-Bordeaux-Centre-1.pdf\"><img loading=\"lazy\" decoding=\"async\" width=\"1024\" height=\"576\" src=\"https:\/\/sfbtm.fr\/jfbtm\/wp-content\/uploads\/2023\/11\/Hotels-Bordeaux-Centre-1-pdf-1024x576.jpg\" alt=\"\" class=\"wp-image-2978\"\/><\/a><\/figure>\n\n\n\n<p><strong>Pour vous inscrire au congr\u00e8s <a href=\"https:\/\/sfbtm.fr\/jfbtm\/inscription-jfbtm-2024\/\" target=\"_blank\" rel=\"noreferrer noopener\">cliquez ici<\/a><\/strong><\/p>\n\n\n\n<p><\/p>\n\n\n\n<p><\/p>\n\n\n\n<p><\/p>\n","protected":false},"excerpt":{"rendered":"<p>Les 25\u00e8mes&nbsp;JFBTM auront lieu du&nbsp;24 au 26 Avril 2024 Lieu du congr\u00e8s Le congr\u00e8s aura lieu \u00e0 cot\u00e9 de Bordeaux, \u00e0 Talence Agora du Haut-Carr\u00e9 &#8211;&nbsp;43 rue Pierre Noailles &#8211; 33405 Talence&nbsp; En train Gare Bordeaux Saint-Jean https:\/\/www.sncf-connect.com\/ Direct depuis Paris (2-3H de TGV) Direct depuis Tours, Poitiers, La Rochelle\u2026<\/p>\n<p> <a class=\"continue-reading-link\" href=\"https:\/\/sfbtm.fr\/jfbtm\/archives\/informations-pratiques-jfbtm-2024\/\"><span>Lire la suite&#8230;<\/span><i class=\"crycon-right-dir\"><\/i><\/a> <\/p>\n","protected":false},"author":2,"featured_media":0,"parent":537,"menu_order":0,"comment_status":"closed","ping_status":"closed","template":"templates\/template-onecolumn.php","meta":{"_exactmetrics_skip_tracking":false,"_exactmetrics_sitenote_active":false,"_exactmetrics_sitenote_note":"","_exactmetrics_sitenote_category":0,"footnotes":""},"class_list":["post-2792","page","type-page","status-publish","hentry"],"_links":{"self":[{"href":"https:\/\/sfbtm.fr\/jfbtm\/wp-json\/wp\/v2\/pages\/2792","targetHints":{"allow":["GET"]}}],"collection":[{"href":"https:\/\/sfbtm.fr\/jfbtm\/wp-json\/wp\/v2\/pages"}],"about":[{"href":"https:\/\/sfbtm.fr\/jfbtm\/wp-json\/wp\/v2\/types\/page"}],"author":[{"embeddable":true,"href":"https:\/\/sfbtm.fr\/jfbtm\/wp-json\/wp\/v2\/users\/2"}],"replies":[{"embeddable":true,"href":"https:\/\/sfbtm.fr\/jfbtm\/wp-json\/wp\/v2\/comments?post=2792"}],"version-history":[{"count":28,"href":"https:\/\/sfbtm.fr\/jfbtm\/wp-json\/wp\/v2\/pages\/2792\/revisions"}],"predecessor-version":[{"id":3091,"href":"https:\/\/sfbtm.fr\/jfbtm\/wp-json\/wp\/v2\/pages\/2792\/revisions\/3091"}],"up":[{"embeddable":true,"href":"https:\/\/sfbtm.fr\/jfbtm\/wp-json\/wp\/v2\/pages\/537"}],"wp:attachment":[{"href":"https:\/\/sfbtm.fr\/jfbtm\/wp-json\/wp\/v2\/media?parent=2792"}],"curies":[{"name":"wp","href":"https:\/\/api.w.org\/{rel}","templated":true}]}}