{"id":2803,"date":"2023-10-10T16:56:37","date_gmt":"2023-10-10T15:56:37","guid":{"rendered":"https:\/\/sfbtm.fr\/jfbtm\/?page_id=2803"},"modified":"2024-10-22T08:29:39","modified_gmt":"2024-10-22T07:29:39","slug":"partenaires-jfbtm-2024","status":"publish","type":"page","link":"https:\/\/sfbtm.fr\/jfbtm\/archives\/partenaires-jfbtm-2024\/","title":{"rendered":"Partenaires -JFBTM 2024"},"content":{"rendered":"<h3 class=\"entry-title\"><span style=\"font-size: revert; color: initial;\">Nous remercions vivement les partenaires qui nous soutiennent pour ces 24<\/span><sup style=\"color: initial;\">\u00e8mes<\/sup><span style=\"font-size: revert; color: initial;\"> JFBTM organis\u00e9es \u00e0 Bordeaux en 2024.<\/span><\/h3>\n<div class=\"entry-content\">\n<p>Si vous souhaitez nous rejoindre, <a href=\"https:\/\/sfbtm.fr\/jfbtm\/sponsoring\/\">cette page<\/a> vous donnera plus de d\u00e9tails.<\/p>\n<\/div>\n\n\n<figure class=\"wp-block-image size-large\"><a href=\"https:\/\/sfbtm.fr\/jfbtm\/wp-content\/uploads\/2024\/04\/Diapositive1.jpg\"><img loading=\"lazy\" decoding=\"async\" width=\"1024\" height=\"576\" src=\"https:\/\/sfbtm.fr\/jfbtm\/wp-content\/uploads\/2024\/04\/Diapositive1-1024x576.jpg\" alt=\"\" class=\"wp-image-3128\" srcset=\"https:\/\/sfbtm.fr\/jfbtm\/wp-content\/uploads\/2024\/04\/Diapositive1-1024x576.jpg 1024w, https:\/\/sfbtm.fr\/jfbtm\/wp-content\/uploads\/2024\/04\/Diapositive1-300x169.jpg 300w, https:\/\/sfbtm.fr\/jfbtm\/wp-content\/uploads\/2024\/04\/Diapositive1-768x432.jpg 768w, https:\/\/sfbtm.fr\/jfbtm\/wp-content\/uploads\/2024\/04\/Diapositive1-150x84.jpg 150w, https:\/\/sfbtm.fr\/jfbtm\/wp-content\/uploads\/2024\/04\/Diapositive1.jpg 1280w\" sizes=\"auto, (max-width: 1024px) 100vw, 1024px\" \/><\/a><\/figure>\n\n\n\n<figure class=\"wp-block-image size-large\"><a href=\"https:\/\/sfbtm.fr\/jfbtm\/wp-content\/uploads\/2024\/04\/sponsors-au-19-04-2024-avec-LLC-rowiak.jpg\"><img loading=\"lazy\" decoding=\"async\" width=\"1024\" height=\"576\" src=\"https:\/\/sfbtm.fr\/jfbtm\/wp-content\/uploads\/2024\/04\/sponsors-au-19-04-2024-avec-LLC-rowiak-1024x576.jpg\" alt=\"\" class=\"wp-image-3133\" srcset=\"https:\/\/sfbtm.fr\/jfbtm\/wp-content\/uploads\/2024\/04\/sponsors-au-19-04-2024-avec-LLC-rowiak-1024x576.jpg 1024w, https:\/\/sfbtm.fr\/jfbtm\/wp-content\/uploads\/2024\/04\/sponsors-au-19-04-2024-avec-LLC-rowiak-300x169.jpg 300w, https:\/\/sfbtm.fr\/jfbtm\/wp-content\/uploads\/2024\/04\/sponsors-au-19-04-2024-avec-LLC-rowiak-768x432.jpg 768w, https:\/\/sfbtm.fr\/jfbtm\/wp-content\/uploads\/2024\/04\/sponsors-au-19-04-2024-avec-LLC-rowiak-150x84.jpg 150w, https:\/\/sfbtm.fr\/jfbtm\/wp-content\/uploads\/2024\/04\/sponsors-au-19-04-2024-avec-LLC-rowiak.jpg 1280w\" sizes=\"auto, (max-width: 1024px) 100vw, 1024px\" \/><\/a><\/figure>\n","protected":false},"excerpt":{"rendered":"<p>Nous remercions vivement les partenaires qui nous soutiennent pour ces 24\u00e8mes JFBTM organis\u00e9es \u00e0 Bordeaux en 2024. Si vous souhaitez nous rejoindre, cette page vous donnera plus de d\u00e9tails.<\/p>\n<p> <a class=\"continue-reading-link\" href=\"https:\/\/sfbtm.fr\/jfbtm\/archives\/partenaires-jfbtm-2024\/\"><span>Lire la suite&#8230;<\/span><i class=\"crycon-right-dir\"><\/i><\/a> <\/p>\n","protected":false},"author":2,"featured_media":0,"parent":537,"menu_order":0,"comment_status":"closed","ping_status":"closed","template":"templates\/template-onecolumn.php","meta":{"_exactmetrics_skip_tracking":false,"_exactmetrics_sitenote_active":false,"_exactmetrics_sitenote_note":"","_exactmetrics_sitenote_category":0,"footnotes":""},"class_list":["post-2803","page","type-page","status-publish","hentry"],"_links":{"self":[{"href":"https:\/\/sfbtm.fr\/jfbtm\/wp-json\/wp\/v2\/pages\/2803","targetHints":{"allow":["GET"]}}],"collection":[{"href":"https:\/\/sfbtm.fr\/jfbtm\/wp-json\/wp\/v2\/pages"}],"about":[{"href":"https:\/\/sfbtm.fr\/jfbtm\/wp-json\/wp\/v2\/types\/page"}],"author":[{"embeddable":true,"href":"https:\/\/sfbtm.fr\/jfbtm\/wp-json\/wp\/v2\/users\/2"}],"replies":[{"embeddable":true,"href":"https:\/\/sfbtm.fr\/jfbtm\/wp-json\/wp\/v2\/comments?post=2803"}],"version-history":[{"count":13,"href":"https:\/\/sfbtm.fr\/jfbtm\/wp-json\/wp\/v2\/pages\/2803\/revisions"}],"predecessor-version":[{"id":3135,"href":"https:\/\/sfbtm.fr\/jfbtm\/wp-json\/wp\/v2\/pages\/2803\/revisions\/3135"}],"up":[{"embeddable":true,"href":"https:\/\/sfbtm.fr\/jfbtm\/wp-json\/wp\/v2\/pages\/537"}],"wp:attachment":[{"href":"https:\/\/sfbtm.fr\/jfbtm\/wp-json\/wp\/v2\/media?parent=2803"}],"curies":[{"name":"wp","href":"https:\/\/api.w.org\/{rel}","templated":true}]}}