{"id":2808,"date":"2023-10-10T17:01:57","date_gmt":"2023-10-10T16:01:57","guid":{"rendered":"https:\/\/sfbtm.fr\/jfbtm\/?page_id=2808"},"modified":"2025-01-17T15:39:33","modified_gmt":"2025-01-17T14:39:33","slug":"programme-des-jfbtm-2024","status":"publish","type":"page","link":"https:\/\/sfbtm.fr\/jfbtm\/archives\/programme-des-jfbtm-2024\/","title":{"rendered":"Programme des JFBTM 2024"},"content":{"rendered":"\n<figure class=\"wp-block-image size-full\"><a href=\"https:\/\/sfbtm.fr\/jfbtm\/wp-content\/uploads\/2024\/01\/Pre-programme-24-01-24.jpg\"><img loading=\"lazy\" decoding=\"async\" width=\"720\" height=\"960\" src=\"https:\/\/sfbtm.fr\/jfbtm\/wp-content\/uploads\/2024\/01\/Pre-programme-24-01-24.jpg\" alt=\"\" class=\"wp-image-3078\" srcset=\"https:\/\/sfbtm.fr\/jfbtm\/wp-content\/uploads\/2024\/01\/Pre-programme-24-01-24.jpg 720w, https:\/\/sfbtm.fr\/jfbtm\/wp-content\/uploads\/2024\/01\/Pre-programme-24-01-24-225x300.jpg 225w, https:\/\/sfbtm.fr\/jfbtm\/wp-content\/uploads\/2024\/01\/Pre-programme-24-01-24-113x150.jpg 113w\" sizes=\"auto, (max-width: 720px) 100vw, 720px\" \/><\/a><\/figure>\n\n\n\n<p><\/p>\n\n\n\n<p><\/p>\n\n\n\n<p><strong>D\u00e9tail des intervenants pour le petit d\u00e9jeuner du jeudi 25 avril sur le th\u00e8me: \u00ab\u00a0trouver un emploi dans le priv\u00e9\u00a0\u00bb, tous des anciens doctorants du laboratoire BIOTIS.<\/strong><\/p>\n\n\n\n<figure class=\"wp-block-image size-large\"><a href=\"https:\/\/sfbtm.fr\/jfbtm\/wp-content\/uploads\/2024\/02\/diapo-pour-site.jpg\"><img loading=\"lazy\" decoding=\"async\" width=\"1024\" height=\"576\" src=\"https:\/\/sfbtm.fr\/jfbtm\/wp-content\/uploads\/2024\/02\/diapo-pour-site-1024x576.jpg\" alt=\"\" class=\"wp-image-3085\" srcset=\"https:\/\/sfbtm.fr\/jfbtm\/wp-content\/uploads\/2024\/02\/diapo-pour-site-1024x576.jpg 1024w, https:\/\/sfbtm.fr\/jfbtm\/wp-content\/uploads\/2024\/02\/diapo-pour-site-300x169.jpg 300w, https:\/\/sfbtm.fr\/jfbtm\/wp-content\/uploads\/2024\/02\/diapo-pour-site-768x432.jpg 768w, https:\/\/sfbtm.fr\/jfbtm\/wp-content\/uploads\/2024\/02\/diapo-pour-site-150x84.jpg 150w, https:\/\/sfbtm.fr\/jfbtm\/wp-content\/uploads\/2024\/02\/diapo-pour-site.jpg 1280w\" sizes=\"auto, (max-width: 1024px) 100vw, 1024px\" \/><\/a><\/figure>\n","protected":false},"excerpt":{"rendered":"<p>D\u00e9tail des intervenants pour le petit d\u00e9jeuner du jeudi 25 avril sur le th\u00e8me: \u00ab\u00a0trouver un emploi dans le priv\u00e9\u00a0\u00bb, tous des anciens doctorants du laboratoire BIOTIS.<\/p>\n<p> <a class=\"continue-reading-link\" href=\"https:\/\/sfbtm.fr\/jfbtm\/archives\/programme-des-jfbtm-2024\/\"><span>Lire la suite&#8230;<\/span><i class=\"crycon-right-dir\"><\/i><\/a> <\/p>\n","protected":false},"author":2,"featured_media":0,"parent":537,"menu_order":0,"comment_status":"closed","ping_status":"closed","template":"templates\/template-onecolumn.php","meta":{"_exactmetrics_skip_tracking":false,"_exactmetrics_sitenote_active":false,"_exactmetrics_sitenote_note":"","_exactmetrics_sitenote_category":0,"footnotes":""},"class_list":["post-2808","page","type-page","status-publish","hentry"],"_links":{"self":[{"href":"https:\/\/sfbtm.fr\/jfbtm\/wp-json\/wp\/v2\/pages\/2808","targetHints":{"allow":["GET"]}}],"collection":[{"href":"https:\/\/sfbtm.fr\/jfbtm\/wp-json\/wp\/v2\/pages"}],"about":[{"href":"https:\/\/sfbtm.fr\/jfbtm\/wp-json\/wp\/v2\/types\/page"}],"author":[{"embeddable":true,"href":"https:\/\/sfbtm.fr\/jfbtm\/wp-json\/wp\/v2\/users\/2"}],"replies":[{"embeddable":true,"href":"https:\/\/sfbtm.fr\/jfbtm\/wp-json\/wp\/v2\/comments?post=2808"}],"version-history":[{"count":12,"href":"https:\/\/sfbtm.fr\/jfbtm\/wp-json\/wp\/v2\/pages\/2808\/revisions"}],"predecessor-version":[{"id":3202,"href":"https:\/\/sfbtm.fr\/jfbtm\/wp-json\/wp\/v2\/pages\/2808\/revisions\/3202"}],"up":[{"embeddable":true,"href":"https:\/\/sfbtm.fr\/jfbtm\/wp-json\/wp\/v2\/pages\/537"}],"wp:attachment":[{"href":"https:\/\/sfbtm.fr\/jfbtm\/wp-json\/wp\/v2\/media?parent=2808"}],"curies":[{"name":"wp","href":"https:\/\/api.w.org\/{rel}","templated":true}]}}