{"id":3001,"date":"2024-01-18T09:48:34","date_gmt":"2024-01-18T08:48:34","guid":{"rendered":"https:\/\/sfbtm.fr\/jfbtm\/?page_id=3001"},"modified":"2024-02-20T10:14:20","modified_gmt":"2024-02-20T09:14:20","slug":"inscription-jfbtm-2024-2","status":"publish","type":"page","link":"https:\/\/sfbtm.fr\/jfbtm\/inscription-jfbtm-2024-2\/","title":{"rendered":"Inscription JFBTM 2024"},"content":{"rendered":"<\/p>\n<p><strong>Pour participer aux JFBTM 2024 \u00e0 Bordeaux, il faut :<\/strong><\/p>\n<ul>\n<li>vous connecter sur le\u00a0site<\/li>\n<li>vous inscrire en ligne<\/li>\n<\/ul>\n<p><span style=\"color: #ff0000;\"><strong>1 &#8211; Connectez-vous sur le site<\/strong><\/span><\/p>\n<ul>\n<li>Si c&rsquo;est votre <strong>premi\u00e8re visite<\/strong>, cr\u00e9ez\u00a0un <a href=\"https:\/\/sfbtm.fr\/jfbtm\/enregistrement\/\">compte utilisateur<\/a>\u00a0(gratuit et rapide)<\/li>\n<li>Si vous \u00eates <strong>d\u00e9j\u00e0 enregistr\u00e9<\/strong>,\u00a0<a href=\"https:\/\/sfbtm.fr\/jfbtm\/login\/\">connectez-vous<\/a>.<\/li>\n<li>Si vous \u00eates d\u00e9j\u00e0 enregistr\u00e9 et que vous avez <strong>oubli\u00e9 votre identifiant<\/strong>, <span style=\"text-decoration: underline;\">n&rsquo;essayez pas de cr\u00e9er un autre compte avec la m\u00eame adresse mail, \u00e7a ne fonctionne pas<\/span>. <a href=\"https:\/\/sfbtm.fr\/jfbtm\/forgot\/\">Cliquez ici<\/a> pour r\u00e9cup\u00e9rer votre identifiant.<\/li>\n<li>Si\u00a0vous avez <strong>oubli\u00e9 votre mot de passe<\/strong>,\u00a0<a href=\"https:\/\/sfbtm.fr\/jfbtm\/reset\/\">r\u00e9initialisez-le<\/a>.<\/li>\n<li>Si\u00a0vous avez oubli\u00e9 votre mot de passe <strong>ET<\/strong> votre identifiant<strong>,<\/strong> <a href=\"https:\/\/sfbtm.fr\/jfbtm\/forgot\/\">retrouver votre identifiant<\/a> <strong>PUIS<\/strong> <a href=\"https:\/\/sfbtm.fr\/jfbtm\/reset\/\">r\u00e9initialisez votre mot de passe.<\/a><\/li>\n<li>Si vous avez besoin d&rsquo;aide, <a href=\"mailto:herve.kempf@inserm.fr\" target=\"_blank\" rel=\"noopener noreferrer\">contacter-nous<\/a><\/li>\n<\/ul>\n<p class=\"p1\"><span style=\"color: #ff0000;\"><strong>2\u00a0&#8211; Inscrivez-vous aux JFBTM<\/strong><\/span><\/p>\n<p class=\"p1\"><a href=\"https:\/\/sfbtm.fr\/jfbtm\/login\/\">Une fois \u00a0connect\u00e9<\/a> vous pourrez vous inscrire aux JFBTM<\/p>\n<h5><\/h5>\n<h5 class=\"p1\"><strong>Tarifs (TTC) pour l&rsquo;inscription aux JFBTM 2024<\/strong><\/h5>\n<p><strong><span style=\"color: #000000;\">Les droits d&rsquo;inscription permettent l&rsquo;acc\u00e8s \u00e0 toutes les sessions scientifiques, aux pauses-caf\u00e9, aux diff\u00e9rents repas, au d\u00eener de gala.<\/span><\/strong><\/p>\n<p><strong><span style=\"color: #ff0000;\">A noter: Une lunch box peut vous \u00eatre propos\u00e9e lors de votre d\u00e9part le vendredi midi. <\/span><\/strong><\/p>\n<p><strong><span style=\"color: #ff0000;\">Dans un souci d&rsquo;organisation, une r\u00e9servation est obligatoire et un suppl\u00e9ment de 12\u20ac sera ajout\u00e9 \u00e0 vos frais d&rsquo;inscription.\u00a0<\/span><\/strong><\/p>\n<div><\/div>\n<table class=\"aligncenter\" style=\"height: 298px; width: 92.8664%;\" border=\"2\" cellspacing=\"2\" cellpadding=\"2\">\n<tbody>\n<tr style=\"height: 46px;\">\n<th style=\"width: 34.1902%; height: 46px;\"><\/th>\n<th style=\"width: 16.9666%; height: 46px;\"><strong>Jusqu&rsquo;au 25 mars 2024<br \/>\n<\/strong><\/th>\n<th style=\"width: 16.0668%; height: 46px;\"><strong>Apr\u00e8s le 25 mars 2024<br \/>\n<\/strong><\/th>\n<\/tr>\n<tr style=\"height: 26px;\">\n<td style=\"width: 34.1902%; height: 26px;\">Etudiant*\/Post-Doc**\/CDD**<\/td>\n<td style=\"width: 16.9666%; height: 26px; text-align: center;\">200 \u20ac<\/td>\n<td style=\"width: 16.0668%; height: 26px;\">300 \u20ac<\/td>\n<\/tr>\n<tr style=\"height: 23px;\">\n<td style=\"width: 34.1902%; height: 23px;\">AVEC Lunch Box le Vendredi midi<\/td>\n<td style=\"width: 16.9666%; text-align: center; height: 23px;\">212 \u20ac<\/td>\n<td style=\"width: 16.0668%; height: 23px;\">312 \u20ac<\/td>\n<\/tr>\n<tr style=\"height: 26px;\">\n<td style=\"width: 34.1902%; height: 26px;\">Chercheur \/ statutaire EPST<\/td>\n<td style=\"width: 16.9666%; height: 26px; text-align: center;\">300 \u20ac<\/td>\n<td style=\"width: 16.0668%; height: 26px;\">400 \u20ac<\/td>\n<\/tr>\n<tr style=\"height: 23px;\">\n<td style=\"width: 34.1902%; height: 23px;\">AVEC Lunch Box le vendredi midi<\/td>\n<td style=\"width: 16.9666%; text-align: center; height: 23px;\">312 \u20ac<\/td>\n<td style=\"width: 16.0668%; height: 23px;\">412 \u20ac<\/td>\n<\/tr>\n<tr style=\"height: 26px;\">\n<td style=\"width: 34.1902%; height: 26px;\">Industriel<\/td>\n<td style=\"width: 16.9666%; height: 26px; text-align: center;\">600 \u20ac<\/td>\n<td style=\"width: 16.0668%; height: 26px;\">\u00a0700 \u20ac<\/td>\n<\/tr>\n<tr style=\"height: 66px;\">\n<td style=\"width: 67.2236%; height: 66px;\" colspan=\"3\">\n<div><span style=\"font-size: 12pt;\"><em>* Joindre une photocopie de la carte d\u2019\u00e9tudiant au moment de l&rsquo;inscription. **Pour les post-docs et CDD, joindre<\/em><em>\u00a0au paiement une attestation du responsable d&rsquo;\u00e9quipe.<\/em><\/span><\/div>\n<\/td>\n<\/tr>\n<\/tbody>\n<\/table>\n<p style=\"text-align: left;\"><span style=\"color: #000000;\"><em>\u00a0<\/em><\/span><\/p>\n<h5 class=\"p1\"><\/h5>\n<p>\n\n<p style=\"text-align: left;\">\n","protected":false},"excerpt":{"rendered":"<p> <a class=\"continue-reading-link\" href=\"https:\/\/sfbtm.fr\/jfbtm\/inscription-jfbtm-2024-2\/\"><span>Lire la suite&#8230;<\/span><i class=\"crycon-right-dir\"><\/i><\/a> <\/p>\n","protected":false},"author":2,"featured_media":0,"parent":0,"menu_order":0,"comment_status":"closed","ping_status":"closed","template":"","meta":{"_exactmetrics_skip_tracking":false,"_exactmetrics_sitenote_active":false,"_exactmetrics_sitenote_note":"","_exactmetrics_sitenote_category":0,"footnotes":""},"class_list":["post-3001","page","type-page","status-publish","hentry"],"_links":{"self":[{"href":"https:\/\/sfbtm.fr\/jfbtm\/wp-json\/wp\/v2\/pages\/3001","targetHints":{"allow":["GET"]}}],"collection":[{"href":"https:\/\/sfbtm.fr\/jfbtm\/wp-json\/wp\/v2\/pages"}],"about":[{"href":"https:\/\/sfbtm.fr\/jfbtm\/wp-json\/wp\/v2\/types\/page"}],"author":[{"embeddable":true,"href":"https:\/\/sfbtm.fr\/jfbtm\/wp-json\/wp\/v2\/users\/2"}],"replies":[{"embeddable":true,"href":"https:\/\/sfbtm.fr\/jfbtm\/wp-json\/wp\/v2\/comments?post=3001"}],"version-history":[{"count":35,"href":"https:\/\/sfbtm.fr\/jfbtm\/wp-json\/wp\/v2\/pages\/3001\/revisions"}],"predecessor-version":[{"id":3099,"href":"https:\/\/sfbtm.fr\/jfbtm\/wp-json\/wp\/v2\/pages\/3001\/revisions\/3099"}],"wp:attachment":[{"href":"https:\/\/sfbtm.fr\/jfbtm\/wp-json\/wp\/v2\/media?parent=3001"}],"curies":[{"name":"wp","href":"https:\/\/api.w.org\/{rel}","templated":true}]}}