{"id":3112,"date":"2026-03-11T12:19:08","date_gmt":"2026-03-11T11:19:08","guid":{"rendered":"https:\/\/sfbtm.fr\/jfbtm\/?page_id=3112"},"modified":"2026-03-11T12:19:50","modified_gmt":"2026-03-11T11:19:50","slug":"soumissions-closes","status":"publish","type":"page","link":"https:\/\/sfbtm.fr\/jfbtm\/archives\/soumissions-closes\/","title":{"rendered":"Soumissions Closes"},"content":{"rendered":"\n\n\n<p class=\"has-text-align-center has-medium-font-size\"><strong>Les soumissions des r\u00e9sum\u00e9s aux JFBTM 2026 sont d\u00e9sormais closes<\/strong><\/p>\n","protected":false},"excerpt":{"rendered":"<p>Les soumissions des r\u00e9sum\u00e9s aux JFBTM 2026 sont d\u00e9sormais closes<\/p>\n<p> <a class=\"continue-reading-link\" href=\"https:\/\/sfbtm.fr\/jfbtm\/archives\/soumissions-closes\/\"><span>Lire la suite&#8230;<\/span><i class=\"crycon-right-dir\"><\/i><\/a> <\/p>\n","protected":false},"author":2,"featured_media":0,"parent":537,"menu_order":0,"comment_status":"closed","ping_status":"closed","template":"","meta":{"_exactmetrics_skip_tracking":false,"_exactmetrics_sitenote_active":false,"_exactmetrics_sitenote_note":"","_exactmetrics_sitenote_category":0,"footnotes":""},"class_list":["post-3112","page","type-page","status-publish","hentry"],"_links":{"self":[{"href":"https:\/\/sfbtm.fr\/jfbtm\/wp-json\/wp\/v2\/pages\/3112","targetHints":{"allow":["GET"]}}],"collection":[{"href":"https:\/\/sfbtm.fr\/jfbtm\/wp-json\/wp\/v2\/pages"}],"about":[{"href":"https:\/\/sfbtm.fr\/jfbtm\/wp-json\/wp\/v2\/types\/page"}],"author":[{"embeddable":true,"href":"https:\/\/sfbtm.fr\/jfbtm\/wp-json\/wp\/v2\/users\/2"}],"replies":[{"embeddable":true,"href":"https:\/\/sfbtm.fr\/jfbtm\/wp-json\/wp\/v2\/comments?post=3112"}],"version-history":[{"count":2,"href":"https:\/\/sfbtm.fr\/jfbtm\/wp-json\/wp\/v2\/pages\/3112\/revisions"}],"predecessor-version":[{"id":3459,"href":"https:\/\/sfbtm.fr\/jfbtm\/wp-json\/wp\/v2\/pages\/3112\/revisions\/3459"}],"up":[{"embeddable":true,"href":"https:\/\/sfbtm.fr\/jfbtm\/wp-json\/wp\/v2\/pages\/537"}],"wp:attachment":[{"href":"https:\/\/sfbtm.fr\/jfbtm\/wp-json\/wp\/v2\/media?parent=3112"}],"curies":[{"name":"wp","href":"https:\/\/api.w.org\/{rel}","templated":true}]}}