{"id":3142,"date":"2024-10-22T07:51:34","date_gmt":"2024-10-22T06:51:34","guid":{"rendered":"https:\/\/sfbtm.fr\/jfbtm\/?page_id=3142"},"modified":"2026-01-15T10:11:52","modified_gmt":"2026-01-15T09:11:52","slug":"informations-pratiques-jfbtm-2025","status":"publish","type":"page","link":"https:\/\/sfbtm.fr\/jfbtm\/archives\/informations-pratiques-jfbtm-2025\/","title":{"rendered":"Informations pratiques &#8211; JFBTM 2025"},"content":{"rendered":"\n<p><strong>Lieu du congr\u00e8s.&nbsp;<\/strong><\/p>\n\n\n\n<p>Le congr\u00e8s aura lieu dans le centre-ville de Reims<\/p>\n\n\n\n<p>&#8230; au Best Western, H\u00f4tel de la Paix, 9 rue Buirette, 51100, Reims.\u00a0<\/p>\n\n\n\n<iframe src=\"https:\/\/www.google.com\/maps\/embed?pb=!1m18!1m12!1m3!1d2604.1484901049794!2d4.023801677776682!3d49.25463137138864!2m3!1f0!2f0!3f0!3m2!1i1024!2i768!4f13.1!3m3!1m2!1s0x47e974552ce34369%3A0xb19bba35d00bf482!2s9%20Rue%20Buirette%2C%2051100%20Reims!5e0!3m2!1sfr!2sfr!4v1729089988303!5m2!1sfr!2sfr\" width=\"600\" height=\"450\" style=\"border:0;\" allowfullscreen=\"\" loading=\"lazy\" referrerpolicy=\"no-referrer-when-downgrade\"><\/iframe>\n\n\n\n<div class=\"wp-block-buttons is-layout-flex wp-block-buttons-is-layout-flex\">\n<div class=\"wp-block-button has-custom-font-size is-style-outline has-small-font-size is-style-outline--1\"><a class=\"wp-block-button__link has-light-green-cyan-background-color has-background wp-element-button\">Venir \u00e0 Reims<\/a><\/div>\n<\/div>\n\n\n\n<p><strong>En avion&nbsp;<\/strong><\/p>\n\n\n\n<p>A\u00e9roport Paris Roissy-Charles de Gaulle&nbsp;<\/p>\n\n\n\n<p>L\u2019a\u00e9roport vous permettra de rejoindre Reims&nbsp;<em>via&nbsp;<\/em>la SNCF, une ligne CDG-Champagne Ardenne TGV vous permettra de rejoindre la Ville des Sacres en 30 minutes (cf ci-apr\u00e8s).&nbsp;<\/p>\n\n\n\n<p><strong>En train<\/strong>&nbsp;<\/p>\n\n\n\n<figure class=\"wp-block-embed\"><div class=\"wp-block-embed__wrapper\">\nhttps:\/\/www.sncf-connect.com\/\n<\/div><\/figure>\n\n\n\n<p>Deux gares SNCF vous permettront d\u2019acc\u00e9der \u00e0 la ville de Reims<\/p>\n\n\n\n<ul class=\"wp-block-list\">\n<li>Gare Reims Centre<\/li>\n<\/ul>\n\n\n\n<p>Direct depuis Paris (45 minutes)<\/p>\n\n\n\n<ul class=\"wp-block-list\">\n<li>Gare Champagne Ardennes TGV<\/li>\n<\/ul>\n\n\n\n<p>Direct depuis CDG (30 minutes)<\/p>\n\n\n\n<p>Direct depuis Paris-Est (40 minutes)<\/p>\n\n\n\n<p>Direct depuis Nancy (1h)<\/p>\n\n\n\n<p>Direct depuis Strasbourg (1h24)<\/p>\n\n\n\n<p>Direct depuis Rennes (3h26)<\/p>\n\n\n\n<p>Direct depuis Nantes (3h51)<\/p>\n\n\n\n<p>Direct depuis Bordeaux (4h30)<\/p>\n\n\n\n<p><strong>De la gare au congr\u00e8s<\/strong><\/p>\n\n\n\n<p>Depuis la&nbsp;<strong>Gare Reims Centre<\/strong>, 7 minutes \u00e0 pied vous seront n\u00e9cessaires pour vous rendre jusqu\u2019au lieu du congr\u00e8s.&nbsp;<br><\/p>\n\n\n\n<p>Depuis la&nbsp;<strong>Gare Champagne Ardenne<\/strong>, vous pourrez rejoindre le congr\u00e8s selon 2 modalit\u00e9s.&nbsp;<br><\/p>\n\n\n\n<ul class=\"wp-block-list\">\n<li>Prendre une navette TER Champagne-Ardenne \u2013 Reims Centre, navette de 12 minutes toutes les demi-heures environ (2,40 euros). Puis retour \u00e0 l\u2019\u00e9tape pr\u00e9c\u00e9dente.<\/li>\n<\/ul>\n\n\n\n<ul class=\"wp-block-list\">\n<li>Prendre le Tramway jusque l\u2019arr\u00eat Vesle (<a href=\"https:\/\/www.grandreims-mobilites.fr\/fr\/\">https:\/\/www.grandreims-mobilites.fr\/fr\/<\/a>), navette toutes les 5\/10 minutes (Ticket 1h&nbsp;:&nbsp;&nbsp;1,80 euros, activable par SMS, envoyer 1h au 93093)&nbsp;<\/li>\n<\/ul>\n\n\n\n<p>Une marche de 4\/5 minutes vous permettra de retrouver le lieu du congr\u00e8s.&nbsp;<\/p>\n\n\n\n<p>&nbsp;<\/p>\n\n\n\n<div class=\"wp-block-buttons is-layout-flex wp-block-buttons-is-layout-flex\">\n<div class=\"wp-block-button has-custom-font-size is-style-outline has-small-font-size is-style-outline--2\"><a class=\"wp-block-button__link has-light-green-cyan-background-color has-background wp-element-button\">Votre S\u00e9jour<\/a><\/div>\n<\/div>\n\n\n\n<p>Nous vous laissons libre dans le choix de votre moyen d\u2019h\u00e9bergement. La ville de Reims propose diff\u00e9rentes modalit\u00e9s d\u2019h\u00e9bergement&nbsp;:&nbsp;<\/p>\n\n\n\n<ul class=\"wp-block-list\">\n<li>Location AirBnB<\/li>\n\n\n\n<li>H\u00f4tel&nbsp;<\/li>\n\n\n\n<li>Tente, n\u2019h\u00e9sitez pas \u00e0 contacter le CLO pour conna\u00eetre les meilleurs spots de camping.&nbsp;<\/li>\n<\/ul>\n\n\n\n<p>Pour les h\u00f4tels, voici une liste non exhaustive de lieux ou vous rendre&nbsp;:<\/p>\n\n\n\n<p>Best Western, Hotel de la Paix****. 9 rue Buirette, 51100 Reims. (&gt; 150 euros par nuit)<\/p>\n\n\n\n<p>H\u00f4tel des Arcades***. 16 passage Sublet, 51100 Reims (80-100 euros par nuit)<\/p>\n\n\n\n<p>H\u00f4tel Crystal***. 86 place Drouet d\u2019Erlong, 51100 Reims. (80-100 euros par nuit)<\/p>\n","protected":false},"excerpt":{"rendered":"<p>Lieu du congr\u00e8s.&nbsp; Le congr\u00e8s aura lieu dans le centre-ville de Reims &#8230; au Best Western, H\u00f4tel de la Paix, 9 rue Buirette, 51100, Reims.\u00a0 En avion&nbsp; A\u00e9roport Paris Roissy-Charles de Gaulle&nbsp; L\u2019a\u00e9roport vous permettra de rejoindre Reims&nbsp;via&nbsp;la SNCF, une ligne CDG-Champagne Ardenne TGV vous permettra de rejoindre la Ville\u2026<\/p>\n<p> <a class=\"continue-reading-link\" href=\"https:\/\/sfbtm.fr\/jfbtm\/archives\/informations-pratiques-jfbtm-2025\/\"><span>Lire la suite&#8230;<\/span><i class=\"crycon-right-dir\"><\/i><\/a> <\/p>\n","protected":false},"author":2,"featured_media":0,"parent":537,"menu_order":0,"comment_status":"closed","ping_status":"closed","template":"templates\/template-onecolumn.php","meta":{"_exactmetrics_skip_tracking":false,"_exactmetrics_sitenote_active":false,"_exactmetrics_sitenote_note":"","_exactmetrics_sitenote_category":0,"footnotes":""},"class_list":["post-3142","page","type-page","status-publish","hentry"],"_links":{"self":[{"href":"https:\/\/sfbtm.fr\/jfbtm\/wp-json\/wp\/v2\/pages\/3142","targetHints":{"allow":["GET"]}}],"collection":[{"href":"https:\/\/sfbtm.fr\/jfbtm\/wp-json\/wp\/v2\/pages"}],"about":[{"href":"https:\/\/sfbtm.fr\/jfbtm\/wp-json\/wp\/v2\/types\/page"}],"author":[{"embeddable":true,"href":"https:\/\/sfbtm.fr\/jfbtm\/wp-json\/wp\/v2\/users\/2"}],"replies":[{"embeddable":true,"href":"https:\/\/sfbtm.fr\/jfbtm\/wp-json\/wp\/v2\/comments?post=3142"}],"version-history":[{"count":11,"href":"https:\/\/sfbtm.fr\/jfbtm\/wp-json\/wp\/v2\/pages\/3142\/revisions"}],"predecessor-version":[{"id":3179,"href":"https:\/\/sfbtm.fr\/jfbtm\/wp-json\/wp\/v2\/pages\/3142\/revisions\/3179"}],"up":[{"embeddable":true,"href":"https:\/\/sfbtm.fr\/jfbtm\/wp-json\/wp\/v2\/pages\/537"}],"wp:attachment":[{"href":"https:\/\/sfbtm.fr\/jfbtm\/wp-json\/wp\/v2\/media?parent=3142"}],"curies":[{"name":"wp","href":"https:\/\/api.w.org\/{rel}","templated":true}]}}