{"id":3180,"date":"2025-01-16T17:33:24","date_gmt":"2025-01-16T16:33:24","guid":{"rendered":"https:\/\/sfbtm.fr\/jfbtm\/?page_id=3180"},"modified":"2026-01-15T10:58:14","modified_gmt":"2026-01-15T09:58:14","slug":"partenaires-jfbtm-2025","status":"publish","type":"page","link":"https:\/\/sfbtm.fr\/jfbtm\/archives\/partenaires-jfbtm-2025\/","title":{"rendered":"Partenaires -JFBTM 2025"},"content":{"rendered":"<h3 class=\"entry-title\"><span style=\"font-size: revert; color: initial;\">Nous remercions vivement les partenaires qui nous soutiennent pour ces 25<\/span><sup style=\"color: initial;\">\u00e8mes<\/sup><span style=\"font-size: revert; color: initial;\"> JFBTM organis\u00e9es \u00e0 Reims en 2025.<\/span><\/h3>\n<div class=\"entry-content\">\n<p>Si vous souhaitez nous rejoindre, <a href=\"https:\/\/sfbtm.fr\/jfbtm\/sponsoring\/\">cette page<\/a> vous donnera plus de d\u00e9tails.<\/p>\n<p>\u00a0<\/p>\n<\/div>\n\n\n<figure class=\"wp-block-image size-full\"><a href=\"https:\/\/sfbtm.fr\/jfbtm\/wp-content\/uploads\/2025\/04\/Synergie4.png\"><img loading=\"lazy\" decoding=\"async\" width=\"440\" height=\"114\" src=\"https:\/\/sfbtm.fr\/jfbtm\/wp-content\/uploads\/2025\/04\/Synergie4.png\" alt=\"\" class=\"wp-image-3250\" srcset=\"https:\/\/sfbtm.fr\/jfbtm\/wp-content\/uploads\/2025\/04\/Synergie4.png 440w, https:\/\/sfbtm.fr\/jfbtm\/wp-content\/uploads\/2025\/04\/Synergie4-300x78.png 300w, https:\/\/sfbtm.fr\/jfbtm\/wp-content\/uploads\/2025\/04\/Synergie4-150x39.png 150w\" sizes=\"auto, (max-width: 440px) 100vw, 440px\" \/><\/a><\/figure>\n\n\n\n<figure class=\"wp-block-image size-full\"><a href=\"https:\/\/sfbtm.fr\/jfbtm\/wp-content\/uploads\/2025\/04\/MICA.jpg\"><img loading=\"lazy\" decoding=\"async\" width=\"325\" height=\"113\" src=\"https:\/\/sfbtm.fr\/jfbtm\/wp-content\/uploads\/2025\/04\/MICA.jpg\" alt=\"\" class=\"wp-image-3251\" srcset=\"https:\/\/sfbtm.fr\/jfbtm\/wp-content\/uploads\/2025\/04\/MICA.jpg 325w, https:\/\/sfbtm.fr\/jfbtm\/wp-content\/uploads\/2025\/04\/MICA-300x104.jpg 300w, https:\/\/sfbtm.fr\/jfbtm\/wp-content\/uploads\/2025\/04\/MICA-150x52.jpg 150w\" sizes=\"auto, (max-width: 325px) 100vw, 325px\" \/><\/a><\/figure>\n\n\n\n<figure class=\"wp-block-image size-large is-resized\"><a href=\"https:\/\/sfbtm.fr\/jfbtm\/wp-content\/uploads\/2025\/04\/LogoURCA-HQ-scaled.jpg\"><img loading=\"lazy\" decoding=\"async\" width=\"1024\" height=\"627\" src=\"https:\/\/sfbtm.fr\/jfbtm\/wp-content\/uploads\/2025\/04\/LogoURCA-HQ-1024x627.jpg\" alt=\"\" class=\"wp-image-3252\" style=\"width:420px;height:auto\" srcset=\"https:\/\/sfbtm.fr\/jfbtm\/wp-content\/uploads\/2025\/04\/LogoURCA-HQ-1024x627.jpg 1024w, https:\/\/sfbtm.fr\/jfbtm\/wp-content\/uploads\/2025\/04\/LogoURCA-HQ-300x184.jpg 300w, https:\/\/sfbtm.fr\/jfbtm\/wp-content\/uploads\/2025\/04\/LogoURCA-HQ-768x470.jpg 768w, https:\/\/sfbtm.fr\/jfbtm\/wp-content\/uploads\/2025\/04\/LogoURCA-HQ-1536x941.jpg 1536w, https:\/\/sfbtm.fr\/jfbtm\/wp-content\/uploads\/2025\/04\/LogoURCA-HQ-2048x1254.jpg 2048w, https:\/\/sfbtm.fr\/jfbtm\/wp-content\/uploads\/2025\/04\/LogoURCA-HQ-150x92.jpg 150w\" sizes=\"auto, (max-width: 1024px) 100vw, 1024px\" \/><\/a><\/figure>\n\n\n\n<figure class=\"wp-block-image size-full\"><a href=\"https:\/\/sfbtm.fr\/jfbtm\/wp-content\/uploads\/2025\/04\/LLS-Rowiak.png\"><img loading=\"lazy\" decoding=\"async\" width=\"348\" height=\"145\" src=\"https:\/\/sfbtm.fr\/jfbtm\/wp-content\/uploads\/2025\/04\/LLS-Rowiak.png\" alt=\"\" class=\"wp-image-3253\" srcset=\"https:\/\/sfbtm.fr\/jfbtm\/wp-content\/uploads\/2025\/04\/LLS-Rowiak.png 348w, https:\/\/sfbtm.fr\/jfbtm\/wp-content\/uploads\/2025\/04\/LLS-Rowiak-300x125.png 300w, https:\/\/sfbtm.fr\/jfbtm\/wp-content\/uploads\/2025\/04\/LLS-Rowiak-150x63.png 150w\" sizes=\"auto, (max-width: 348px) 100vw, 348px\" \/><\/a><\/figure>\n\n\n\n<figure class=\"wp-block-image size-full\"><a href=\"https:\/\/sfbtm.fr\/jfbtm\/wp-content\/uploads\/2025\/04\/FRMNGE.png\"><img loading=\"lazy\" decoding=\"async\" width=\"260\" height=\"150\" src=\"https:\/\/sfbtm.fr\/jfbtm\/wp-content\/uploads\/2025\/04\/FRMNGE.png\" alt=\"\" class=\"wp-image-3254\" srcset=\"https:\/\/sfbtm.fr\/jfbtm\/wp-content\/uploads\/2025\/04\/FRMNGE.png 260w, https:\/\/sfbtm.fr\/jfbtm\/wp-content\/uploads\/2025\/04\/FRMNGE-150x87.png 150w\" sizes=\"auto, (max-width: 260px) 100vw, 260px\" \/><\/a><\/figure>\n\n\n\n<figure class=\"wp-block-image size-full\"><a href=\"https:\/\/sfbtm.fr\/jfbtm\/wp-content\/uploads\/2025\/04\/Eurobio.png\"><img loading=\"lazy\" decoding=\"async\" width=\"389\" height=\"129\" src=\"https:\/\/sfbtm.fr\/jfbtm\/wp-content\/uploads\/2025\/04\/Eurobio.png\" alt=\"\" class=\"wp-image-3255\" srcset=\"https:\/\/sfbtm.fr\/jfbtm\/wp-content\/uploads\/2025\/04\/Eurobio.png 389w, https:\/\/sfbtm.fr\/jfbtm\/wp-content\/uploads\/2025\/04\/Eurobio-300x99.png 300w, https:\/\/sfbtm.fr\/jfbtm\/wp-content\/uploads\/2025\/04\/Eurobio-150x50.png 150w\" sizes=\"auto, (max-width: 389px) 100vw, 389px\" \/><\/a><\/figure>\n\n\n\n<figure class=\"wp-block-image size-full\"><a href=\"https:\/\/sfbtm.fr\/jfbtm\/wp-content\/uploads\/2025\/04\/Champagne-Lallement-Pelletier.png\"><img loading=\"lazy\" decoding=\"async\" width=\"267\" height=\"189\" src=\"https:\/\/sfbtm.fr\/jfbtm\/wp-content\/uploads\/2025\/04\/Champagne-Lallement-Pelletier.png\" alt=\"\" class=\"wp-image-3256\" srcset=\"https:\/\/sfbtm.fr\/jfbtm\/wp-content\/uploads\/2025\/04\/Champagne-Lallement-Pelletier.png 267w, https:\/\/sfbtm.fr\/jfbtm\/wp-content\/uploads\/2025\/04\/Champagne-Lallement-Pelletier-150x106.png 150w\" sizes=\"auto, (max-width: 267px) 100vw, 267px\" \/><\/a><\/figure>\n\n\n\n<figure class=\"wp-block-image size-full\"><a href=\"https:\/\/sfbtm.fr\/jfbtm\/wp-content\/uploads\/2025\/04\/Casden.png\"><img loading=\"lazy\" decoding=\"async\" width=\"401\" height=\"125\" src=\"https:\/\/sfbtm.fr\/jfbtm\/wp-content\/uploads\/2025\/04\/Casden.png\" alt=\"\" class=\"wp-image-3257\" srcset=\"https:\/\/sfbtm.fr\/jfbtm\/wp-content\/uploads\/2025\/04\/Casden.png 401w, https:\/\/sfbtm.fr\/jfbtm\/wp-content\/uploads\/2025\/04\/Casden-300x94.png 300w, https:\/\/sfbtm.fr\/jfbtm\/wp-content\/uploads\/2025\/04\/Casden-150x47.png 150w\" sizes=\"auto, (max-width: 401px) 100vw, 401px\" \/><\/a><\/figure>\n\n\n\n<figure class=\"wp-block-image size-full\"><a href=\"https:\/\/sfbtm.fr\/jfbtm\/wp-content\/uploads\/2025\/04\/BiospaceLab.png\"><img loading=\"lazy\" decoding=\"async\" width=\"429\" height=\"117\" src=\"https:\/\/sfbtm.fr\/jfbtm\/wp-content\/uploads\/2025\/04\/BiospaceLab.png\" alt=\"\" class=\"wp-image-3258\" srcset=\"https:\/\/sfbtm.fr\/jfbtm\/wp-content\/uploads\/2025\/04\/BiospaceLab.png 429w, https:\/\/sfbtm.fr\/jfbtm\/wp-content\/uploads\/2025\/04\/BiospaceLab-300x82.png 300w, https:\/\/sfbtm.fr\/jfbtm\/wp-content\/uploads\/2025\/04\/BiospaceLab-150x41.png 150w, https:\/\/sfbtm.fr\/jfbtm\/wp-content\/uploads\/2025\/04\/BiospaceLab-426x117.png 426w\" sizes=\"auto, (max-width: 429px) 100vw, 429px\" \/><\/a><\/figure>\n\n\n\n<figure class=\"wp-block-image size-full\"><a href=\"https:\/\/sfbtm.fr\/jfbtm\/wp-content\/uploads\/2025\/04\/BIOMAT.png\"><img loading=\"lazy\" decoding=\"async\" width=\"344\" height=\"146\" src=\"https:\/\/sfbtm.fr\/jfbtm\/wp-content\/uploads\/2025\/04\/BIOMAT.png\" alt=\"\" class=\"wp-image-3259\" srcset=\"https:\/\/sfbtm.fr\/jfbtm\/wp-content\/uploads\/2025\/04\/BIOMAT.png 344w, https:\/\/sfbtm.fr\/jfbtm\/wp-content\/uploads\/2025\/04\/BIOMAT-300x127.png 300w, https:\/\/sfbtm.fr\/jfbtm\/wp-content\/uploads\/2025\/04\/BIOMAT-150x64.png 150w\" sizes=\"auto, (max-width: 344px) 100vw, 344px\" \/><\/a><\/figure>\n\n\n\n<figure class=\"wp-block-image size-full\"><a href=\"https:\/\/sfbtm.fr\/jfbtm\/wp-content\/uploads\/2025\/04\/Biobank.png\"><img loading=\"lazy\" decoding=\"async\" width=\"387\" height=\"130\" src=\"https:\/\/sfbtm.fr\/jfbtm\/wp-content\/uploads\/2025\/04\/Biobank.png\" alt=\"\" class=\"wp-image-3260\" srcset=\"https:\/\/sfbtm.fr\/jfbtm\/wp-content\/uploads\/2025\/04\/Biobank.png 387w, https:\/\/sfbtm.fr\/jfbtm\/wp-content\/uploads\/2025\/04\/Biobank-300x101.png 300w, https:\/\/sfbtm.fr\/jfbtm\/wp-content\/uploads\/2025\/04\/Biobank-150x50.png 150w\" sizes=\"auto, (max-width: 387px) 100vw, 387px\" \/><\/a><\/figure>\n\n\n\n<figure class=\"wp-block-image size-full\"><a href=\"https:\/\/sfbtm.fr\/jfbtm\/wp-content\/uploads\/2025\/04\/Arthritis.png\"><img loading=\"lazy\" decoding=\"async\" width=\"355\" height=\"142\" src=\"https:\/\/sfbtm.fr\/jfbtm\/wp-content\/uploads\/2025\/04\/Arthritis.png\" alt=\"\" class=\"wp-image-3261\" srcset=\"https:\/\/sfbtm.fr\/jfbtm\/wp-content\/uploads\/2025\/04\/Arthritis.png 355w, https:\/\/sfbtm.fr\/jfbtm\/wp-content\/uploads\/2025\/04\/Arthritis-300x120.png 300w, https:\/\/sfbtm.fr\/jfbtm\/wp-content\/uploads\/2025\/04\/Arthritis-150x60.png 150w\" sizes=\"auto, (max-width: 355px) 100vw, 355px\" \/><\/a><\/figure>\n","protected":false},"excerpt":{"rendered":"<p>Nous remercions vivement les partenaires qui nous soutiennent pour ces 25\u00e8mes JFBTM organis\u00e9es \u00e0 Reims en 2025. Si vous souhaitez nous rejoindre, cette page vous donnera plus de d\u00e9tails. \u00a0<\/p>\n<p> <a class=\"continue-reading-link\" href=\"https:\/\/sfbtm.fr\/jfbtm\/archives\/partenaires-jfbtm-2025\/\"><span>Lire la suite&#8230;<\/span><i class=\"crycon-right-dir\"><\/i><\/a> <\/p>\n","protected":false},"author":2,"featured_media":0,"parent":537,"menu_order":0,"comment_status":"closed","ping_status":"closed","template":"templates\/template-onecolumn.php","meta":{"_exactmetrics_skip_tracking":false,"_exactmetrics_sitenote_active":false,"_exactmetrics_sitenote_note":"","_exactmetrics_sitenote_category":0,"footnotes":""},"class_list":["post-3180","page","type-page","status-publish","hentry"],"_links":{"self":[{"href":"https:\/\/sfbtm.fr\/jfbtm\/wp-json\/wp\/v2\/pages\/3180","targetHints":{"allow":["GET"]}}],"collection":[{"href":"https:\/\/sfbtm.fr\/jfbtm\/wp-json\/wp\/v2\/pages"}],"about":[{"href":"https:\/\/sfbtm.fr\/jfbtm\/wp-json\/wp\/v2\/types\/page"}],"author":[{"embeddable":true,"href":"https:\/\/sfbtm.fr\/jfbtm\/wp-json\/wp\/v2\/users\/2"}],"replies":[{"embeddable":true,"href":"https:\/\/sfbtm.fr\/jfbtm\/wp-json\/wp\/v2\/comments?post=3180"}],"version-history":[{"count":8,"href":"https:\/\/sfbtm.fr\/jfbtm\/wp-json\/wp\/v2\/pages\/3180\/revisions"}],"predecessor-version":[{"id":3264,"href":"https:\/\/sfbtm.fr\/jfbtm\/wp-json\/wp\/v2\/pages\/3180\/revisions\/3264"}],"up":[{"embeddable":true,"href":"https:\/\/sfbtm.fr\/jfbtm\/wp-json\/wp\/v2\/pages\/537"}],"wp:attachment":[{"href":"https:\/\/sfbtm.fr\/jfbtm\/wp-json\/wp\/v2\/media?parent=3180"}],"curies":[{"name":"wp","href":"https:\/\/api.w.org\/{rel}","templated":true}]}}