{"id":3291,"date":"2025-11-05T12:07:33","date_gmt":"2025-11-05T11:07:33","guid":{"rendered":"https:\/\/sfbtm.fr\/jfbtm\/?page_id=3291"},"modified":"2025-11-05T12:07:33","modified_gmt":"2025-11-05T11:07:33","slug":"informations-pratiques-jfbtm-2026","status":"publish","type":"page","link":"https:\/\/sfbtm.fr\/jfbtm\/informations-pratiques-jfbtm-2026\/","title":{"rendered":"Informations pratiques &#8211; JFBTM 2026"},"content":{"rendered":"\n<p><strong>Lieu du congr\u00e8s.&nbsp;<\/strong><\/p>\n\n\n\n<p>Le congr\u00e8s aura lieu \u00e0 l&rsquo;h\u00f4tel JANGLE, situ\u00e9 au Mesnil Amelot, proche de l&rsquo;a\u00e9roport de Roissy Charles de Gaulle<\/p>\n\n\n\n<p>The Jangle Hotel : Rue de la Chapelle, 77990 Le Mesnil-Amelot<\/p>\n\n\n\n<style>\n  .map-responsive {\n    position: relative;\n    padding-bottom: 35%; \n    height: 0;\n    overflow: hidden;\n    border-radius: 8px;\n    box-shadow: 0 2px 8px rgba(0,0,0,0.15);\n  }\n  .map-responsive iframe {\n    position: absolute;\n    top: 0;\n    left: 0;\n    width: 100%;\n    height: 100%;\n    border: 0;\n  }\n<\/style>\n\n<div class=\"map-responsive\" aria-label=\"Carte : Le Jangle Hotel CDG Airport\">\n  <iframe\n    src=\"https:\/\/www.google.com\/maps?q=Le+Jangle+Hotel+CDG+Airport,+Rue+de+la+Chapelle,+77990+Le+Mesnil-Amelot&#038;hl=fr&#038;z=15&#038;output=embed\"\n    allowfullscreen\n    loading=\"lazy\"\n    referrerpolicy=\"no-referrer-when-downgrade\"\n    title=\"Carte - Le Jangle Hotel CDG Airport\">\n  <\/iframe>\n<\/div>\n\n\n\n<div class=\"wp-block-buttons is-layout-flex wp-block-buttons-is-layout-flex\">\n<div class=\"wp-block-button is-style-outline is-style-outline--1\"><a class=\"wp-block-button__link has-light-green-cyan-background-color has-background has-small-font-size has-custom-font-size wp-element-button\">Venir \u00e0 l&rsquo;H\u00f4tel<\/a><\/div>\n<\/div>\n\n\n\n<p><strong>En avion&nbsp;<\/strong>: <strong>A\u00e9roport Paris Roissy-Charles de Gaulle&nbsp;<\/strong><\/p>\n\n\n\n<p>L\u2019h\u00f4tel Jangle propose une navette (Jangle Navette), toutes les 30 minutes environ, de <strong>5h15 \u00e0 23h30<\/strong>, entre l\u2019a\u00e9roport CDG (Terminal 2, arr\u00eat \u00abRoissy Bus\u00bb, entre hall 2B et 2D) et l\u2019h\u00f4tel. Environ 10 minutes depuis l\u2019a\u00e9roport.<br>L&rsquo;arr\u00eat est situ\u00e9 <strong>temporairement au terminal 2<\/strong>, entre le hall 2B et 2D, \u00e0 l&rsquo;arr\u00eat <strong>Roissy Bus<\/strong> (gare TGV terminal 2). <a href=\"https:\/\/pysae.com\/screen\/#\/jangle\/all\">https:\/\/pysae.com\/screen\/#\/jangle\/all<\/a><\/p>\n\n\n\n<p><a href=\"https:\/\/sfbtm.fr\/jfbtm\/wp-content\/uploads\/2025\/10\/6540dbd1faa343d6ad81e675_navette-e1761832380661.png\"><img loading=\"lazy\" decoding=\"async\" class=\"alignnone wp-image-3340 size-medium\" src=\"https:\/\/sfbtm.fr\/jfbtm\/wp-content\/uploads\/2025\/10\/6540dbd1faa343d6ad81e675_navette-e1761832380661-300x136.png\" alt=\"\" width=\"300\" height=\"136\" srcset=\"https:\/\/sfbtm.fr\/jfbtm\/wp-content\/uploads\/2025\/10\/6540dbd1faa343d6ad81e675_navette-e1761832380661-300x136.png 300w, https:\/\/sfbtm.fr\/jfbtm\/wp-content\/uploads\/2025\/10\/6540dbd1faa343d6ad81e675_navette-e1761832380661-1024x465.png 1024w, https:\/\/sfbtm.fr\/jfbtm\/wp-content\/uploads\/2025\/10\/6540dbd1faa343d6ad81e675_navette-e1761832380661-768x348.png 768w, https:\/\/sfbtm.fr\/jfbtm\/wp-content\/uploads\/2025\/10\/6540dbd1faa343d6ad81e675_navette-e1761832380661-150x68.png 150w, https:\/\/sfbtm.fr\/jfbtm\/wp-content\/uploads\/2025\/10\/6540dbd1faa343d6ad81e675_navette-e1761832380661.png 1340w\" sizes=\"auto, (max-width: 300px) 100vw, 300px\" \/><\/a><\/p>\n\n\n\n<p><strong>En train<\/strong>&nbsp;: <strong>A\u00e9roport Charles de Gaulle 2 \u2013 TGV<\/strong><\/p>\n\n\n\n<p><a href=\"https:\/\/www.sncf-connect.com\">https:\/\/www.sncf-connect.com<\/a><\/p>\n\n\n\n<p>Beaucoup de TGV (depuis Lyon, Lille, Rennes, Nantes, Bordeaux, Marseille, Montpellier, Strasbourg, etc.) arrivent directement \u00e0 la gare \u201cA\u00e9roport Charles de Gaulle TGV\u201d, situ\u00e9e sous le Terminal 2. Une fois arriv\u00e9, prendre la navette Jangle jusqu\u2019\u00e0 l&rsquo;h\u00f4tel. <a href=\"https:\/\/pysae.com\/screen\/#\/jangle\/all\">https:\/\/pysae.com\/screen\/#\/jangle\/all<\/a><\/p>\n\n\n","protected":false},"excerpt":{"rendered":"<p>Lieu du congr\u00e8s.&nbsp; Le congr\u00e8s aura lieu \u00e0 l&rsquo;h\u00f4tel JANGLE, situ\u00e9 au Mesnil Amelot, proche de l&rsquo;a\u00e9roport de Roissy Charles de Gaulle The Jangle Hotel : Rue de la Chapelle, 77990 Le Mesnil-Amelot En avion&nbsp;: A\u00e9roport Paris Roissy-Charles de Gaulle&nbsp; L\u2019h\u00f4tel Jangle propose une navette (Jangle Navette), toutes les 30\u2026<\/p>\n<p> <a class=\"continue-reading-link\" href=\"https:\/\/sfbtm.fr\/jfbtm\/informations-pratiques-jfbtm-2026\/\"><span>Lire la suite&#8230;<\/span><i class=\"crycon-right-dir\"><\/i><\/a> <\/p>\n","protected":false},"author":2,"featured_media":0,"parent":0,"menu_order":0,"comment_status":"closed","ping_status":"closed","template":"templates\/template-onecolumn.php","meta":{"_exactmetrics_skip_tracking":false,"_exactmetrics_sitenote_active":false,"_exactmetrics_sitenote_note":"","_exactmetrics_sitenote_category":0,"footnotes":""},"class_list":["post-3291","page","type-page","status-publish","hentry"],"_links":{"self":[{"href":"https:\/\/sfbtm.fr\/jfbtm\/wp-json\/wp\/v2\/pages\/3291","targetHints":{"allow":["GET"]}}],"collection":[{"href":"https:\/\/sfbtm.fr\/jfbtm\/wp-json\/wp\/v2\/pages"}],"about":[{"href":"https:\/\/sfbtm.fr\/jfbtm\/wp-json\/wp\/v2\/types\/page"}],"author":[{"embeddable":true,"href":"https:\/\/sfbtm.fr\/jfbtm\/wp-json\/wp\/v2\/users\/2"}],"replies":[{"embeddable":true,"href":"https:\/\/sfbtm.fr\/jfbtm\/wp-json\/wp\/v2\/comments?post=3291"}],"version-history":[{"count":16,"href":"https:\/\/sfbtm.fr\/jfbtm\/wp-json\/wp\/v2\/pages\/3291\/revisions"}],"predecessor-version":[{"id":3343,"href":"https:\/\/sfbtm.fr\/jfbtm\/wp-json\/wp\/v2\/pages\/3291\/revisions\/3343"}],"wp:attachment":[{"href":"https:\/\/sfbtm.fr\/jfbtm\/wp-json\/wp\/v2\/media?parent=3291"}],"curies":[{"name":"wp","href":"https:\/\/api.w.org\/{rel}","templated":true}]}}