{"id":3293,"date":"2025-11-05T12:07:11","date_gmt":"2025-11-05T11:07:11","guid":{"rendered":"https:\/\/sfbtm.fr\/jfbtm\/?page_id=3293"},"modified":"2026-02-14T12:15:28","modified_gmt":"2026-02-14T11:15:28","slug":"programme-jfbtm-2026","status":"publish","type":"page","link":"https:\/\/sfbtm.fr\/jfbtm\/programme-jfbtm-2026\/","title":{"rendered":"Programme &#8211; JFBTM 2026"},"content":{"rendered":"\n<p><a href=\"https:\/\/sfbtm.fr\/jfbtm\/wp-content\/uploads\/2026\/01\/programme26_p1.png\" data-wp-editing=\"1\"><img loading=\"lazy\" decoding=\"async\" class=\"aligncenter wp-image-3415 size-large\" src=\"https:\/\/sfbtm.fr\/jfbtm\/wp-content\/uploads\/2026\/01\/programme26_p1-724x1024.png\" alt=\"\" width=\"724\" height=\"1024\" srcset=\"https:\/\/sfbtm.fr\/jfbtm\/wp-content\/uploads\/2026\/01\/programme26_p1-724x1024.png 724w, https:\/\/sfbtm.fr\/jfbtm\/wp-content\/uploads\/2026\/01\/programme26_p1-212x300.png 212w, https:\/\/sfbtm.fr\/jfbtm\/wp-content\/uploads\/2026\/01\/programme26_p1-768x1086.png 768w, https:\/\/sfbtm.fr\/jfbtm\/wp-content\/uploads\/2026\/01\/programme26_p1-1086x1536.png 1086w, https:\/\/sfbtm.fr\/jfbtm\/wp-content\/uploads\/2026\/01\/programme26_p1-106x150.png 106w, https:\/\/sfbtm.fr\/jfbtm\/wp-content\/uploads\/2026\/01\/programme26_p1.png 1414w\" sizes=\"auto, (max-width: 724px) 100vw, 724px\" \/><\/a><\/p>\n<p><a href=\"https:\/\/sfbtm.fr\/jfbtm\/wp-content\/uploads\/2026\/02\/programme26_p2v2.png\"><img loading=\"lazy\" decoding=\"async\" class=\"aligncenter wp-image-3439 size-large\" src=\"https:\/\/sfbtm.fr\/jfbtm\/wp-content\/uploads\/2026\/02\/programme26_p2v2-724x1024.png\" alt=\"\" width=\"724\" height=\"1024\" srcset=\"https:\/\/sfbtm.fr\/jfbtm\/wp-content\/uploads\/2026\/02\/programme26_p2v2-724x1024.png 724w, https:\/\/sfbtm.fr\/jfbtm\/wp-content\/uploads\/2026\/02\/programme26_p2v2-212x300.png 212w, https:\/\/sfbtm.fr\/jfbtm\/wp-content\/uploads\/2026\/02\/programme26_p2v2-768x1086.png 768w, https:\/\/sfbtm.fr\/jfbtm\/wp-content\/uploads\/2026\/02\/programme26_p2v2-1086x1536.png 1086w, https:\/\/sfbtm.fr\/jfbtm\/wp-content\/uploads\/2026\/02\/programme26_p2v2-106x150.png 106w, https:\/\/sfbtm.fr\/jfbtm\/wp-content\/uploads\/2026\/02\/programme26_p2v2.png 1414w\" sizes=\"auto, (max-width: 724px) 100vw, 724px\" \/><\/a><a href=\"https:\/\/sfbtm.fr\/jfbtm\/wp-content\/uploads\/2026\/01\/programme26_p3.png\"><img loading=\"lazy\" decoding=\"async\" class=\"aligncenter wp-image-3420 size-large\" src=\"https:\/\/sfbtm.fr\/jfbtm\/wp-content\/uploads\/2026\/01\/programme26_p3-724x1024.png\" alt=\"\" width=\"724\" height=\"1024\" srcset=\"https:\/\/sfbtm.fr\/jfbtm\/wp-content\/uploads\/2026\/01\/programme26_p3-724x1024.png 724w, https:\/\/sfbtm.fr\/jfbtm\/wp-content\/uploads\/2026\/01\/programme26_p3-212x300.png 212w, https:\/\/sfbtm.fr\/jfbtm\/wp-content\/uploads\/2026\/01\/programme26_p3-768x1086.png 768w, https:\/\/sfbtm.fr\/jfbtm\/wp-content\/uploads\/2026\/01\/programme26_p3-1086x1536.png 1086w, https:\/\/sfbtm.fr\/jfbtm\/wp-content\/uploads\/2026\/01\/programme26_p3-106x150.png 106w, https:\/\/sfbtm.fr\/jfbtm\/wp-content\/uploads\/2026\/01\/programme26_p3.png 1414w\" sizes=\"auto, (max-width: 724px) 100vw, 724px\" \/><\/a><\/p>\n\n\n\n<p>Pour t\u00e9l\u00e9charger le pr\u00e9programme, <a href=\"https:\/\/sfbtm.fr\/jfbtm\/wp-content\/uploads\/2026\/02\/programme26_v2.pdf\">cliquez ici.<\/a><\/p>\n\n\n","protected":false},"excerpt":{"rendered":"<p>Pour t\u00e9l\u00e9charger le pr\u00e9programme, cliquez ici.<\/p>\n<p> <a class=\"continue-reading-link\" href=\"https:\/\/sfbtm.fr\/jfbtm\/programme-jfbtm-2026\/\"><span>Lire la suite&#8230;<\/span><i class=\"crycon-right-dir\"><\/i><\/a> <\/p>\n","protected":false},"author":2,"featured_media":0,"parent":0,"menu_order":0,"comment_status":"closed","ping_status":"closed","template":"templates\/template-onecolumn.php","meta":{"_exactmetrics_skip_tracking":false,"_exactmetrics_sitenote_active":false,"_exactmetrics_sitenote_note":"","_exactmetrics_sitenote_category":0,"footnotes":""},"class_list":["post-3293","page","type-page","status-publish","hentry"],"_links":{"self":[{"href":"https:\/\/sfbtm.fr\/jfbtm\/wp-json\/wp\/v2\/pages\/3293","targetHints":{"allow":["GET"]}}],"collection":[{"href":"https:\/\/sfbtm.fr\/jfbtm\/wp-json\/wp\/v2\/pages"}],"about":[{"href":"https:\/\/sfbtm.fr\/jfbtm\/wp-json\/wp\/v2\/types\/page"}],"author":[{"embeddable":true,"href":"https:\/\/sfbtm.fr\/jfbtm\/wp-json\/wp\/v2\/users\/2"}],"replies":[{"embeddable":true,"href":"https:\/\/sfbtm.fr\/jfbtm\/wp-json\/wp\/v2\/comments?post=3293"}],"version-history":[{"count":12,"href":"https:\/\/sfbtm.fr\/jfbtm\/wp-json\/wp\/v2\/pages\/3293\/revisions"}],"predecessor-version":[{"id":3443,"href":"https:\/\/sfbtm.fr\/jfbtm\/wp-json\/wp\/v2\/pages\/3293\/revisions\/3443"}],"wp:attachment":[{"href":"https:\/\/sfbtm.fr\/jfbtm\/wp-json\/wp\/v2\/media?parent=3293"}],"curies":[{"name":"wp","href":"https:\/\/api.w.org\/{rel}","templated":true}]}}