{"id":3361,"date":"2026-01-26T15:42:26","date_gmt":"2026-01-26T14:42:26","guid":{"rendered":"https:\/\/sfbtm.fr\/jfbtm\/?page_id=3361"},"modified":"2026-04-15T12:46:16","modified_gmt":"2026-04-15T11:46:16","slug":"inscription-jfbtm-2026","status":"publish","type":"page","link":"https:\/\/sfbtm.fr\/jfbtm\/inscription-jfbtm-2026\/","title":{"rendered":"Inscription JFBTM 2026"},"content":{"rendered":"\n<h1><span style=\"color: #ff0000;\"><strong>LES INSCRIPTIONS SONT OUVERTES.<\/strong><\/span><\/h1>\n<h1><span style=\"color: #ff0000;\"><strong>DATE LIMITE D&rsquo;INSCRIPTION : 1 MAI 2026.<\/strong><\/span><\/h1>\n\n\n<\/p>\n<p><strong>Pour participer aux JFBTM 2026 \u00e0 Paris, il faut :<\/strong><\/p>\n<ul>\n<li>vous connecter sur le\u00a0site<\/li>\n<li>vous inscrire en ligne<\/li>\n<\/ul>\n<p><span style=\"color: #ff0000;\"><strong>1 &#8211; Connectez-vous sur le site<\/strong><\/span><\/p>\n<ul>\n<li>Si c&rsquo;est votre <strong>premi\u00e8re visite<\/strong>, cr\u00e9ez\u00a0un <a href=\"https:\/\/sfbtm.fr\/jfbtm\/enregistrement\/\">compte utilisateur<\/a>\u00a0(gratuit et rapide)<\/li>\n<li>Si vous \u00eates <strong>d\u00e9j\u00e0 enregistr\u00e9<\/strong>,\u00a0<a href=\"https:\/\/sfbtm.fr\/jfbtm\/login\/\">connectez-vous<\/a>.<\/li>\n<li>Si vous \u00eates d\u00e9j\u00e0 enregistr\u00e9 et que vous avez <strong>oubli\u00e9 votre identifiant<\/strong>, <span style=\"text-decoration: underline;\">n&rsquo;essayez pas de cr\u00e9er un autre compte avec la m\u00eame adresse mail, \u00e7a ne fonctionne pas<\/span>. <a href=\"https:\/\/sfbtm.fr\/jfbtm\/forgot\/\">Cliquez ici<\/a> pour r\u00e9cup\u00e9rer votre identifiant.<\/li>\n<li>Si\u00a0vous avez <strong>oubli\u00e9 votre mot de passe<\/strong>,\u00a0<a href=\"https:\/\/sfbtm.fr\/jfbtm\/reset\/\">r\u00e9initialisez-le<\/a>.<\/li>\n<li>Si\u00a0vous avez oubli\u00e9 votre mot de passe <strong>ET<\/strong> votre identifiant<strong>,<\/strong> <a href=\"https:\/\/sfbtm.fr\/jfbtm\/forgot\/\">retrouver votre identifiant<\/a> <strong>PUIS<\/strong> <a href=\"https:\/\/sfbtm.fr\/jfbtm\/reset\/\">r\u00e9initialisez votre mot de passe.<\/a><\/li>\n<li>Si vous avez besoin d&rsquo;aide, <a href=\"mailto:herve.kempf@inserm.fr\" target=\"_blank\" rel=\"noopener noreferrer\">contacter-nous<\/a><\/li>\n<\/ul>\n<p class=\"p1\"><span style=\"color: #ff0000;\"><strong>2\u00a0&#8211; Inscrivez-vous aux JFBTM<\/strong><\/span><\/p>\n<p class=\"p1\"><a href=\"https:\/\/sfbtm.fr\/jfbtm\/login\/\">Une fois \u00a0connect\u00e9<\/a> vous pourrez vous inscrire aux JFBTM<\/p>\n<h5>\u00a0<\/h5>\n<h5 class=\"p1\"><strong>Tarifs (TTC) pour l&rsquo;inscription aux JFBTM 2026<\/strong><\/h5>\n<p>Les droits d&rsquo;inscription correspondent \u00e0 une formule \u00ab\u00a0tout compris\u00a0\u00bb : acc\u00e8s \u00e0 toutes les sessions scientifiques, aux pauses-caf\u00e9, \u00e0 l&rsquo;h\u00e9bergement et aux diff\u00e9rents repas, au d\u00eener de gala.<\/p>\n<p style=\"text-align: center;\"><span style=\"color: #ff0000;\"><strong>Attention, le nombre de places est limit\u00e9 !<\/strong><\/span><\/p>\n<p>Merci de pr\u00e9ciser le nom de la personne avec qui vous partagez votre chambre lors de votre inscription.<\/p>\n<div>\u00a0<\/div>\n<table class=\"aligncenter\" style=\"height: 231px; width: 94.0588%;\" border=\"2\" cellspacing=\"2\" cellpadding=\"2\">\n<tbody>\n<tr style=\"height: 46px;\">\n<th style=\"width: 34.1902%; height: 44px;\">\u00a0<\/th>\n<th style=\"width: 17.5995%; height: 44px;\"><span style=\"color: #000000;\"><strong>Jusqu&rsquo;au 27 f\u00e9vrier 2026<\/strong><\/span><\/th>\n<th style=\"width: 16.7159%; height: 44px;\"><strong>Apr\u00e8s le 27 f\u00e9vrier 2026<\/strong><\/th>\n<\/tr>\n<tr style=\"height: 26px;\">\n<td style=\"width: 34.1902%; height: 26px;\">Etudiant*\/Post-Doc**\/CDD**, chambre double<\/td>\n<td style=\"width: 17.5995%; height: 26px; text-align: left;\"><strong><span style=\"color: #000000;\">510 \u20ac<\/span><\/strong><\/td>\n<td style=\"width: 16.7159%; height: 26px; text-align: left;\"><strong>600 \u20ac<\/strong><\/td>\n<\/tr>\n<tr style=\"height: 23px;\">\n<td style=\"width: 34.1902%; height: 23px;\">Chercheur \/ statutaire EPST, chambre double<\/td>\n<td style=\"width: 17.5995%; height: 23px; text-align: left;\"><strong>610 \u20ac<\/strong><\/td>\n<td style=\"width: 16.7159%; height: 23px; text-align: left;\"><strong>700 \u20ac<\/strong><\/td>\n<\/tr>\n<tr style=\"height: 23px;\">\n<td style=\"width: 34.1902%; height: 23px;\">Chambre simple<\/td>\n<td style=\"width: 17.5995%; height: 23px; text-align: left;\"><strong>720 \u20ac<\/strong><\/td>\n<td style=\"width: 16.7159%; height: 23px; text-align: left;\"><strong>800 \u20ac<\/strong><\/td>\n<\/tr>\n<tr style=\"height: 23px;\">\n<td style=\"width: 34.1902%; height: 23px;\">Priv\u00e9\/Industriel<\/td>\n<td style=\"width: 17.5995%; height: 23px; text-align: left;\"><strong>800 \u20ac<\/strong><\/td>\n<td style=\"width: 16.7159%; height: 23px; text-align: left;\"><strong>900 \u20ac<\/strong><\/td>\n<\/tr>\n<tr style=\"height: 26px;\">\n<td style=\"width: 34.1902%; height: 26px;\">\u00a0<\/td>\n<td style=\"width: 17.5995%; height: 26px; text-align: left;\">\u00a0<\/td>\n<td style=\"width: 16.7159%; height: 26px; text-align: left;\">\u00a0<\/td>\n<\/tr>\n<tr style=\"height: 66px;\">\n<td style=\"width: 68.5056%; height: 66px;\" colspan=\"3\">\n<div><span style=\"font-size: 12pt;\"><em>* Joindre une photocopie de la carte d\u2019\u00e9tudiant au moment de l&rsquo;inscription. **Pour les post-docs et CDD, joindre<\/em><em>\u00a0au paiement une attestation du responsable d&rsquo;\u00e9quipe.<\/em><\/span><\/div>\n<\/td>\n<\/tr>\n<\/tbody>\n<\/table>\n<p style=\"text-align: left;\"><span style=\"color: #000000;\"><em>\u00a0<\/em><\/span><\/p>\n<p>\n\n<p style=\"text-align: left;\">\u00a0<\/p>","protected":false},"excerpt":{"rendered":"<p>LES INSCRIPTIONS SONT OUVERTES. DATE LIMITE D&rsquo;INSCRIPTION : 1 MAI 2026. \u00a0<\/p>\n<p> <a class=\"continue-reading-link\" href=\"https:\/\/sfbtm.fr\/jfbtm\/inscription-jfbtm-2026\/\"><span>Lire la suite&#8230;<\/span><i class=\"crycon-right-dir\"><\/i><\/a> <\/p>\n","protected":false},"author":424,"featured_media":0,"parent":0,"menu_order":0,"comment_status":"closed","ping_status":"closed","template":"","meta":{"_exactmetrics_skip_tracking":false,"_exactmetrics_sitenote_active":false,"_exactmetrics_sitenote_note":"","_exactmetrics_sitenote_category":0,"footnotes":""},"class_list":["post-3361","page","type-page","status-publish","hentry"],"_links":{"self":[{"href":"https:\/\/sfbtm.fr\/jfbtm\/wp-json\/wp\/v2\/pages\/3361","targetHints":{"allow":["GET"]}}],"collection":[{"href":"https:\/\/sfbtm.fr\/jfbtm\/wp-json\/wp\/v2\/pages"}],"about":[{"href":"https:\/\/sfbtm.fr\/jfbtm\/wp-json\/wp\/v2\/types\/page"}],"author":[{"embeddable":true,"href":"https:\/\/sfbtm.fr\/jfbtm\/wp-json\/wp\/v2\/users\/424"}],"replies":[{"embeddable":true,"href":"https:\/\/sfbtm.fr\/jfbtm\/wp-json\/wp\/v2\/comments?post=3361"}],"version-history":[{"count":14,"href":"https:\/\/sfbtm.fr\/jfbtm\/wp-json\/wp\/v2\/pages\/3361\/revisions"}],"predecessor-version":[{"id":3470,"href":"https:\/\/sfbtm.fr\/jfbtm\/wp-json\/wp\/v2\/pages\/3361\/revisions\/3470"}],"wp:attachment":[{"href":"https:\/\/sfbtm.fr\/jfbtm\/wp-json\/wp\/v2\/media?parent=3361"}],"curies":[{"name":"wp","href":"https:\/\/api.w.org\/{rel}","templated":true}]}}