{"id":537,"date":"2016-11-04T15:19:21","date_gmt":"2016-11-04T14:19:21","guid":{"rendered":"http:\/\/sfbtm.fr\/jfbtm\/?page_id=537"},"modified":"2026-01-15T11:05:37","modified_gmt":"2026-01-15T10:05:37","slug":"archives","status":"publish","type":"page","link":"https:\/\/sfbtm.fr\/jfbtm\/archives\/","title":{"rendered":"Archives JFBTM"},"content":{"rendered":"<\/p>\n<p>Dans cette section seront archiv\u00e9es les informations principales&nbsp;des JFBTM pass\u00e9es permettant de&nbsp;revivre ces journ\u00e9es.&nbsp;<\/p>\n<h4>&nbsp;<\/h4>\n<h4>18\u00e8mes JFBTM \u00e0 Nancy du 1er au 3 juin 2016<\/h4>\n<\/p>\n<p><img loading=\"lazy\" decoding=\"async\" class=\"alignnone size-large wp-image-27\" src=\"https:\/\/sfbtm.fr\/jfbtm\/wp-content\/uploads\/2015\/10\/opera-1024x300.jpg\" alt=\"Op\u00e9ra National de Lorraine, Nancy\" width=\"900\" height=\"264\" srcset=\"https:\/\/sfbtm.fr\/jfbtm\/wp-content\/uploads\/2015\/10\/opera-1024x300.jpg 1024w, https:\/\/sfbtm.fr\/jfbtm\/wp-content\/uploads\/2015\/10\/opera-300x88.jpg 300w, https:\/\/sfbtm.fr\/jfbtm\/wp-content\/uploads\/2015\/10\/opera-250x73.jpg 250w, https:\/\/sfbtm.fr\/jfbtm\/wp-content\/uploads\/2015\/10\/opera-150x44.jpg 150w, https:\/\/sfbtm.fr\/jfbtm\/wp-content\/uploads\/2015\/10\/opera.jpg 1980w\" sizes=\"auto, (max-width: 900px) 100vw, 900px\" \/><\/p>\n<ul style=\"list-style-type: circle;\">\n<li><a href=\"https:\/\/sfbtm.fr\/jfbtm\/archives\/bienvenue-aux-18emes-jfbtm\/\" target=\"_blank\" rel=\"noopener noreferrer\">Bienvenue<\/a><\/li>\n<li><a href=\"https:\/\/sfbtm.fr\/jfbtm\/infos-pratiques-jfbtm2016\/\" target=\"_blank\" rel=\"noopener noreferrer\">Informations pratiques<\/a><\/li>\n<li><a href=\"https:\/\/sfbtm.fr\/jfbtm\/programme-jfbtm2016\/\" target=\"_blank\" rel=\"noopener noreferrer\">Programme<\/a><\/li>\n<li><a href=\"https:\/\/sfbtm.fr\/jfbtm\/partenaires-jfbtm2016\/\" target=\"_blank\" rel=\"noopener noreferrer\">Partenaires<\/a><\/li>\n<li><a href=\"http:\/\/sfbtm.fr\/les-jfbtm\/les-jfbtm-en-photos\/nggallery\/jfbtm\/jfbtm-2016\" target=\"_blank\" rel=\"noopener noreferrer\">Photos<\/a><\/li>\n<\/ul>\n<p><a href=\"http:\/\/sfbtm.fr\/2017\/05\/12\/18emes-jfbtm-mises-a-lhonneur\/\" target=\"_blank\" rel=\"noopener noreferrer\">Les 18\u00e8mes JFBTM mises \u00e0 l&rsquo;honneur<\/a> par la ville de Nancy !!<\/p>\n<h4>&nbsp;<\/h4>\n<h4>19\u00e8mes JFBTM \u00e0 Lyon du 18 au 20 mai 2017<\/h4>\n<\/p>\n<p><a href=\"https:\/\/sfbtm.fr\/jfbtm\/wp-content\/uploads\/2016\/11\/Theatre-celestins.jpg\"><img loading=\"lazy\" decoding=\"async\" class=\"alignnone size-large wp-image-577\" src=\"https:\/\/sfbtm.fr\/jfbtm\/wp-content\/uploads\/2016\/11\/Theatre-celestins-1024x300.jpg\" alt=\"\" width=\"1000\" height=\"293\" srcset=\"https:\/\/sfbtm.fr\/jfbtm\/wp-content\/uploads\/2016\/11\/Theatre-celestins-1024x300.jpg 1024w, https:\/\/sfbtm.fr\/jfbtm\/wp-content\/uploads\/2016\/11\/Theatre-celestins-300x88.jpg 300w, https:\/\/sfbtm.fr\/jfbtm\/wp-content\/uploads\/2016\/11\/Theatre-celestins-768x225.jpg 768w, https:\/\/sfbtm.fr\/jfbtm\/wp-content\/uploads\/2016\/11\/Theatre-celestins-250x73.jpg 250w, https:\/\/sfbtm.fr\/jfbtm\/wp-content\/uploads\/2016\/11\/Theatre-celestins-150x44.jpg 150w, https:\/\/sfbtm.fr\/jfbtm\/wp-content\/uploads\/2016\/11\/Theatre-celestins.jpg 1980w\" sizes=\"auto, (max-width: 1000px) 100vw, 1000px\" \/><\/a><\/p>\n<ul>\n<li><a href=\"https:\/\/sfbtm.fr\/jfbtm\/archives\/bienvenue-aux-19emes-jfbtm\/\" target=\"_blank\" rel=\"noopener noreferrer\">Bienvenue<\/a><\/li>\n<li><a href=\"https:\/\/sfbtm.fr\/jfbtm\/archives\/informations-pratiques-jfbtm-2017\/\" target=\"_blank\" rel=\"noopener noreferrer\">Informations pratiques<\/a><\/li>\n<li><a href=\"https:\/\/sfbtm.fr\/jfbtm\/archives\/programme-jfbtm-2017\/\" target=\"_blank\" rel=\"noopener noreferrer\">Programme<\/a><\/li>\n<li><a href=\"https:\/\/sfbtm.fr\/jfbtm\/archives\/partenaires-2017\/\" target=\"_blank\" rel=\"noopener noreferrer\">Partenaires<\/a><\/li>\n<li><a href=\"http:\/\/sfbtm.fr\/les-jfbtm\/les-jfbtm-en-photos\/nggallery\/jfbtm\/JFBTM-2017\" target=\"_blank\" rel=\"noopener noreferrer\">Photos<\/a><\/li>\n<\/ul>\n<h4>20\u00e8mes JFBTM \u00e0 Monaco du 21 au 23 mars 2018<\/h4>\n<\/p>\n\n\n<figure class=\"wp-block-image\"><img loading=\"lazy\" decoding=\"async\" width=\"1024\" height=\"300\" src=\"https:\/\/sfbtm.fr\/jfbtm\/wp-content\/uploads\/2017\/09\/photo9-1024x300.jpg\" alt=\"\" class=\"wp-image-1047\" srcset=\"https:\/\/sfbtm.fr\/jfbtm\/wp-content\/uploads\/2017\/09\/photo9-1024x300.jpg 1024w, https:\/\/sfbtm.fr\/jfbtm\/wp-content\/uploads\/2017\/09\/photo9-300x88.jpg 300w, https:\/\/sfbtm.fr\/jfbtm\/wp-content\/uploads\/2017\/09\/photo9-768x225.jpg 768w, https:\/\/sfbtm.fr\/jfbtm\/wp-content\/uploads\/2017\/09\/photo9-150x44.jpg 150w, https:\/\/sfbtm.fr\/jfbtm\/wp-content\/uploads\/2017\/09\/photo9.jpg 1980w\" sizes=\"auto, (max-width: 1024px) 100vw, 1024px\" \/><\/figure>\n\n\n\n<p><\/p>\n\n\n\n<ul class=\"wp-block-list\">\n<li><a rel=\"noreferrer noopener\" aria-label=\"Bienvenue (s\u2019ouvre dans un nouvel onglet)\" href=\"https:\/\/sfbtm.fr\/jfbtm\/archives\/bienvenue-aux-20emes-jfbtm\/\" target=\"_blank\">Bienvenue<\/a><\/li>\n\n\n\n<li><a href=\"https:\/\/sfbtm.fr\/jfbtm\/archives\/infos-pratiques-2018\/\" target=\"_blank\" rel=\"noreferrer noopener\" aria-label=\" (s\u2019ouvre dans un nouvel onglet)\">Informations pratiques<\/a><\/li>\n\n\n\n<li><a rel=\"noreferrer noopener\" aria-label=\" (s\u2019ouvre dans un nouvel onglet)\" href=\"https:\/\/sfbtm.fr\/jfbtm\/archives\/programme-jfbtm-2018\/\" target=\"_blank\">Programme<\/a><\/li>\n\n\n\n<li><a rel=\"noreferrer noopener\" aria-label=\"Partenaires (s\u2019ouvre dans un nouvel onglet)\" href=\"https:\/\/sfbtm.fr\/jfbtm\/archives\/partenaires-2018\/\" target=\"_blank\">Partenaires<\/a><\/li>\n\n\n\n<li>Photos<\/li>\n<\/ul>\n\n\n\n<h4 class=\"wp-block-heading\">21\u00e8mes JFBTM \u00e0 Boulogne-sur-mer du 5 au 7 juin 2019<\/h4>\n\n\n\n<figure class=\"wp-block-image\"><img loading=\"lazy\" decoding=\"async\" width=\"1024\" height=\"300\" src=\"https:\/\/sfbtm.fr\/jfbtm\/wp-content\/uploads\/2019\/02\/nausicaa-1024x300.jpg\" alt=\"\" class=\"wp-image-1328\" srcset=\"https:\/\/sfbtm.fr\/jfbtm\/wp-content\/uploads\/2019\/02\/nausicaa-1024x300.jpg 1024w, https:\/\/sfbtm.fr\/jfbtm\/wp-content\/uploads\/2019\/02\/nausicaa-300x88.jpg 300w, https:\/\/sfbtm.fr\/jfbtm\/wp-content\/uploads\/2019\/02\/nausicaa-768x225.jpg 768w, https:\/\/sfbtm.fr\/jfbtm\/wp-content\/uploads\/2019\/02\/nausicaa-150x44.jpg 150w, https:\/\/sfbtm.fr\/jfbtm\/wp-content\/uploads\/2019\/02\/nausicaa.jpg 1980w\" sizes=\"auto, (max-width: 1024px) 100vw, 1024px\" \/><\/figure>\n\n\n\n<ul class=\"wp-block-list\">\n<li><a rel=\"noreferrer noopener\" aria-label=\" (opens in a new tab)\" href=\"https:\/\/sfbtm.fr\/jfbtm\/archives\/bienvenue-aux-21emes-jfbtm\/\" target=\"_blank\">Bienvenue<\/a><\/li>\n\n\n\n<li><a href=\"https:\/\/sfbtm.fr\/jfbtm\/archives\/infos-pratiques-2019\/\" target=\"_blank\" rel=\"noreferrer noopener\">Informations pratiques<\/a><\/li>\n\n\n\n<li><a rel=\"noreferrer noopener\" aria-label=\"Programme (opens in a new tab)\" href=\"https:\/\/sfbtm.fr\/jfbtm\/archives\/programme-jfbtm-2019\/\" target=\"_blank\">Programme<\/a><\/li>\n\n\n\n<li><a rel=\"noreferrer noopener\" aria-label=\"Partenaires (opens in a new tab)\" href=\"https:\/\/sfbtm.fr\/jfbtm\/archives\/partenaires-jfbtm-2019\/\" target=\"_blank\">Partenaires<\/a><\/li>\n\n\n\n<li>Photos<\/li>\n<\/ul>\n\n\n\n<h4 class=\"wp-block-heading\">22\u00e8mes JFBTM \u00e0 La Baule du 27 au 29 avril 2022<\/h4>\n\n\n\n<figure class=\"wp-block-image size-large\"><a href=\"https:\/\/sfbtm.fr\/jfbtm\/wp-content\/uploads\/2019\/11\/labaule4.jpg\"><img loading=\"lazy\" decoding=\"async\" width=\"1024\" height=\"300\" src=\"https:\/\/sfbtm.fr\/jfbtm\/wp-content\/uploads\/2019\/11\/labaule4-1024x300.jpg\" alt=\"\" class=\"wp-image-1647\" srcset=\"https:\/\/sfbtm.fr\/jfbtm\/wp-content\/uploads\/2019\/11\/labaule4-1024x300.jpg 1024w, https:\/\/sfbtm.fr\/jfbtm\/wp-content\/uploads\/2019\/11\/labaule4-300x88.jpg 300w, https:\/\/sfbtm.fr\/jfbtm\/wp-content\/uploads\/2019\/11\/labaule4-768x225.jpg 768w, https:\/\/sfbtm.fr\/jfbtm\/wp-content\/uploads\/2019\/11\/labaule4-150x44.jpg 150w, https:\/\/sfbtm.fr\/jfbtm\/wp-content\/uploads\/2019\/11\/labaule4.jpg 1980w\" sizes=\"auto, (max-width: 1024px) 100vw, 1024px\" \/><\/a><\/figure>\n\n\n\n<ul class=\"wp-block-list\">\n<li><a href=\"https:\/\/sfbtm.fr\/jfbtm\/archives\/soumission\/\">Bienvenue<\/a><\/li>\n\n\n\n<li><a href=\"https:\/\/sfbtm.fr\/jfbtm\/archives\/infos-pratiques\/\" target=\"_blank\" rel=\"noreferrer noopener\">Informations pratiques<\/a><\/li>\n\n\n\n<li><a href=\"https:\/\/sfbtm.fr\/jfbtm\/archives\/programme\/\" target=\"_blank\" rel=\"noreferrer noopener\">Programme<\/a><\/li>\n\n\n\n<li>Partenaires<\/li>\n\n\n\n<li>Photos<\/li>\n<\/ul>\n\n\n\n<h4 class=\"wp-block-heading\">23\u00e8mes JFBTM \u00e0 S\u00e8te du 27 au 29 avril 2023<\/h4>\n\n\n\n<figure class=\"wp-block-image size-large\"><a href=\"https:\/\/sfbtm.fr\/jfbtm\/wp-content\/uploads\/2022\/09\/IMG_0375bis-scaled.jpg\"><img loading=\"lazy\" decoding=\"async\" width=\"1024\" height=\"300\" src=\"https:\/\/sfbtm.fr\/jfbtm\/wp-content\/uploads\/2022\/09\/IMG_0375bis-1024x300.jpg\" alt=\"\" class=\"wp-image-2578\" srcset=\"https:\/\/sfbtm.fr\/jfbtm\/wp-content\/uploads\/2022\/09\/IMG_0375bis-1024x300.jpg 1024w, https:\/\/sfbtm.fr\/jfbtm\/wp-content\/uploads\/2022\/09\/IMG_0375bis-300x88.jpg 300w, https:\/\/sfbtm.fr\/jfbtm\/wp-content\/uploads\/2022\/09\/IMG_0375bis-768x225.jpg 768w, https:\/\/sfbtm.fr\/jfbtm\/wp-content\/uploads\/2022\/09\/IMG_0375bis-1536x450.jpg 1536w, https:\/\/sfbtm.fr\/jfbtm\/wp-content\/uploads\/2022\/09\/IMG_0375bis-2048x599.jpg 2048w, https:\/\/sfbtm.fr\/jfbtm\/wp-content\/uploads\/2022\/09\/IMG_0375bis-150x44.jpg 150w\" sizes=\"auto, (max-width: 1024px) 100vw, 1024px\" \/><\/a><\/figure>\n\n\n\n<ul class=\"wp-block-list\">\n<li>Bienvenue<\/li>\n\n\n\n<li><a href=\"https:\/\/sfbtm.fr\/jfbtm\/archives\/informations-pratiques-jfbtm-2023\/\" target=\"_blank\" rel=\"noreferrer noopener\">Informations pratiques<\/a><\/li>\n\n\n\n<li><a href=\"https:\/\/sfbtm.fr\/jfbtm\/archives\/programme-jfbtm-2023\/\" target=\"_blank\" rel=\"noreferrer noopener\">Programme<\/a><\/li>\n\n\n\n<li><a href=\"https:\/\/sfbtm.fr\/jfbtm\/archives\/partenaires-2\/\" target=\"_blank\" rel=\"noreferrer noopener\">Partenaires<\/a><\/li>\n\n\n\n<li>Photos<\/li>\n<\/ul>\n\n\n\n<h4 class=\"wp-block-heading\">24\u00e8mes JFBTM \u00e0 Bordeaux du 27 au 29 avril 2024<\/h4>\n\n\n\n<figure class=\"wp-block-image size-large is-resized\"><a href=\"https:\/\/sfbtm.fr\/jfbtm\/wp-content\/uploads\/2023\/10\/Miroir-deau\u00a9Vent-dAntan-C.-Bouthe-scaled.jpg\"><img loading=\"lazy\" decoding=\"async\" width=\"1024\" height=\"424\" src=\"https:\/\/sfbtm.fr\/jfbtm\/wp-content\/uploads\/2023\/10\/Miroir-deau\u00a9Vent-dAntan-C.-Bouthe-1024x424.jpg\" alt=\"\" class=\"wp-image-2856\" style=\"width:838px;height:auto\" srcset=\"https:\/\/sfbtm.fr\/jfbtm\/wp-content\/uploads\/2023\/10\/Miroir-deau\u00a9Vent-dAntan-C.-Bouthe-1024x424.jpg 1024w, https:\/\/sfbtm.fr\/jfbtm\/wp-content\/uploads\/2023\/10\/Miroir-deau\u00a9Vent-dAntan-C.-Bouthe-300x124.jpg 300w, https:\/\/sfbtm.fr\/jfbtm\/wp-content\/uploads\/2023\/10\/Miroir-deau\u00a9Vent-dAntan-C.-Bouthe-768x318.jpg 768w, https:\/\/sfbtm.fr\/jfbtm\/wp-content\/uploads\/2023\/10\/Miroir-deau\u00a9Vent-dAntan-C.-Bouthe-1536x636.jpg 1536w, https:\/\/sfbtm.fr\/jfbtm\/wp-content\/uploads\/2023\/10\/Miroir-deau\u00a9Vent-dAntan-C.-Bouthe-2048x849.jpg 2048w, https:\/\/sfbtm.fr\/jfbtm\/wp-content\/uploads\/2023\/10\/Miroir-deau\u00a9Vent-dAntan-C.-Bouthe-150x62.jpg 150w\" sizes=\"auto, (max-width: 1024px) 100vw, 1024px\" \/><\/a><\/figure>\n\n\n\n<ul class=\"wp-block-list\">\n<li><a href=\"https:\/\/sfbtm.fr\/jfbtm\/2023\/10\/10\/bienvenue-aux-24emes-jfbtm\/\">Bienvenue<\/a><\/li>\n\n\n\n<li><a href=\"https:\/\/sfbtm.fr\/jfbtm\/archives\/informations-pratiques-jfbtm-2024\/\">Informations pratiques<\/a><\/li>\n\n\n\n<li><a href=\"https:\/\/sfbtm.fr\/jfbtm\/programme-des-jfbtm-2024\/\" target=\"_blank\" rel=\"noreferrer noopener\">Programme<\/a><\/li>\n\n\n\n<li><a href=\"https:\/\/sfbtm.fr\/jfbtm\/archives\/partenaires-jfbtm-2024\/\" target=\"_blank\" rel=\"noreferrer noopener\">Partenaires<\/a><\/li>\n\n\n\n<li>Photos<\/li>\n<\/ul>\n\n\n\n<h4 class=\"wp-block-heading\">25\u00e8mes JFBTM \u00e0 Reims du 14 au 16 mai 2025<\/h4>\n\n\n\n<figure class=\"wp-block-image size-large is-resized\"><a href=\"https:\/\/sfbtm.fr\/jfbtm\/wp-content\/uploads\/2024\/11\/Capture-decran-2024-11-06-a-13.10.32.png\"><img loading=\"lazy\" decoding=\"async\" width=\"1024\" height=\"463\" src=\"https:\/\/sfbtm.fr\/jfbtm\/wp-content\/uploads\/2024\/11\/Capture-decran-2024-11-06-a-13.10.32-1024x463.png\" alt=\"\" class=\"wp-image-3170\" style=\"width:838px;height:auto\" srcset=\"https:\/\/sfbtm.fr\/jfbtm\/wp-content\/uploads\/2024\/11\/Capture-decran-2024-11-06-a-13.10.32-1024x463.png 1024w, https:\/\/sfbtm.fr\/jfbtm\/wp-content\/uploads\/2024\/11\/Capture-decran-2024-11-06-a-13.10.32-300x136.png 300w, https:\/\/sfbtm.fr\/jfbtm\/wp-content\/uploads\/2024\/11\/Capture-decran-2024-11-06-a-13.10.32-768x347.png 768w, https:\/\/sfbtm.fr\/jfbtm\/wp-content\/uploads\/2024\/11\/Capture-decran-2024-11-06-a-13.10.32-1536x695.png 1536w, https:\/\/sfbtm.fr\/jfbtm\/wp-content\/uploads\/2024\/11\/Capture-decran-2024-11-06-a-13.10.32-2048x926.png 2048w, https:\/\/sfbtm.fr\/jfbtm\/wp-content\/uploads\/2024\/11\/Capture-decran-2024-11-06-a-13.10.32-150x68.png 150w\" sizes=\"auto, (max-width: 1024px) 100vw, 1024px\" \/><\/a><figcaption class=\"wp-element-caption\">\u00a9 Cyrille Beudot<\/figcaption><\/figure>\n\n\n\n<ul class=\"wp-block-list\">\n<li><a href=\"https:\/\/sfbtm.fr\/jfbtm\/2024\/10\/22\/bienvenue-aux-25emes-jfbtm\/\">Bienvenue<\/a><\/li>\n\n\n\n<li><a href=\"https:\/\/sfbtm.fr\/jfbtm\/archives\/informations-pratiques-jfbtm-2025\/\">Informations pratiques<\/a><\/li>\n\n\n\n<li><a href=\"https:\/\/sfbtm.fr\/jfbtm\/archives\/programme-des-jfbtm-2025\/\">Programme<\/a><\/li>\n\n\n\n<li><a href=\"https:\/\/sfbtm.fr\/jfbtm\/archives\/partenaires-jfbtm-2025\/\">Partenaires<\/a><\/li>\n\n\n\n<li>Photos<\/li>\n<\/ul>\n\n\n\n\n\n\n\n\n\n\n","protected":false},"excerpt":{"rendered":"<p>Dans cette section seront archiv\u00e9es les informations principales&nbsp;des JFBTM pass\u00e9es permettant de&nbsp;revivre ces journ\u00e9es.&nbsp; &nbsp; 18\u00e8mes JFBTM \u00e0 Nancy du 1er au 3 juin 2016 Bienvenue Informations pratiques Programme Partenaires Photos Les 18\u00e8mes JFBTM mises \u00e0 l&rsquo;honneur par la ville de Nancy !! &nbsp; 19\u00e8mes JFBTM \u00e0 Lyon du 18\u2026<\/p>\n<p> <a class=\"continue-reading-link\" href=\"https:\/\/sfbtm.fr\/jfbtm\/archives\/\"><span>Lire la suite&#8230;<\/span><i class=\"crycon-right-dir\"><\/i><\/a> <\/p>\n","protected":false},"author":1,"featured_media":0,"parent":0,"menu_order":0,"comment_status":"closed","ping_status":"closed","template":"templates\/template-onecolumn.php","meta":{"_exactmetrics_skip_tracking":false,"_exactmetrics_sitenote_active":false,"_exactmetrics_sitenote_note":"","_exactmetrics_sitenote_category":0,"footnotes":""},"class_list":["post-537","page","type-page","status-publish","hentry"],"_links":{"self":[{"href":"https:\/\/sfbtm.fr\/jfbtm\/wp-json\/wp\/v2\/pages\/537","targetHints":{"allow":["GET"]}}],"collection":[{"href":"https:\/\/sfbtm.fr\/jfbtm\/wp-json\/wp\/v2\/pages"}],"about":[{"href":"https:\/\/sfbtm.fr\/jfbtm\/wp-json\/wp\/v2\/types\/page"}],"author":[{"embeddable":true,"href":"https:\/\/sfbtm.fr\/jfbtm\/wp-json\/wp\/v2\/users\/1"}],"replies":[{"embeddable":true,"href":"https:\/\/sfbtm.fr\/jfbtm\/wp-json\/wp\/v2\/comments?post=537"}],"version-history":[{"count":66,"href":"https:\/\/sfbtm.fr\/jfbtm\/wp-json\/wp\/v2\/pages\/537\/revisions"}],"predecessor-version":[{"id":3389,"href":"https:\/\/sfbtm.fr\/jfbtm\/wp-json\/wp\/v2\/pages\/537\/revisions\/3389"}],"wp:attachment":[{"href":"https:\/\/sfbtm.fr\/jfbtm\/wp-json\/wp\/v2\/media?parent=537"}],"curies":[{"name":"wp","href":"https:\/\/api.w.org\/{rel}","templated":true}]}}