{"id":550,"date":"2016-11-04T15:29:47","date_gmt":"2016-11-04T14:29:47","guid":{"rendered":"http:\/\/sfbtm.fr\/jfbtm\/?page_id=550"},"modified":"2016-11-08T17:02:15","modified_gmt":"2016-11-08T16:02:15","slug":"programme-jfbtm2016","status":"publish","type":"page","link":"https:\/\/sfbtm.fr\/jfbtm\/archives\/programme-jfbtm2016\/","title":{"rendered":"Programme &#8211; JFBTM 2016"},"content":{"rendered":"<p><a href=\"https:\/\/sfbtm.fr\/jfbtm\/wp-content\/uploads\/2015\/09\/Logo_SFBTM.png\" rel=\"attachment wp-att-353\"><img loading=\"lazy\" decoding=\"async\" class=\"alignright wp-image-353\" src=\"https:\/\/sfbtm.fr\/jfbtm\/wp-content\/uploads\/2015\/09\/Logo_SFBTM-1024x517.png\" alt=\"Logo_SFBTM\" width=\"150\" height=\"76\" srcset=\"https:\/\/sfbtm.fr\/jfbtm\/wp-content\/uploads\/2015\/09\/Logo_SFBTM-1024x517.png 1024w, https:\/\/sfbtm.fr\/jfbtm\/wp-content\/uploads\/2015\/09\/Logo_SFBTM-300x152.png 300w, https:\/\/sfbtm.fr\/jfbtm\/wp-content\/uploads\/2015\/09\/Logo_SFBTM-768x388.png 768w, https:\/\/sfbtm.fr\/jfbtm\/wp-content\/uploads\/2015\/09\/Logo_SFBTM-250x126.png 250w, https:\/\/sfbtm.fr\/jfbtm\/wp-content\/uploads\/2015\/09\/Logo_SFBTM-150x76.png 150w, https:\/\/sfbtm.fr\/jfbtm\/wp-content\/uploads\/2015\/09\/Logo_SFBTM.png 1308w\" sizes=\"auto, (max-width: 150px) 100vw, 150px\" \/><\/a><\/p>\n<p>&nbsp;<\/p>\n<p>&nbsp;<\/p>\n<p>Comme chaque ann\u00e9e, le programme scientifique mettra en valeur les<strong>\u00a0jeunes scientifiques\u00a0<\/strong>par l\u2019interm\u00e9diaire de communications orales ou affich\u00e9es sur s\u00e9lection des r\u00e9sum\u00e9s.\u00a0<\/p>\n<p><strong>Cinq conf\u00e9renciers d\u2019exceptions<\/strong> ont accept\u00e9 de venir partager leur expertise dans des domaines vari\u00e9s autour des tissus min\u00e9ralis\u00e9s:<\/p>\n<ul style=\"list-style-type: circle;\">\n<li>Pierre Marie (Inserm, Paris, France)\u00a0<a href=\"http:\/\/cvscience.aviesan.fr\/cv\/1544\/pierre-marie\" target=\"_blank\"><img loading=\"lazy\" decoding=\"async\" class=\"alignnone wp-image-279\" src=\"https:\/\/sfbtm.fr\/jfbtm\/wp-content\/uploads\/2015\/09\/29948-300x300.png\" alt=\"29948\" width=\"16\" height=\"16\" srcset=\"https:\/\/sfbtm.fr\/jfbtm\/wp-content\/uploads\/2015\/09\/29948-300x300.png 300w, https:\/\/sfbtm.fr\/jfbtm\/wp-content\/uploads\/2015\/09\/29948-150x150.png 150w, https:\/\/sfbtm.fr\/jfbtm\/wp-content\/uploads\/2015\/09\/29948.png 512w\" sizes=\"auto, (max-width: 16px) 100vw, 16px\" \/><\/a><\/li>\n<li>Georg Schett (Universit\u00e9 d&rsquo;Erlangen, Erlangen, Allemagne)\u00a0<a href=\"http:\/\/www.medizin3.uk-erlangen.de\/kontakt\/visitenkarte\/vk\/georgschett\/39576\/\" target=\"_blank\"><img loading=\"lazy\" decoding=\"async\" class=\"alignnone wp-image-279\" src=\"https:\/\/sfbtm.fr\/jfbtm\/wp-content\/uploads\/2015\/09\/29948-300x300.png\" alt=\"29948\" width=\"16\" height=\"16\" srcset=\"https:\/\/sfbtm.fr\/jfbtm\/wp-content\/uploads\/2015\/09\/29948-300x300.png 300w, https:\/\/sfbtm.fr\/jfbtm\/wp-content\/uploads\/2015\/09\/29948-150x150.png 150w, https:\/\/sfbtm.fr\/jfbtm\/wp-content\/uploads\/2015\/09\/29948.png 512w\" sizes=\"auto, (max-width: 16px) 100vw, 16px\" \/><\/a><\/li>\n<li>Elazar Zelzer (Weizman Institute, Rehovot, Isra\u00ebl)\u00a0<a href=\"http:\/\/www.weizmann.ac.il\/molgen\/Zelzer\/home\" target=\"_blank\"><img loading=\"lazy\" decoding=\"async\" class=\"alignnone wp-image-279\" src=\"https:\/\/sfbtm.fr\/jfbtm\/wp-content\/uploads\/2015\/09\/29948-300x300.png\" alt=\"29948\" width=\"16\" height=\"16\" srcset=\"https:\/\/sfbtm.fr\/jfbtm\/wp-content\/uploads\/2015\/09\/29948-300x300.png 300w, https:\/\/sfbtm.fr\/jfbtm\/wp-content\/uploads\/2015\/09\/29948-150x150.png 150w, https:\/\/sfbtm.fr\/jfbtm\/wp-content\/uploads\/2015\/09\/29948.png 512w\" sizes=\"auto, (max-width: 16px) 100vw, 16px\" \/><\/a><\/li>\n<li>Karim Benzerara (UPMC, Paris, France)\u00a0<a href=\"http:\/\/www.impmc.upmc.fr\/~benzerar\/\" target=\"_blank\"><img loading=\"lazy\" decoding=\"async\" class=\"alignnone wp-image-279\" src=\"https:\/\/sfbtm.fr\/jfbtm\/wp-content\/uploads\/2015\/09\/29948-300x300.png\" alt=\"29948\" width=\"16\" height=\"16\" srcset=\"https:\/\/sfbtm.fr\/jfbtm\/wp-content\/uploads\/2015\/09\/29948-300x300.png 300w, https:\/\/sfbtm.fr\/jfbtm\/wp-content\/uploads\/2015\/09\/29948-150x150.png 150w, https:\/\/sfbtm.fr\/jfbtm\/wp-content\/uploads\/2015\/09\/29948.png 512w\" sizes=\"auto, (max-width: 16px) 100vw, 16px\" \/><\/a><\/li>\n<li>Catherine Shanahan (King&rsquo;s College London, Londres, Angleterre)<a href=\"http:\/\/www.kcl.ac.uk\/lsm\/research\/divisions\/cardio\/about\/people\/shanahanc.aspx\" target=\"_blank\"><img loading=\"lazy\" decoding=\"async\" class=\"alignnone wp-image-279\" src=\"https:\/\/sfbtm.fr\/jfbtm\/wp-content\/uploads\/2015\/09\/29948-300x300.png\" alt=\"29948\" width=\"16\" height=\"16\" srcset=\"https:\/\/sfbtm.fr\/jfbtm\/wp-content\/uploads\/2015\/09\/29948-300x300.png 300w, https:\/\/sfbtm.fr\/jfbtm\/wp-content\/uploads\/2015\/09\/29948-150x150.png 150w, https:\/\/sfbtm.fr\/jfbtm\/wp-content\/uploads\/2015\/09\/29948.png 512w\" sizes=\"auto, (max-width: 16px) 100vw, 16px\" \/><\/a><\/li>\n<\/ul>\n<p><span style=\"font-size: 14pt;\"><em><strong>T\u00e9l\u00e9chargez le <a href=\"https:\/\/sfbtm.fr\/jfbtm\/wp-content\/uploads\/2015\/09\/Programme-Final-18emes-JFBTM.pdf\" target=\"_blank\">Programme Final des 18emes JFBTM<\/a>\u00a0et la listes des communications <a href=\"https:\/\/sfbtm.fr\/jfbtm\/wp-content\/uploads\/2015\/09\/Oraux-Feuil1.pdf\" target=\"_blank\">Orales<\/a>, <a href=\"https:\/\/sfbtm.fr\/jfbtm\/wp-content\/uploads\/2015\/09\/Flash.pdf\" target=\"_blank\">Flash<\/a>\u00a0ou <a href=\"https:\/\/sfbtm.fr\/jfbtm\/wp-content\/uploads\/2015\/09\/Posters-finaux-Feuil1.pdf\" target=\"_blank\">Affich\u00e9es<\/a><\/strong><\/em><\/span><\/p>\n<p>Les sessions auront lieu dans <a href=\"http:\/\/www.grandnancy-congresetevenements.com\/salle.html?slide=3\" target=\"_blank\">le petit auditorium<\/a> du Centre Prouv\u00e9,\u00a0les pauses dans <a href=\"http:\/\/www.grandnancy-congresetevenements.com\/salle.html?slide=25\" target=\"_blank\">le Foyer 300<\/a>\u00a0, et les posters seront affich\u00e9s dans\u00a0le <a href=\"http:\/\/www.grandnancy-congresetevenements.com\/salle.html?slide=24\">Foyer 850<\/a>\u00a0un peu \u00e0 l&rsquo;\u00e9cart.<\/p>\n<p>Un cocktail aura lieu au <a href=\"http:\/\/mban.nancy.fr\">Mus\u00e9e des Beaux Arts de Nanc<\/a>y. Le diner de Gala aura lieu dans <a href=\"http:\/\/www.grandnancy-congresetevenements.com\/grands-salons-de-lhotel-de-ville-en.html\" target=\"_blank\">les Grands Salons de l&rsquo;H\u00f4tel de Ville<\/a>.<\/p>\n<div>\u00a0<\/div>\n","protected":false},"excerpt":{"rendered":"<p>&nbsp; &nbsp; Comme chaque ann\u00e9e, le programme scientifique mettra en valeur les\u00a0jeunes scientifiques\u00a0par l\u2019interm\u00e9diaire de communications orales ou affich\u00e9es sur s\u00e9lection des r\u00e9sum\u00e9s.\u00a0 Cinq conf\u00e9renciers d\u2019exceptions ont accept\u00e9 de venir partager leur expertise dans des domaines vari\u00e9s autour des tissus min\u00e9ralis\u00e9s: Pierre Marie (Inserm, Paris, France)\u00a0 Georg Schett (Universit\u00e9 d&rsquo;Erlangen,\u2026<\/p>\n<p> <a class=\"continue-reading-link\" href=\"https:\/\/sfbtm.fr\/jfbtm\/archives\/programme-jfbtm2016\/\"><span>Lire la suite&#8230;<\/span><i class=\"crycon-right-dir\"><\/i><\/a> <\/p>\n","protected":false},"author":1,"featured_media":0,"parent":537,"menu_order":0,"comment_status":"closed","ping_status":"closed","template":"","meta":{"_exactmetrics_skip_tracking":false,"_exactmetrics_sitenote_active":false,"_exactmetrics_sitenote_note":"","_exactmetrics_sitenote_category":0,"footnotes":""},"class_list":["post-550","page","type-page","status-publish","hentry"],"_links":{"self":[{"href":"https:\/\/sfbtm.fr\/jfbtm\/wp-json\/wp\/v2\/pages\/550","targetHints":{"allow":["GET"]}}],"collection":[{"href":"https:\/\/sfbtm.fr\/jfbtm\/wp-json\/wp\/v2\/pages"}],"about":[{"href":"https:\/\/sfbtm.fr\/jfbtm\/wp-json\/wp\/v2\/types\/page"}],"author":[{"embeddable":true,"href":"https:\/\/sfbtm.fr\/jfbtm\/wp-json\/wp\/v2\/users\/1"}],"replies":[{"embeddable":true,"href":"https:\/\/sfbtm.fr\/jfbtm\/wp-json\/wp\/v2\/comments?post=550"}],"version-history":[{"count":3,"href":"https:\/\/sfbtm.fr\/jfbtm\/wp-json\/wp\/v2\/pages\/550\/revisions"}],"predecessor-version":[{"id":553,"href":"https:\/\/sfbtm.fr\/jfbtm\/wp-json\/wp\/v2\/pages\/550\/revisions\/553"}],"up":[{"embeddable":true,"href":"https:\/\/sfbtm.fr\/jfbtm\/wp-json\/wp\/v2\/pages\/537"}],"wp:attachment":[{"href":"https:\/\/sfbtm.fr\/jfbtm\/wp-json\/wp\/v2\/media?parent=550"}],"curies":[{"name":"wp","href":"https:\/\/api.w.org\/{rel}","templated":true}]}}