{"id":555,"date":"2016-11-04T15:32:51","date_gmt":"2016-11-04T14:32:51","guid":{"rendered":"http:\/\/sfbtm.fr\/jfbtm\/?page_id=555"},"modified":"2016-11-08T17:01:59","modified_gmt":"2016-11-08T16:01:59","slug":"partenaires-jfbtm2016","status":"publish","type":"page","link":"https:\/\/sfbtm.fr\/jfbtm\/archives\/partenaires-jfbtm2016\/","title":{"rendered":"Partenaires &#8211; JFBTM 2016"},"content":{"rendered":"<p>&nbsp;<\/p>\n<p><a href=\"https:\/\/sfbtm.fr\/jfbtm\/wp-content\/uploads\/2016\/01\/Booking-Form-JFBTM-2016.docx\" rel=\"\">Booking Form JFBTM 2016<\/a><\/p>\n<p>Nous remercions les partenaires\u00a0suivants qui ont d\u00e9j\u00e0 souhait\u00e9 nous soutenir lors de ces\u00a0 18<sup>\u00e9mes<\/sup>\u00a0JFBTM<\/p>\n<p>D&rsquo;autres vont bient\u00f4t nous rejoindre \ud83d\ude09<\/p>\n<p>Si vous \u00eates int\u00e9ress\u00e9s, merci de nous \u00e9crire \u00e0 <a href=\"mailto:jfbtm2016@gmail.com\" target=\"_blank\">jfbtm2016@gmail.com<\/a>\u00a0ou t\u00e9l\u00e9charger le <a href=\"https:\/\/sfbtm.fr\/jfbtm\/wp-content\/uploads\/2016\/01\/Booking-Form-JFBTM-2016.docx\" target=\"_blank\">booking form<\/a><\/p>\n<p><span style=\"font-size: 18pt;\">Institutionnels<\/span><\/p>\n<hr \/>\n<p><a href=\"http:\/\/www.imopa.cnrs.fr\/\" target=\"_blank\"><img loading=\"lazy\" decoding=\"async\" class=\"alignnone wp-image-193 size-full\" src=\"https:\/\/sfbtm.fr\/jfbtm\/wp-content\/uploads\/2016\/01\/Imopa.png\" alt=\"Imopa\" width=\"395\" height=\"142\" srcset=\"https:\/\/sfbtm.fr\/jfbtm\/wp-content\/uploads\/2016\/01\/Imopa.png 395w, https:\/\/sfbtm.fr\/jfbtm\/wp-content\/uploads\/2016\/01\/Imopa-300x108.png 300w, https:\/\/sfbtm.fr\/jfbtm\/wp-content\/uploads\/2016\/01\/Imopa-250x90.png 250w, https:\/\/sfbtm.fr\/jfbtm\/wp-content\/uploads\/2016\/01\/Imopa-150x54.png 150w\" sizes=\"auto, (max-width: 395px) 100vw, 395px\" \/><\/a><a href=\"http:\/\/bmct.federation.univ-lorraine.fr\" target=\"_blank\"><img loading=\"lazy\" decoding=\"async\" class=\"alignright wp-image-231 size-full\" src=\"https:\/\/sfbtm.fr\/jfbtm\/wp-content\/uploads\/2016\/01\/Feder3209b.jpg\" alt=\"Feder3209b\" width=\"405\" height=\"108\" srcset=\"https:\/\/sfbtm.fr\/jfbtm\/wp-content\/uploads\/2016\/01\/Feder3209b.jpg 405w, https:\/\/sfbtm.fr\/jfbtm\/wp-content\/uploads\/2016\/01\/Feder3209b-300x80.jpg 300w, https:\/\/sfbtm.fr\/jfbtm\/wp-content\/uploads\/2016\/01\/Feder3209b-250x67.jpg 250w, https:\/\/sfbtm.fr\/jfbtm\/wp-content\/uploads\/2016\/01\/Feder3209b-150x40.jpg 150w, https:\/\/sfbtm.fr\/jfbtm\/wp-content\/uploads\/2016\/01\/Feder3209b-400x108.jpg 400w\" sizes=\"auto, (max-width: 405px) 100vw, 405px\" \/><\/a><\/p>\n<p> <a href=\"http:\/\/www.univ-lorraine.fr\" target=\"_blank\"><img loading=\"lazy\" decoding=\"async\" class=\"aligncenter wp-image-341 size-medium\" src=\"https:\/\/sfbtm.fr\/jfbtm\/wp-content\/uploads\/2016\/01\/logo_universite_de_lorraine-300x133.jpg\" alt=\"logo_universite_de_lorraine\" width=\"300\" height=\"133\" srcset=\"https:\/\/sfbtm.fr\/jfbtm\/wp-content\/uploads\/2016\/01\/logo_universite_de_lorraine-300x133.jpg 300w, https:\/\/sfbtm.fr\/jfbtm\/wp-content\/uploads\/2016\/01\/logo_universite_de_lorraine-250x111.jpg 250w, https:\/\/sfbtm.fr\/jfbtm\/wp-content\/uploads\/2016\/01\/logo_universite_de_lorraine-150x66.jpg 150w, https:\/\/sfbtm.fr\/jfbtm\/wp-content\/uploads\/2016\/01\/logo_universite_de_lorraine.jpg 400w\" sizes=\"auto, (max-width: 300px) 100vw, 300px\" \/><\/a><a href=\"https:\/\/sfbtm.fr\/jfbtm\/wp-content\/uploads\/2016\/01\/Imopa.png\" rel=\"attachment wp-att-193\"><br \/>\n <\/a><\/p>\n<p><a href=\"http:\/\/www.inserm.fr\" target=\"_blank\"><img loading=\"lazy\" decoding=\"async\" class=\"alignnone wp-image-188\" src=\"https:\/\/sfbtm.fr\/jfbtm\/wp-content\/uploads\/2016\/01\/LogoGenerique-300x75.jpg\" alt=\"LogoGenerique\" width=\"356\" height=\"89\" srcset=\"https:\/\/sfbtm.fr\/jfbtm\/wp-content\/uploads\/2016\/01\/LogoGenerique-300x75.jpg 300w, https:\/\/sfbtm.fr\/jfbtm\/wp-content\/uploads\/2016\/01\/LogoGenerique-250x62.jpg 250w, https:\/\/sfbtm.fr\/jfbtm\/wp-content\/uploads\/2016\/01\/LogoGenerique-150x37.jpg 150w, https:\/\/sfbtm.fr\/jfbtm\/wp-content\/uploads\/2016\/01\/LogoGenerique.jpg 709w\" sizes=\"auto, (max-width: 356px) 100vw, 356px\" \/><\/a><a href=\"http:\/\/www.cnrs.fr\" target=\"_blank\"><img loading=\"lazy\" decoding=\"async\" class=\"alignright wp-image-268\" src=\"https:\/\/sfbtm.fr\/jfbtm\/wp-content\/uploads\/2016\/01\/CNRSfr-grand-300x300.jpg\" alt=\"CNRSfr-grand\" width=\"128\" height=\"128\" srcset=\"https:\/\/sfbtm.fr\/jfbtm\/wp-content\/uploads\/2016\/01\/CNRSfr-grand-300x300.jpg 300w, https:\/\/sfbtm.fr\/jfbtm\/wp-content\/uploads\/2016\/01\/CNRSfr-grand-150x150.jpg 150w, https:\/\/sfbtm.fr\/jfbtm\/wp-content\/uploads\/2016\/01\/CNRSfr-grand.jpg 709w\" sizes=\"auto, (max-width: 128px) 100vw, 128px\" \/><\/a><\/p>\n<p><a href=\"http:\/\/www.grand-nancy.org\/accueil\/\" target=\"_blank\"><img loading=\"lazy\" decoding=\"async\" class=\"alignnone wp-image-497 size-medium\" src=\"https:\/\/sfbtm.fr\/jfbtm\/wp-content\/uploads\/2016\/01\/GN_coul-sans-baseline--300x56.jpg\" width=\"300\" height=\"56\" srcset=\"https:\/\/sfbtm.fr\/jfbtm\/wp-content\/uploads\/2016\/01\/GN_coul-sans-baseline--300x56.jpg 300w, https:\/\/sfbtm.fr\/jfbtm\/wp-content\/uploads\/2016\/01\/GN_coul-sans-baseline--768x144.jpg 768w, https:\/\/sfbtm.fr\/jfbtm\/wp-content\/uploads\/2016\/01\/GN_coul-sans-baseline--1024x192.jpg 1024w, https:\/\/sfbtm.fr\/jfbtm\/wp-content\/uploads\/2016\/01\/GN_coul-sans-baseline--250x47.jpg 250w, https:\/\/sfbtm.fr\/jfbtm\/wp-content\/uploads\/2016\/01\/GN_coul-sans-baseline--150x28.jpg 150w, https:\/\/sfbtm.fr\/jfbtm\/wp-content\/uploads\/2016\/01\/GN_coul-sans-baseline-.jpg 1163w\" sizes=\"auto, (max-width: 300px) 100vw, 300px\" \/><\/a><a href=\"http:\/\/www1.nancy.fr\/portail\/\" target=\"_blank\"><img loading=\"lazy\" decoding=\"async\" class=\"alignright wp-image-478\" src=\"https:\/\/sfbtm.fr\/jfbtm\/wp-content\/uploads\/2016\/01\/ville-de-nancy-300x155.jpg\" alt=\"ville-de-nancy\" width=\"199\" height=\"103\" srcset=\"https:\/\/sfbtm.fr\/jfbtm\/wp-content\/uploads\/2016\/01\/ville-de-nancy-300x155.jpg 300w, https:\/\/sfbtm.fr\/jfbtm\/wp-content\/uploads\/2016\/01\/ville-de-nancy-768x397.jpg 768w, https:\/\/sfbtm.fr\/jfbtm\/wp-content\/uploads\/2016\/01\/ville-de-nancy-1024x529.jpg 1024w, https:\/\/sfbtm.fr\/jfbtm\/wp-content\/uploads\/2016\/01\/ville-de-nancy-250x129.jpg 250w, https:\/\/sfbtm.fr\/jfbtm\/wp-content\/uploads\/2016\/01\/ville-de-nancy-150x77.jpg 150w, https:\/\/sfbtm.fr\/jfbtm\/wp-content\/uploads\/2016\/01\/ville-de-nancy.jpg 1340w\" sizes=\"auto, (max-width: 199px) 100vw, 199px\" \/><\/a><a href=\"http:\/\/www.alsacechampagneardennelorraine.eu\" target=\"_blank\"><img loading=\"lazy\" decoding=\"async\" class=\"aligncenter wp-image-476 size-medium\" src=\"https:\/\/sfbtm.fr\/jfbtm\/wp-content\/uploads\/2016\/01\/A_CA_L_CMJN-300x115.jpg\" alt=\"A_CA_L_CMJN\" width=\"300\" height=\"115\" srcset=\"https:\/\/sfbtm.fr\/jfbtm\/wp-content\/uploads\/2016\/01\/A_CA_L_CMJN-300x115.jpg 300w, https:\/\/sfbtm.fr\/jfbtm\/wp-content\/uploads\/2016\/01\/A_CA_L_CMJN-768x295.jpg 768w, https:\/\/sfbtm.fr\/jfbtm\/wp-content\/uploads\/2016\/01\/A_CA_L_CMJN-1024x394.jpg 1024w, https:\/\/sfbtm.fr\/jfbtm\/wp-content\/uploads\/2016\/01\/A_CA_L_CMJN-250x96.jpg 250w, https:\/\/sfbtm.fr\/jfbtm\/wp-content\/uploads\/2016\/01\/A_CA_L_CMJN-150x58.jpg 150w\" sizes=\"auto, (max-width: 300px) 100vw, 300px\" \/><\/a><\/p>\n<hr \/>\n<p><a href=\"http:\/\/www.fondation-arthritis.org\" target=\"_blank\"><img loading=\"lazy\" decoding=\"async\" class=\"aligncenter wp-image-499 size-medium\" src=\"https:\/\/sfbtm.fr\/jfbtm\/wp-content\/uploads\/2016\/01\/logo2008-300x107.jpg\" alt=\"logo2008\" width=\"300\" height=\"107\" srcset=\"https:\/\/sfbtm.fr\/jfbtm\/wp-content\/uploads\/2016\/01\/logo2008-300x107.jpg 300w, https:\/\/sfbtm.fr\/jfbtm\/wp-content\/uploads\/2016\/01\/logo2008-768x273.jpg 768w, https:\/\/sfbtm.fr\/jfbtm\/wp-content\/uploads\/2016\/01\/logo2008-250x89.jpg 250w, https:\/\/sfbtm.fr\/jfbtm\/wp-content\/uploads\/2016\/01\/logo2008-150x53.jpg 150w, https:\/\/sfbtm.fr\/jfbtm\/wp-content\/uploads\/2016\/01\/logo2008.jpg 971w\" sizes=\"auto, (max-width: 300px) 100vw, 300px\" \/><\/a><\/p>\n<p><span style=\"font-size: 18pt;\">Associatifs<\/span><\/p>\n<hr \/>\n<p><a href=\"http:\/\/www.biologists.com\" rel=\"attachment wp-att-450\"><img loading=\"lazy\" decoding=\"async\" class=\"alignnone wp-image-450 size-medium\" src=\"https:\/\/sfbtm.fr\/jfbtm\/wp-content\/uploads\/2016\/01\/CoB_logo_AW_RGB_bleed-300x173.jpg\" alt=\"Print\" width=\"300\" height=\"173\" srcset=\"https:\/\/sfbtm.fr\/jfbtm\/wp-content\/uploads\/2016\/01\/CoB_logo_AW_RGB_bleed-300x173.jpg 300w, https:\/\/sfbtm.fr\/jfbtm\/wp-content\/uploads\/2016\/01\/CoB_logo_AW_RGB_bleed-250x144.jpg 250w, https:\/\/sfbtm.fr\/jfbtm\/wp-content\/uploads\/2016\/01\/CoB_logo_AW_RGB_bleed-150x87.jpg 150w, https:\/\/sfbtm.fr\/jfbtm\/wp-content\/uploads\/2016\/01\/CoB_logo_AW_RGB_bleed.jpg 537w\" sizes=\"auto, (max-width: 300px) 100vw, 300px\" \/><\/a><a href=\"http:\/\/www.biomat.fr\" target=\"_blank\"><img loading=\"lazy\" decoding=\"async\" class=\"alignright wp-image-269\" src=\"https:\/\/sfbtm.fr\/jfbtm\/wp-content\/uploads\/2016\/01\/rwsitelogo-300x164.png\" alt=\"rwsitelogo\" width=\"190\" height=\"104\" srcset=\"https:\/\/sfbtm.fr\/jfbtm\/wp-content\/uploads\/2016\/01\/rwsitelogo-300x164.png 300w, https:\/\/sfbtm.fr\/jfbtm\/wp-content\/uploads\/2016\/01\/rwsitelogo-768x420.png 768w, https:\/\/sfbtm.fr\/jfbtm\/wp-content\/uploads\/2016\/01\/rwsitelogo-250x137.png 250w, https:\/\/sfbtm.fr\/jfbtm\/wp-content\/uploads\/2016\/01\/rwsitelogo-150x82.png 150w, https:\/\/sfbtm.fr\/jfbtm\/wp-content\/uploads\/2016\/01\/rwsitelogo.png 796w\" sizes=\"auto, (max-width: 190px) 100vw, 190px\" \/><\/a><\/p>\n<p><a href=\"http:\/\/www.uniklinikum-saarland.de\/de\/einrichtungen\/kliniken_institute\/orthopaedie\/ieo\/cartilage_net\/\" rel=\"attachment wp-att-453\"><img loading=\"lazy\" decoding=\"async\" class=\"wp-image-453 size-large aligncenter\" src=\"https:\/\/sfbtm.fr\/jfbtm\/wp-content\/uploads\/2016\/01\/Knorpelnetzlogo-fn-1024x184.jpg\" alt=\"Knorpelnetzlogo fn\" width=\"900\" height=\"162\" srcset=\"https:\/\/sfbtm.fr\/jfbtm\/wp-content\/uploads\/2016\/01\/Knorpelnetzlogo-fn-1024x184.jpg 1024w, https:\/\/sfbtm.fr\/jfbtm\/wp-content\/uploads\/2016\/01\/Knorpelnetzlogo-fn-300x54.jpg 300w, https:\/\/sfbtm.fr\/jfbtm\/wp-content\/uploads\/2016\/01\/Knorpelnetzlogo-fn-768x138.jpg 768w, https:\/\/sfbtm.fr\/jfbtm\/wp-content\/uploads\/2016\/01\/Knorpelnetzlogo-fn-250x45.jpg 250w, https:\/\/sfbtm.fr\/jfbtm\/wp-content\/uploads\/2016\/01\/Knorpelnetzlogo-fn-150x27.jpg 150w\" sizes=\"auto, (max-width: 900px) 100vw, 900px\" \/><\/a><\/p>\n<hr \/>\n<p><span style=\"font-size: 18pt;\">Fournisseurs\/Soci\u00e9t\u00e9s Priv\u00e9es<\/span><\/p>\n<hr \/>\n<p><a href=\"https:\/\/www.peprotech.com\/en-GB\" target=\"_blank\"><img loading=\"lazy\" decoding=\"async\" class=\"alignright wp-image-270 size-medium\" src=\"https:\/\/sfbtm.fr\/jfbtm\/wp-content\/uploads\/2016\/01\/logo-300x61.gif\" alt=\"logo\" width=\"300\" height=\"61\" srcset=\"https:\/\/sfbtm.fr\/jfbtm\/wp-content\/uploads\/2016\/01\/logo-300x61.gif 300w, https:\/\/sfbtm.fr\/jfbtm\/wp-content\/uploads\/2016\/01\/logo-250x51.gif 250w, https:\/\/sfbtm.fr\/jfbtm\/wp-content\/uploads\/2016\/01\/logo-150x30.gif 150w, https:\/\/sfbtm.fr\/jfbtm\/wp-content\/uploads\/2016\/01\/logo-400x82.gif 400w\" sizes=\"auto, (max-width: 300px) 100vw, 300px\" \/><\/a><a href=\"http:\/\/www.tecomedical.com\/fr\" target=\"_blank\" rel=\"attachment wp-att-409\"><img loading=\"lazy\" decoding=\"async\" class=\"alignleft wp-image-271 size-full\" src=\"https:\/\/sfbtm.fr\/jfbtm\/wp-content\/uploads\/2016\/01\/logo.png\" alt=\"logo\" width=\"299\" height=\"32\" srcset=\"https:\/\/sfbtm.fr\/jfbtm\/wp-content\/uploads\/2016\/01\/logo.png 299w, https:\/\/sfbtm.fr\/jfbtm\/wp-content\/uploads\/2016\/01\/logo-250x27.png 250w, https:\/\/sfbtm.fr\/jfbtm\/wp-content\/uploads\/2016\/01\/logo-150x16.png 150w\" sizes=\"auto, (max-width: 299px) 100vw, 299px\" \/><img loading=\"lazy\" decoding=\"async\" class=\"aligncenter wp-image-409 size-medium\" src=\"https:\/\/sfbtm.fr\/jfbtm\/wp-content\/uploads\/2016\/01\/BioTechne_Logo_400px-300x75.jpg\" alt=\"BioTechne_Logo_400px\" width=\"300\" height=\"75\" srcset=\"https:\/\/sfbtm.fr\/jfbtm\/wp-content\/uploads\/2016\/01\/BioTechne_Logo_400px-300x75.jpg 300w, https:\/\/sfbtm.fr\/jfbtm\/wp-content\/uploads\/2016\/01\/BioTechne_Logo_400px-250x63.jpg 250w, https:\/\/sfbtm.fr\/jfbtm\/wp-content\/uploads\/2016\/01\/BioTechne_Logo_400px-150x38.jpg 150w, https:\/\/sfbtm.fr\/jfbtm\/wp-content\/uploads\/2016\/01\/BioTechne_Logo_400px.jpg 400w\" sizes=\"auto, (max-width: 300px) 100vw, 300px\" \/><\/a><a href=\"http:\/\/www.promocell.com\/\" target=\"_blank\" rel=\"attachment wp-att-462\"><img loading=\"lazy\" decoding=\"async\" class=\"alignnone wp-image-462 size-medium\" src=\"https:\/\/sfbtm.fr\/jfbtm\/wp-content\/uploads\/2016\/01\/PromoCell_logo_4c_RGB_Pixel_XS-300x120.jpg\" alt=\"pc_vorl_f_raster\" width=\"300\" height=\"120\" srcset=\"https:\/\/sfbtm.fr\/jfbtm\/wp-content\/uploads\/2016\/01\/PromoCell_logo_4c_RGB_Pixel_XS-300x120.jpg 300w, https:\/\/sfbtm.fr\/jfbtm\/wp-content\/uploads\/2016\/01\/PromoCell_logo_4c_RGB_Pixel_XS-250x100.jpg 250w, https:\/\/sfbtm.fr\/jfbtm\/wp-content\/uploads\/2016\/01\/PromoCell_logo_4c_RGB_Pixel_XS-150x60.jpg 150w, https:\/\/sfbtm.fr\/jfbtm\/wp-content\/uploads\/2016\/01\/PromoCell_logo_4c_RGB_Pixel_XS.jpg 589w\" sizes=\"auto, (max-width: 300px) 100vw, 300px\" \/><\/a><a href=\"https:\/\/www.sarstedt.com\/fr\/accueil\/\" target=\"_blank\" rel=\"attachment wp-att-447\"><img loading=\"lazy\" decoding=\"async\" class=\"alignright wp-image-447 size-medium\" src=\"https:\/\/sfbtm.fr\/jfbtm\/wp-content\/uploads\/2016\/01\/LOGO-SARSTEDT-GRAPHIQUE-300x69.jpg\" alt=\"LOGO SARSTEDT GRAPHIQUE\" width=\"300\" height=\"69\" srcset=\"https:\/\/sfbtm.fr\/jfbtm\/wp-content\/uploads\/2016\/01\/LOGO-SARSTEDT-GRAPHIQUE-300x69.jpg 300w, https:\/\/sfbtm.fr\/jfbtm\/wp-content\/uploads\/2016\/01\/LOGO-SARSTEDT-GRAPHIQUE-768x177.jpg 768w, https:\/\/sfbtm.fr\/jfbtm\/wp-content\/uploads\/2016\/01\/LOGO-SARSTEDT-GRAPHIQUE-1024x236.jpg 1024w, https:\/\/sfbtm.fr\/jfbtm\/wp-content\/uploads\/2016\/01\/LOGO-SARSTEDT-GRAPHIQUE-250x58.jpg 250w, https:\/\/sfbtm.fr\/jfbtm\/wp-content\/uploads\/2016\/01\/LOGO-SARSTEDT-GRAPHIQUE-150x35.jpg 150w, https:\/\/sfbtm.fr\/jfbtm\/wp-content\/uploads\/2016\/01\/LOGO-SARSTEDT-GRAPHIQUE.jpg 1354w\" sizes=\"auto, (max-width: 300px) 100vw, 300px\" \/><\/a><\/p>\n<p><a href=\"http:\/\/www.biorad.com\" target=\"_blank\"><img loading=\"lazy\" decoding=\"async\" class=\"alignnone wp-image-494 size-medium\" src=\"https:\/\/sfbtm.fr\/jfbtm\/wp-content\/uploads\/2016\/01\/logo_Bio_Rad_couleur_format_GIF-300x82.gif\" alt=\"logo_Bio_Rad_couleur_format_GIF\" width=\"300\" height=\"82\" \/><\/a><a href=\"http:\/\/www.somalogic.com\" target=\"_blank\"><img loading=\"lazy\" decoding=\"async\" class=\"alignright wp-image-530 size-medium\" src=\"https:\/\/sfbtm.fr\/jfbtm\/wp-content\/uploads\/2016\/01\/SomaLogo2-300x111.jpg\" alt=\"SomaLogo2\" width=\"300\" height=\"111\" srcset=\"https:\/\/sfbtm.fr\/jfbtm\/wp-content\/uploads\/2016\/01\/SomaLogo2-300x111.jpg 300w, https:\/\/sfbtm.fr\/jfbtm\/wp-content\/uploads\/2016\/01\/SomaLogo2-250x93.jpg 250w, https:\/\/sfbtm.fr\/jfbtm\/wp-content\/uploads\/2016\/01\/SomaLogo2-150x56.jpg 150w, https:\/\/sfbtm.fr\/jfbtm\/wp-content\/uploads\/2016\/01\/SomaLogo2.jpg 385w\" sizes=\"auto, (max-width: 300px) 100vw, 300px\" \/><\/a><\/p>\n<p><a href=\"http:\/\/www.etap-lab.com\" target=\"_blank\"><img loading=\"lazy\" decoding=\"async\" class=\"wp-image-387 size-medium alignleft\" src=\"https:\/\/sfbtm.fr\/jfbtm\/wp-content\/uploads\/2016\/01\/Logo-ETAP-Lab-2014-gd-TIFF-300x72.png\" alt=\"Logo ETAP-Lab 2014 gd TIFF\" width=\"300\" height=\"72\" srcset=\"https:\/\/sfbtm.fr\/jfbtm\/wp-content\/uploads\/2016\/01\/Logo-ETAP-Lab-2014-gd-TIFF-300x72.png 300w, https:\/\/sfbtm.fr\/jfbtm\/wp-content\/uploads\/2016\/01\/Logo-ETAP-Lab-2014-gd-TIFF-768x184.png 768w, https:\/\/sfbtm.fr\/jfbtm\/wp-content\/uploads\/2016\/01\/Logo-ETAP-Lab-2014-gd-TIFF-250x60.png 250w, https:\/\/sfbtm.fr\/jfbtm\/wp-content\/uploads\/2016\/01\/Logo-ETAP-Lab-2014-gd-TIFF-150x36.png 150w, https:\/\/sfbtm.fr\/jfbtm\/wp-content\/uploads\/2016\/01\/Logo-ETAP-Lab-2014-gd-TIFF.png 1001w\" sizes=\"auto, (max-width: 300px) 100vw, 300px\" \/><\/a><\/p>\n<p><a href=\"http:\/\/www.dutscher.com\/frontoffice\/home\" target=\"_blank\"><img loading=\"lazy\" decoding=\"async\" class=\"wp-image-403 size-medium alignright\" src=\"https:\/\/sfbtm.fr\/jfbtm\/wp-content\/uploads\/2016\/01\/logoDutscher2014--300x76.jpg\" alt=\"logoDutscher2014\" width=\"300\" height=\"76\" srcset=\"https:\/\/sfbtm.fr\/jfbtm\/wp-content\/uploads\/2016\/01\/logoDutscher2014--300x76.jpg 300w, https:\/\/sfbtm.fr\/jfbtm\/wp-content\/uploads\/2016\/01\/logoDutscher2014--768x195.jpg 768w, https:\/\/sfbtm.fr\/jfbtm\/wp-content\/uploads\/2016\/01\/logoDutscher2014--1024x261.jpg 1024w, https:\/\/sfbtm.fr\/jfbtm\/wp-content\/uploads\/2016\/01\/logoDutscher2014--250x64.jpg 250w, https:\/\/sfbtm.fr\/jfbtm\/wp-content\/uploads\/2016\/01\/logoDutscher2014--150x38.jpg 150w, https:\/\/sfbtm.fr\/jfbtm\/wp-content\/uploads\/2016\/01\/logoDutscher2014-.jpg 1438w\" sizes=\"auto, (max-width: 300px) 100vw, 300px\" \/><\/a><\/p>\n<p><a href=\"http:\/\/www.labelhistologie.fr\" target=\"_blank\"><img loading=\"lazy\" decoding=\"async\" class=\"aligncenter wp-image-482\" src=\"https:\/\/sfbtm.fr\/jfbtm\/wp-content\/uploads\/2016\/01\/LH-logocompletRVB-150x150.jpg\" alt=\"LH-logocompletRVB\" width=\"200\" height=\"200\" srcset=\"https:\/\/sfbtm.fr\/jfbtm\/wp-content\/uploads\/2016\/01\/LH-logocompletRVB-150x150.jpg 150w, https:\/\/sfbtm.fr\/jfbtm\/wp-content\/uploads\/2016\/01\/LH-logocompletRVB-300x300.jpg 300w, https:\/\/sfbtm.fr\/jfbtm\/wp-content\/uploads\/2016\/01\/LH-logocompletRVB-768x768.jpg 768w, https:\/\/sfbtm.fr\/jfbtm\/wp-content\/uploads\/2016\/01\/LH-logocompletRVB-1024x1024.jpg 1024w, https:\/\/sfbtm.fr\/jfbtm\/wp-content\/uploads\/2016\/01\/LH-logocompletRVB.jpg 1181w\" sizes=\"auto, (max-width: 200px) 100vw, 200px\" \/><\/a><\/p>\n<hr \/>\n<p><img loading=\"lazy\" decoding=\"async\" class=\"alignnone size-full wp-image-490\" src=\"https:\/\/sfbtm.fr\/jfbtm\/wp-content\/uploads\/2016\/01\/BLPC.png\" alt=\"BLPC\" width=\"266\" height=\"107\" srcset=\"https:\/\/sfbtm.fr\/jfbtm\/wp-content\/uploads\/2016\/01\/BLPC.png 266w, https:\/\/sfbtm.fr\/jfbtm\/wp-content\/uploads\/2016\/01\/BLPC-250x101.png 250w, https:\/\/sfbtm.fr\/jfbtm\/wp-content\/uploads\/2016\/01\/BLPC-150x60.png 150w\" sizes=\"auto, (max-width: 266px) 100vw, 266px\" \/><img loading=\"lazy\" decoding=\"async\" class=\"size-medium wp-image-491 alignright\" src=\"https:\/\/sfbtm.fr\/jfbtm\/wp-content\/uploads\/2016\/01\/Casden.png\" alt=\"Casden\" width=\"278\" height=\"102\" srcset=\"https:\/\/sfbtm.fr\/jfbtm\/wp-content\/uploads\/2016\/01\/Casden.png 278w, https:\/\/sfbtm.fr\/jfbtm\/wp-content\/uploads\/2016\/01\/Casden-250x92.png 250w, https:\/\/sfbtm.fr\/jfbtm\/wp-content\/uploads\/2016\/01\/Casden-150x55.png 150w\" sizes=\"auto, (max-width: 278px) 100vw, 278px\" \/><\/p>\n<p><span style=\"font-size: 18pt;\">Autres<\/span><\/p>\n<p><a href=\"http:\/\/www.brasserie-excelsior.com\/fr\" rel=\"attachment wp-att-455\"><br \/>\n <\/a><img loading=\"lazy\" decoding=\"async\" class=\"aligncenter wp-image-528 size-medium\" src=\"https:\/\/sfbtm.fr\/jfbtm\/wp-content\/uploads\/2016\/01\/logo-A-Team-of-BioSE-PNG-300x138.png\" alt=\"logo A-Team of BioSE PNG\" width=\"300\" height=\"138\" srcset=\"https:\/\/sfbtm.fr\/jfbtm\/wp-content\/uploads\/2016\/01\/logo-A-Team-of-BioSE-PNG-300x138.png 300w, https:\/\/sfbtm.fr\/jfbtm\/wp-content\/uploads\/2016\/01\/logo-A-Team-of-BioSE-PNG-768x353.png 768w, https:\/\/sfbtm.fr\/jfbtm\/wp-content\/uploads\/2016\/01\/logo-A-Team-of-BioSE-PNG-1024x470.png 1024w, https:\/\/sfbtm.fr\/jfbtm\/wp-content\/uploads\/2016\/01\/logo-A-Team-of-BioSE-PNG-250x115.png 250w, https:\/\/sfbtm.fr\/jfbtm\/wp-content\/uploads\/2016\/01\/logo-A-Team-of-BioSE-PNG-150x69.png 150w, https:\/\/sfbtm.fr\/jfbtm\/wp-content\/uploads\/2016\/01\/logo-A-Team-of-BioSE-PNG.png 1084w\" sizes=\"auto, (max-width: 300px) 100vw, 300px\" \/><\/p>\n<p><a href=\"http:\/\/www.brasserie-excelsior.com\/fr\" target=\"_blank\" rel=\"attachment wp-att-455\"><img loading=\"lazy\" decoding=\"async\" class=\"alignleft wp-image-455 size-medium\" src=\"https:\/\/sfbtm.fr\/jfbtm\/wp-content\/uploads\/2016\/01\/logo_excelsior1-300x213.jpg\" alt=\"logo_excelsior[1]\" width=\"300\" height=\"213\" srcset=\"https:\/\/sfbtm.fr\/jfbtm\/wp-content\/uploads\/2016\/01\/logo_excelsior1-300x213.jpg 300w, https:\/\/sfbtm.fr\/jfbtm\/wp-content\/uploads\/2016\/01\/logo_excelsior1-211x150.jpg 211w, https:\/\/sfbtm.fr\/jfbtm\/wp-content\/uploads\/2016\/01\/logo_excelsior1-150x107.jpg 150w, https:\/\/sfbtm.fr\/jfbtm\/wp-content\/uploads\/2016\/01\/logo_excelsior1.jpg 751w\" sizes=\"auto, (max-width: 300px) 100vw, 300px\" \/><\/a><a href=\"http:\/\/www.macaron-de-nancy.com\" target=\"_blank\" rel=\"attachment wp-att-455\"><img loading=\"lazy\" decoding=\"async\" class=\"alignright wp-image-483 size-medium\" src=\"https:\/\/sfbtm.fr\/jfbtm\/wp-content\/uploads\/2016\/01\/soeurs_macarons-300x142.jpg\" alt=\"soeurs_macarons\" width=\"300\" height=\"142\" srcset=\"https:\/\/sfbtm.fr\/jfbtm\/wp-content\/uploads\/2016\/01\/soeurs_macarons-300x142.jpg 300w, https:\/\/sfbtm.fr\/jfbtm\/wp-content\/uploads\/2016\/01\/soeurs_macarons-250x118.jpg 250w, https:\/\/sfbtm.fr\/jfbtm\/wp-content\/uploads\/2016\/01\/soeurs_macarons-150x71.jpg 150w, https:\/\/sfbtm.fr\/jfbtm\/wp-content\/uploads\/2016\/01\/soeurs_macarons.jpg 640w\" sizes=\"auto, (max-width: 300px) 100vw, 300px\" \/><\/a><\/p>\n","protected":false},"excerpt":{"rendered":"<p>&nbsp; Booking Form JFBTM 2016 Nous remercions les partenaires\u00a0suivants qui ont d\u00e9j\u00e0 souhait\u00e9 nous soutenir lors de ces\u00a0 18\u00e9mes\u00a0JFBTM D&rsquo;autres vont bient\u00f4t nous rejoindre \ud83d\ude09 Si vous \u00eates int\u00e9ress\u00e9s, merci de nous \u00e9crire \u00e0 jfbtm2016@gmail.com\u00a0ou t\u00e9l\u00e9charger le booking form Institutionnels Associatifs Fournisseurs\/Soci\u00e9t\u00e9s Priv\u00e9es Autres<\/p>\n<p> <a class=\"continue-reading-link\" href=\"https:\/\/sfbtm.fr\/jfbtm\/archives\/partenaires-jfbtm2016\/\"><span>Lire la suite&#8230;<\/span><i class=\"crycon-right-dir\"><\/i><\/a> <\/p>\n","protected":false},"author":1,"featured_media":0,"parent":537,"menu_order":0,"comment_status":"closed","ping_status":"closed","template":"","meta":{"_exactmetrics_skip_tracking":false,"_exactmetrics_sitenote_active":false,"_exactmetrics_sitenote_note":"","_exactmetrics_sitenote_category":0,"footnotes":""},"class_list":["post-555","page","type-page","status-publish","hentry"],"_links":{"self":[{"href":"https:\/\/sfbtm.fr\/jfbtm\/wp-json\/wp\/v2\/pages\/555","targetHints":{"allow":["GET"]}}],"collection":[{"href":"https:\/\/sfbtm.fr\/jfbtm\/wp-json\/wp\/v2\/pages"}],"about":[{"href":"https:\/\/sfbtm.fr\/jfbtm\/wp-json\/wp\/v2\/types\/page"}],"author":[{"embeddable":true,"href":"https:\/\/sfbtm.fr\/jfbtm\/wp-json\/wp\/v2\/users\/1"}],"replies":[{"embeddable":true,"href":"https:\/\/sfbtm.fr\/jfbtm\/wp-json\/wp\/v2\/comments?post=555"}],"version-history":[{"count":4,"href":"https:\/\/sfbtm.fr\/jfbtm\/wp-json\/wp\/v2\/pages\/555\/revisions"}],"predecessor-version":[{"id":1729,"href":"https:\/\/sfbtm.fr\/jfbtm\/wp-json\/wp\/v2\/pages\/555\/revisions\/1729"}],"up":[{"embeddable":true,"href":"https:\/\/sfbtm.fr\/jfbtm\/wp-json\/wp\/v2\/pages\/537"}],"wp:attachment":[{"href":"https:\/\/sfbtm.fr\/jfbtm\/wp-json\/wp\/v2\/media?parent=555"}],"curies":[{"name":"wp","href":"https:\/\/api.w.org\/{rel}","templated":true}]}}