{"id":6,"date":"2015-09-21T19:58:36","date_gmt":"2015-09-21T18:58:36","guid":{"rendered":"http:\/\/sfbtm.fr\/jfbtm\/?page_id=6"},"modified":"2019-02-09T12:07:13","modified_gmt":"2019-02-09T11:07:13","slug":"infos-pratiques-2018","status":"publish","type":"page","link":"https:\/\/sfbtm.fr\/jfbtm\/archives\/infos-pratiques-2018\/","title":{"rendered":"Informations pratiques &#8211; JFBTM 2018"},"content":{"rendered":"<p>&nbsp;<\/p>\n<p>&nbsp;<\/p>\n<p style=\"text-align: center;\"><span style=\"font-size: 18pt;\"><span style=\"font-size: 14pt;\">Les 20<sup>\u00e8mes<\/sup> JFBTM auront lieu \u00e0 Monaco du <strong><span style=\"color: #ff0000;\">21 au 23 Mars 2018.<a href=\"http:\/\/www.meteofrance.com\/previsions-meteo-france\/monaco\/98000\" target=\"_blank\" rel=\"noopener\"><img loading=\"lazy\" decoding=\"async\" class=\"alignright wp-image-246\" src=\"https:\/\/sfbtm.fr\/jfbtm\/wp-content\/uploads\/2015\/09\/000027671-150x150.jpg\" alt=\"\" width=\"80\" height=\"76\" srcset=\"https:\/\/sfbtm.fr\/jfbtm\/wp-content\/uploads\/2015\/09\/000027671-300x283.jpg 300w, https:\/\/sfbtm.fr\/jfbtm\/wp-content\/uploads\/2015\/09\/000027671-159x150.jpg 159w, https:\/\/sfbtm.fr\/jfbtm\/wp-content\/uploads\/2015\/09\/000027671-150x142.jpg 150w, https:\/\/sfbtm.fr\/jfbtm\/wp-content\/uploads\/2015\/09\/000027671.jpg 309w\" sizes=\"auto, (max-width: 80px) 100vw, 80px\" \/><\/a><\/span><\/strong><\/span><\/span><\/p>\n<p>&nbsp;<\/p>\n<h4><strong>Lieu du congr\u00e8s<\/strong><\/h4>\n<p>&nbsp;<\/p>\n<p>Le congr\u00e9s se d\u00e9roulera \u00e0 l&rsquo;<a href=\"http:\/\/www.novotel.com\/fr\/hotel-5275-novotel-monte-carlo\/index.shtml\" target=\"_blank\" rel=\"noopener\">hotel Novotel Monte-Carlo<\/a>, &nbsp;16 Boulevard Princesse Charlotte, 98000 MONACO<\/p>\n<p>Coodonn\u00e9es GPS. N 43\u00b0 44&prime; 21.26\u00a0\u00bb E 7\u00b0 25&prime; 19.06\u00a0\u00bb<\/p>\n<p><a href=\"http:\/\/www.novotel.com\/fr\/hotel-5275-novotel-monte-carlo\/index.shtml\" target=\"_blank\" rel=\"noopener\"><img loading=\"lazy\" decoding=\"async\" class=\"alignnone size-full wp-image-965\" src=\"https:\/\/sfbtm.fr\/jfbtm\/wp-content\/uploads\/2015\/09\/novotel.jpg\" alt=\"\" width=\"500\" height=\"334\" srcset=\"https:\/\/sfbtm.fr\/jfbtm\/wp-content\/uploads\/2015\/09\/novotel.jpg 500w, https:\/\/sfbtm.fr\/jfbtm\/wp-content\/uploads\/2015\/09\/novotel-300x200.jpg 300w, https:\/\/sfbtm.fr\/jfbtm\/wp-content\/uploads\/2015\/09\/novotel-150x100.jpg 150w\" sizes=\"auto, (max-width: 500px) 100vw, 500px\" \/><\/a><\/p>\n<p>&nbsp;<\/p>\n<h4><a href=\"https:\/\/www.monte-carlo.mc\/fr\/tourisme\/acces\/\" target=\"_blank\" rel=\"noopener\"><strong>Venir \u00e0 Monaco<\/strong><\/a><\/h4>\n<p>&nbsp;<\/p>\n<p><strong>Avion<\/strong>&nbsp;&#8211;&nbsp;<a href=\"http:\/\/www.nice.aeroport.fr\/\" target=\"_blank\" rel=\"noopener\">A\u00e9roport Nice C\u00f4te d&rsquo;Azur<\/a><\/p>\n<p>L&rsquo;a\u00e9roport est connect\u00e9 \u00e0 Monaco par:<\/p>\n<p>&#8211; la <a href=\"https:\/\/www.departement06.fr\/documents\/A-votre-service\/Deplacements\/transports-en-commun\/dpt06-cadredevie_lignes_110.pdf\" target=\"_blank\" rel=\"noopener\">ligne de bus 110<\/a>, qui part du Terminal 1 et du Terminal 2 tous les jours de 8h30 \u00e0 22h (Tarif env 22\u20ac, moins cher pour des groupes \u00e0 partir de 4 personnes).&nbsp;Achetez votre billet&nbsp;<a href=\"http:\/\/www.niceairportxpress.com\/\" target=\"_blank\" rel=\"noopener\">sur cette page<\/a><\/p>\n<p>&#8211; la ligne de bus 23 (1,5\u20ac) ou 99 (express 6\u20ac) qui relie l&rsquo;a\u00e9roport \u00e0 la gare de Nice Ville, d&rsquo;o\u00f9 on peut prendre le train pour Monaco (tarif 3,9\u20ac)<\/p>\n<p>&#8211; En taxi (la course est assez ch\u00e8re &gt;&gt;100\u20ac)<\/p>\n<p>&nbsp;<\/p>\n<p><strong>Train<\/strong>&nbsp;&#8211; <a href=\"https:\/\/www.gares-sncf.com\/fr\/gare\/frxmm\/monaco-monte-carlo\" target=\"_blank\" rel=\"noopener\">Gare Monaco Monte-Carlo<\/a><\/p>\n<p>La gare de Monaco Monte-Carlo est situ\u00e9e \u00e0 5 minutes \u00e0 pied de l&rsquo;h\u00f4tel Novotel<\/p>\n<p>&nbsp;<\/p>\n<p><strong>Voiture<\/strong>&nbsp;:<\/p>\n<p>En provenance de Marseille ou de Menton acc\u00e8s autoroutier par l&rsquo;Autoroute A8<\/p>\n<p>&nbsp;<\/p>\n<h4><strong>H\u00e9bergement<\/strong><\/h4>\n<p>&nbsp;<\/p>\n<p>L&rsquo;h\u00e9bergement est compris dans l&rsquo;inscription <span style=\"text-decoration: underline;\">jusqu&rsquo;au 3\/11\/2017<\/span>. Apr\u00e8s cette date, ou pour les personnes d\u00e9sirant prolonger leur s\u00e9jour, Monaco et ses alentours offrent de nombreuses possibilit\u00e9s: <a href=\"https:\/\/www.monte-carlo.mc\/fr\/hotels\/\" target=\"_blank\" rel=\"noopener\">liste des h\u00f4tels<\/a>&nbsp;<\/p>\n<p><strong>&nbsp;<\/strong><\/p>\n<h4><strong>Office du tourisme<\/strong><\/h4>\n<p>&nbsp;<\/p>\n<p>N&rsquo;h\u00e9sitez pas \u00e0 visiter le site de l&rsquo;<a href=\"https:\/\/www.monte-carlo.mc\/fr\/generalites\/\" target=\"_blank\" rel=\"noopener\">office du tourisme de Monaco.<\/a><\/p>\n<p>&nbsp;<\/p>\n<p>&nbsp;<\/p>\n<p>&nbsp;<\/p>\n<p>&nbsp;<\/p>\n<p>&nbsp;<\/p>\n","protected":false},"excerpt":{"rendered":"<p>&nbsp; &nbsp; Les 20\u00e8mes JFBTM auront lieu \u00e0 Monaco du 21 au 23 Mars 2018. &nbsp; Lieu du congr\u00e8s &nbsp; Le congr\u00e9s se d\u00e9roulera \u00e0 l&rsquo;hotel Novotel Monte-Carlo, &nbsp;16 Boulevard Princesse Charlotte, 98000 MONACO Coodonn\u00e9es GPS. N 43\u00b0 44&prime; 21.26\u00a0\u00bb E 7\u00b0 25&prime; 19.06\u00a0\u00bb &nbsp; Venir \u00e0 Monaco &nbsp; Avion&nbsp;&#8211;&nbsp;A\u00e9roport\u2026<\/p>\n<p> <a class=\"continue-reading-link\" href=\"https:\/\/sfbtm.fr\/jfbtm\/archives\/infos-pratiques-2018\/\"><span>Lire la suite&#8230;<\/span><i class=\"crycon-right-dir\"><\/i><\/a> <\/p>\n","protected":false},"author":1,"featured_media":0,"parent":537,"menu_order":0,"comment_status":"closed","ping_status":"closed","template":"","meta":{"_exactmetrics_skip_tracking":false,"_exactmetrics_sitenote_active":false,"_exactmetrics_sitenote_note":"","_exactmetrics_sitenote_category":0,"footnotes":""},"class_list":["post-6","page","type-page","status-publish","hentry"],"_links":{"self":[{"href":"https:\/\/sfbtm.fr\/jfbtm\/wp-json\/wp\/v2\/pages\/6","targetHints":{"allow":["GET"]}}],"collection":[{"href":"https:\/\/sfbtm.fr\/jfbtm\/wp-json\/wp\/v2\/pages"}],"about":[{"href":"https:\/\/sfbtm.fr\/jfbtm\/wp-json\/wp\/v2\/types\/page"}],"author":[{"embeddable":true,"href":"https:\/\/sfbtm.fr\/jfbtm\/wp-json\/wp\/v2\/users\/1"}],"replies":[{"embeddable":true,"href":"https:\/\/sfbtm.fr\/jfbtm\/wp-json\/wp\/v2\/comments?post=6"}],"version-history":[{"count":154,"href":"https:\/\/sfbtm.fr\/jfbtm\/wp-json\/wp\/v2\/pages\/6\/revisions"}],"predecessor-version":[{"id":1271,"href":"https:\/\/sfbtm.fr\/jfbtm\/wp-json\/wp\/v2\/pages\/6\/revisions\/1271"}],"up":[{"embeddable":true,"href":"https:\/\/sfbtm.fr\/jfbtm\/wp-json\/wp\/v2\/pages\/537"}],"wp:attachment":[{"href":"https:\/\/sfbtm.fr\/jfbtm\/wp-json\/wp\/v2\/media?parent=6"}],"curies":[{"name":"wp","href":"https:\/\/api.w.org\/{rel}","templated":true}]}}