{"id":668,"date":"2017-02-02T20:39:06","date_gmt":"2017-02-02T19:39:06","guid":{"rendered":"http:\/\/sfbtm.fr\/jfbtm\/?page_id=668"},"modified":"2023-02-20T15:48:05","modified_gmt":"2023-02-20T14:48:05","slug":"sponsoring","status":"publish","type":"page","link":"https:\/\/sfbtm.fr\/jfbtm\/sponsoring\/","title":{"rendered":"Sponsoring"},"content":{"rendered":"<h4>Rejoignez-nous !<\/h4>\n<p>Les JFBTM sont le rendez-vous incontournable de toute la communaut\u00e9 fran\u00e7aise oeuvrant dans le domaine des tissus min\u00e9ralis\u00e9s. Regroupant chercheurs, ing\u00e9nieurs, techniciens et \u00e9tudiants autour de l\u2019\u00e9tude de la biologie des tissus min\u00e9ralis\u00e9s dans toute sa diversit\u00e9 et sa complexit\u00e9\u2026 des organismes unicellulaires \u00e0 l\u2019homme, de la biologie des carbonates \u00e0 celle des phosphates\u2026 notre communaut\u00e9\u00a0et notre savoir faire est tr\u00e8s vaste.<\/p>\n<p>Devenez parrain des JFBTM\u00a0pour acc\u00e9der \u00e0 un public cibl\u00e9 et qualifi\u00e9, d\u00e9velopper votre r\u00e9seau et profiter de toutes les retomb\u00e9es de la communication li\u00e9e \u00e0 cet \u00e9v\u00e9nement.<\/p>\n<p>Nous proposons des offres de parrainage r\u00e9pondant \u00e0 la plupart des demandes habituellement formul\u00e9es. Pour en discuter ensemble, <a href=\"mailto:michellemoya@orange.fr\">contactez-nous<\/a> !<\/p>\n<p><a href=\"https:\/\/sfbtm.fr\/jfbtm\/wp-content\/uploads\/2019\/11\/Sponsoring-2020.jpg\"><img loading=\"lazy\" decoding=\"async\" class=\"aligncenter size-full wp-image-1695\" src=\"https:\/\/sfbtm.fr\/jfbtm\/wp-content\/uploads\/2019\/11\/Sponsoring-2020.jpg\" alt=\"\" width=\"800\" height=\"516\" srcset=\"https:\/\/sfbtm.fr\/jfbtm\/wp-content\/uploads\/2019\/11\/Sponsoring-2020.jpg 800w, https:\/\/sfbtm.fr\/jfbtm\/wp-content\/uploads\/2019\/11\/Sponsoring-2020-300x194.jpg 300w, https:\/\/sfbtm.fr\/jfbtm\/wp-content\/uploads\/2019\/11\/Sponsoring-2020-768x495.jpg 768w, https:\/\/sfbtm.fr\/jfbtm\/wp-content\/uploads\/2019\/11\/Sponsoring-2020-150x97.jpg 150w\" sizes=\"auto, (max-width: 800px) 100vw, 800px\" \/><\/a><\/p>\n<p class=\"p1\">\n","protected":false},"excerpt":{"rendered":"<p>Rejoignez-nous ! Les JFBTM sont le rendez-vous incontournable de toute la communaut\u00e9 fran\u00e7aise oeuvrant dans le domaine des tissus min\u00e9ralis\u00e9s. Regroupant chercheurs, ing\u00e9nieurs, techniciens et \u00e9tudiants autour de l\u2019\u00e9tude de la biologie des tissus min\u00e9ralis\u00e9s dans toute sa diversit\u00e9 et sa complexit\u00e9\u2026 des organismes unicellulaires \u00e0 l\u2019homme, de la biologie\u2026<\/p>\n<p> <a class=\"continue-reading-link\" href=\"https:\/\/sfbtm.fr\/jfbtm\/sponsoring\/\"><span>Lire la suite&#8230;<\/span><i class=\"crycon-right-dir\"><\/i><\/a> <\/p>\n","protected":false},"author":1,"featured_media":0,"parent":0,"menu_order":0,"comment_status":"closed","ping_status":"closed","template":"","meta":{"_exactmetrics_skip_tracking":false,"_exactmetrics_sitenote_active":false,"_exactmetrics_sitenote_note":"","_exactmetrics_sitenote_category":0,"footnotes":""},"class_list":["post-668","page","type-page","status-publish","hentry"],"_links":{"self":[{"href":"https:\/\/sfbtm.fr\/jfbtm\/wp-json\/wp\/v2\/pages\/668","targetHints":{"allow":["GET"]}}],"collection":[{"href":"https:\/\/sfbtm.fr\/jfbtm\/wp-json\/wp\/v2\/pages"}],"about":[{"href":"https:\/\/sfbtm.fr\/jfbtm\/wp-json\/wp\/v2\/types\/page"}],"author":[{"embeddable":true,"href":"https:\/\/sfbtm.fr\/jfbtm\/wp-json\/wp\/v2\/users\/1"}],"replies":[{"embeddable":true,"href":"https:\/\/sfbtm.fr\/jfbtm\/wp-json\/wp\/v2\/comments?post=668"}],"version-history":[{"count":14,"href":"https:\/\/sfbtm.fr\/jfbtm\/wp-json\/wp\/v2\/pages\/668\/revisions"}],"predecessor-version":[{"id":2705,"href":"https:\/\/sfbtm.fr\/jfbtm\/wp-json\/wp\/v2\/pages\/668\/revisions\/2705"}],"wp:attachment":[{"href":"https:\/\/sfbtm.fr\/jfbtm\/wp-json\/wp\/v2\/media?parent=668"}],"curies":[{"name":"wp","href":"https:\/\/api.w.org\/{rel}","templated":true}]}}