{"id":675,"date":"2017-02-02T21:48:02","date_gmt":"2017-02-02T20:48:02","guid":{"rendered":"http:\/\/sfbtm.fr\/jfbtm\/?page_id=675"},"modified":"2019-02-09T14:58:45","modified_gmt":"2019-02-09T13:58:45","slug":"partenaires-2018","status":"publish","type":"page","link":"https:\/\/sfbtm.fr\/jfbtm\/archives\/partenaires-2018\/","title":{"rendered":"Partenaires &#8211; JFBTM 2018"},"content":{"rendered":"<h1 class=\"entry-title\"><\/h1>\n<div class=\"entry-content\">\n<p>Nous remercions vivement les partenaires qui nous soutiennent d&rsquo;ores et d\u00e9j\u00e0 pour ses 20<sup>\u00e9mes<\/sup>\u00a0JFBTM organis\u00e9es \u00e0 Monaco<\/p>\n<p>Si vous souhaitez nous rejoindre, <a href=\"https:\/\/sfbtm.fr\/jfbtm\/sponsoring\/\">cette page<\/a> vous donnera plus de d\u00e9tails<\/p>\n<\/p>\n<\/div>\n<table class=\" aligncenter\" style=\"width: 1264px;\">\n<tbody>\n<tr>\n<td style=\"text-align: center; vertical-align: middle; width: 300px;\"><a href=\"http:\/\/www.centrescientifique.mc\/fr\/\" target=\"_blank\" rel=\"noopener\"><img loading=\"lazy\" decoding=\"async\" class=\"aligncenter wp-image-1018\" src=\"https:\/\/sfbtm.fr\/jfbtm\/wp-content\/uploads\/2017\/02\/Logo-CSM-HD-294x300.png\" alt=\"\" width=\"180\" height=\"184\" srcset=\"https:\/\/sfbtm.fr\/jfbtm\/wp-content\/uploads\/2017\/02\/Logo-CSM-HD-294x300.png 294w, https:\/\/sfbtm.fr\/jfbtm\/wp-content\/uploads\/2017\/02\/Logo-CSM-HD-768x785.png 768w, https:\/\/sfbtm.fr\/jfbtm\/wp-content\/uploads\/2017\/02\/Logo-CSM-HD-147x150.png 147w, https:\/\/sfbtm.fr\/jfbtm\/wp-content\/uploads\/2017\/02\/Logo-CSM-HD.png 958w\" sizes=\"auto, (max-width: 180px) 100vw, 180px\" \/><\/a><\/td>\n<td style=\"text-align: center; vertical-align: middle; width: 331px;\"><a href=\"http:\/\/www.centrescientifique.mc\/fr\/actualites\/378-Creation-de-l-Association-des-Amis-du-CSM.html\" target=\"_blank\" rel=\"noopener\"><img loading=\"lazy\" decoding=\"async\" class=\"alignnone size-full wp-image-968\" src=\"https:\/\/sfbtm.fr\/jfbtm\/wp-content\/uploads\/2017\/02\/AACSM.jpg\" alt=\"\" width=\"255\" height=\"185\" srcset=\"https:\/\/sfbtm.fr\/jfbtm\/wp-content\/uploads\/2017\/02\/AACSM.jpg 255w, https:\/\/sfbtm.fr\/jfbtm\/wp-content\/uploads\/2017\/02\/AACSM-150x109.jpg 150w\" sizes=\"auto, (max-width: 255px) 100vw, 255px\" \/><\/a><\/td>\n<td style=\"text-align: center; vertical-align: middle; width: 290px;\"><a href=\"https:\/\/www.oceano.mc\/\" target=\"_blank\" rel=\"noopener\"><img loading=\"lazy\" decoding=\"async\" class=\"alignnone size-full wp-image-969\" src=\"https:\/\/sfbtm.fr\/jfbtm\/wp-content\/uploads\/2017\/02\/MOM.jpg\" alt=\"\" width=\"282\" height=\"137\" srcset=\"https:\/\/sfbtm.fr\/jfbtm\/wp-content\/uploads\/2017\/02\/MOM.jpg 282w, https:\/\/sfbtm.fr\/jfbtm\/wp-content\/uploads\/2017\/02\/MOM-150x73.jpg 150w\" sizes=\"auto, (max-width: 282px) 100vw, 282px\" \/><\/a><\/td>\n<\/tr>\n<tr>\n<td style=\"text-align: center; vertical-align: middle; width: 300px;\">\u00a0<a href=\"http:\/\/www.cnrs.fr\/\" target=\"_blank\" rel=\"noopener\"><img loading=\"lazy\" decoding=\"async\" class=\"alignnone size-full wp-image-970\" src=\"https:\/\/sfbtm.fr\/jfbtm\/wp-content\/uploads\/2017\/02\/CNRS.jpg\" alt=\"\" width=\"145\" height=\"145\" \/><\/a><\/td>\n<td style=\"text-align: center; vertical-align: middle; width: 331px;\"><a href=\"http:\/\/www.cea.fr\/\" target=\"_blank\" rel=\"noopener\"><img loading=\"lazy\" decoding=\"async\" class=\"alignnone size-full wp-image-971\" src=\"https:\/\/sfbtm.fr\/jfbtm\/wp-content\/uploads\/2017\/02\/CEA.jpg\" alt=\"\" width=\"160\" height=\"132\" srcset=\"https:\/\/sfbtm.fr\/jfbtm\/wp-content\/uploads\/2017\/02\/CEA.jpg 160w, https:\/\/sfbtm.fr\/jfbtm\/wp-content\/uploads\/2017\/02\/CEA-150x124.jpg 150w\" sizes=\"auto, (max-width: 160px) 100vw, 160px\" \/><\/a><\/td>\n<td style=\"text-align: center; vertical-align: middle; width: 290px;\"><a href=\"http:\/\/unice.fr\/lp2m\/fr\" target=\"_blank\" rel=\"noopener\"><img loading=\"lazy\" decoding=\"async\" class=\"alignnone size-full wp-image-972\" src=\"https:\/\/sfbtm.fr\/jfbtm\/wp-content\/uploads\/2017\/02\/LP2M.jpg\" alt=\"\" width=\"233\" height=\"108\" srcset=\"https:\/\/sfbtm.fr\/jfbtm\/wp-content\/uploads\/2017\/02\/LP2M.jpg 233w, https:\/\/sfbtm.fr\/jfbtm\/wp-content\/uploads\/2017\/02\/LP2M-150x70.jpg 150w\" sizes=\"auto, (max-width: 233px) 100vw, 233px\" \/><\/a><\/td>\n<\/tr>\n<tr>\n<td style=\"text-align: center; vertical-align: middle; width: 300px;\">\u00a0<a href=\"http:\/\/www.visitmonaco.com\/fr\" target=\"_blank\" rel=\"noopener\"><img loading=\"lazy\" decoding=\"async\" class=\"alignnone wp-image-973 size-full\" src=\"https:\/\/sfbtm.fr\/jfbtm\/wp-content\/uploads\/2017\/02\/monaco.png\" alt=\"\" width=\"278\" height=\"118\" srcset=\"https:\/\/sfbtm.fr\/jfbtm\/wp-content\/uploads\/2017\/02\/monaco.png 278w, https:\/\/sfbtm.fr\/jfbtm\/wp-content\/uploads\/2017\/02\/monaco-150x64.png 150w\" sizes=\"auto, (max-width: 278px) 100vw, 278px\" \/><\/a><\/td>\n<td style=\"vertical-align: middle; width: 331px;\"><a href=\"https:\/\/novotel.accorhotels.com\/fr\/france\/index.shtml\" target=\"_blank\" rel=\"noopener\"><img loading=\"lazy\" decoding=\"async\" class=\"alignnone size-full wp-image-974\" src=\"https:\/\/sfbtm.fr\/jfbtm\/wp-content\/uploads\/2017\/02\/novotel-logo.jpg\" alt=\"\" width=\"282\" height=\"137\" srcset=\"https:\/\/sfbtm.fr\/jfbtm\/wp-content\/uploads\/2017\/02\/novotel-logo.jpg 282w, https:\/\/sfbtm.fr\/jfbtm\/wp-content\/uploads\/2017\/02\/novotel-logo-150x73.jpg 150w\" sizes=\"auto, (max-width: 282px) 100vw, 282px\" \/><\/a><\/td>\n<td style=\"text-align: center; vertical-align: middle; width: 290px;\"><a href=\"http:\/\/univ-cotedazur.fr\/fr\" target=\"_blank\" rel=\"noopener\"><img loading=\"lazy\" decoding=\"async\" class=\"alignnone size-full wp-image-975\" src=\"https:\/\/sfbtm.fr\/jfbtm\/wp-content\/uploads\/2017\/02\/UCA.jpg\" alt=\"\" width=\"373\" height=\"95\" srcset=\"https:\/\/sfbtm.fr\/jfbtm\/wp-content\/uploads\/2017\/02\/UCA.jpg 373w, https:\/\/sfbtm.fr\/jfbtm\/wp-content\/uploads\/2017\/02\/UCA-300x76.jpg 300w, https:\/\/sfbtm.fr\/jfbtm\/wp-content\/uploads\/2017\/02\/UCA-150x38.jpg 150w\" sizes=\"auto, (max-width: 373px) 100vw, 373px\" \/><\/a><\/td>\n<\/tr>\n<tr>\n<td style=\"text-align: center; vertical-align: middle; width: 300px;\"><a href=\"http:\/\/www.fondation-arthritis.org\/\" target=\"_blank\" rel=\"noopener\"><img loading=\"lazy\" decoding=\"async\" class=\"size-medium wp-image-1101 aligncenter\" src=\"https:\/\/sfbtm.fr\/jfbtm\/wp-content\/uploads\/2018\/01\/Arthritis-300x124.png\" alt=\"\" width=\"300\" height=\"124\" srcset=\"https:\/\/sfbtm.fr\/jfbtm\/wp-content\/uploads\/2018\/01\/Arthritis-300x124.png 300w, https:\/\/sfbtm.fr\/jfbtm\/wp-content\/uploads\/2018\/01\/Arthritis-150x62.png 150w, https:\/\/sfbtm.fr\/jfbtm\/wp-content\/uploads\/2018\/01\/Arthritis.png 554w\" sizes=\"auto, (max-width: 300px) 100vw, 300px\" \/><\/a><\/td>\n<td style=\"text-align: center; vertical-align: middle; width: 331px;\"><a href=\"http:\/\/www.biomat.fr\/\" target=\"_blank\" rel=\"noopener\"><img loading=\"lazy\" decoding=\"async\" class=\"wp-image-1102 aligncenter\" src=\"https:\/\/sfbtm.fr\/jfbtm\/wp-content\/uploads\/2018\/01\/Biomat.png\" alt=\"\" width=\"217\" height=\"119\" srcset=\"https:\/\/sfbtm.fr\/jfbtm\/wp-content\/uploads\/2018\/01\/Biomat.png 285w, https:\/\/sfbtm.fr\/jfbtm\/wp-content\/uploads\/2018\/01\/Biomat-150x82.png 150w\" sizes=\"auto, (max-width: 217px) 100vw, 217px\" \/><\/a><\/td>\n<td style=\"text-align: center; vertical-align: middle; width: 290px;\"><a href=\"https:\/\/www.peprotech.com\/\" target=\"_blank\" rel=\"noopener\"><img loading=\"lazy\" decoding=\"async\" class=\"size-medium wp-image-1104 aligncenter\" src=\"https:\/\/sfbtm.fr\/jfbtm\/wp-content\/uploads\/2018\/01\/Preprotech-300x77.png\" alt=\"\" width=\"300\" height=\"77\" srcset=\"https:\/\/sfbtm.fr\/jfbtm\/wp-content\/uploads\/2018\/01\/Preprotech-300x77.png 300w, https:\/\/sfbtm.fr\/jfbtm\/wp-content\/uploads\/2018\/01\/Preprotech-150x39.png 150w, https:\/\/sfbtm.fr\/jfbtm\/wp-content\/uploads\/2018\/01\/Preprotech-426x111.png 426w, https:\/\/sfbtm.fr\/jfbtm\/wp-content\/uploads\/2018\/01\/Preprotech.png 430w\" sizes=\"auto, (max-width: 300px) 100vw, 300px\" \/><\/a><\/td>\n<\/tr>\n<tr>\n<td style=\"text-align: center; vertical-align: middle; width: 300px;\"><a href=\"http:\/\/www.eurobio.fr\/\" target=\"_blank\" rel=\"noopener\"><img loading=\"lazy\" decoding=\"async\" class=\"size-medium wp-image-1106 aligncenter\" src=\"https:\/\/sfbtm.fr\/jfbtm\/wp-content\/uploads\/2018\/01\/eurobio-300x93.png\" alt=\"\" width=\"300\" height=\"93\" srcset=\"https:\/\/sfbtm.fr\/jfbtm\/wp-content\/uploads\/2018\/01\/eurobio-300x93.png 300w, https:\/\/sfbtm.fr\/jfbtm\/wp-content\/uploads\/2018\/01\/eurobio-768x238.png 768w, https:\/\/sfbtm.fr\/jfbtm\/wp-content\/uploads\/2018\/01\/eurobio-1024x317.png 1024w, https:\/\/sfbtm.fr\/jfbtm\/wp-content\/uploads\/2018\/01\/eurobio-150x46.png 150w, https:\/\/sfbtm.fr\/jfbtm\/wp-content\/uploads\/2018\/01\/eurobio.png 1288w\" sizes=\"auto, (max-width: 300px) 100vw, 300px\" \/><\/a><\/td>\n<td style=\"text-align: center; vertical-align: middle; width: 331px;\"><a href=\"https:\/\/www.sigmaaldrich.com\/france.html\" target=\"_blank\" rel=\"noopener\"><img loading=\"lazy\" decoding=\"async\" class=\"size-medium wp-image-1107 aligncenter\" src=\"https:\/\/sfbtm.fr\/jfbtm\/wp-content\/uploads\/2018\/01\/sigma-300x101.png\" alt=\"\" width=\"300\" height=\"101\" srcset=\"https:\/\/sfbtm.fr\/jfbtm\/wp-content\/uploads\/2018\/01\/sigma-300x101.png 300w, https:\/\/sfbtm.fr\/jfbtm\/wp-content\/uploads\/2018\/01\/sigma-150x50.png 150w, https:\/\/sfbtm.fr\/jfbtm\/wp-content\/uploads\/2018\/01\/sigma.png 447w\" sizes=\"auto, (max-width: 300px) 100vw, 300px\" \/><\/a><\/td>\n<td style=\"text-align: center; vertical-align: top; width: 290px;\">\u00a0<a href=\"https:\/\/www.tescan.com\/fr\/\" target=\"_blank\" rel=\"noopener\"><img loading=\"lazy\" decoding=\"async\" class=\"alignnone size-medium wp-image-1113\" src=\"https:\/\/sfbtm.fr\/jfbtm\/wp-content\/uploads\/2018\/02\/TESCAN-logo-300x111.jpg\" alt=\"\" width=\"300\" height=\"111\" srcset=\"https:\/\/sfbtm.fr\/jfbtm\/wp-content\/uploads\/2018\/02\/TESCAN-logo-300x111.jpg 300w, https:\/\/sfbtm.fr\/jfbtm\/wp-content\/uploads\/2018\/02\/TESCAN-logo-768x283.jpg 768w, https:\/\/sfbtm.fr\/jfbtm\/wp-content\/uploads\/2018\/02\/TESCAN-logo-150x55.jpg 150w, https:\/\/sfbtm.fr\/jfbtm\/wp-content\/uploads\/2018\/02\/TESCAN-logo.jpg 966w\" sizes=\"auto, (max-width: 300px) 100vw, 300px\" \/><\/a><\/td>\n<\/tr>\n<tr>\n<td style=\"text-align: center; vertical-align: middle; width: 300px;\"><a href=\"http:\/\/www.merck.fr\/fr\/index.html\" target=\"_blank\" rel=\"noopener\"><img loading=\"lazy\" decoding=\"async\" class=\"alignnone size-medium wp-image-1114\" src=\"https:\/\/sfbtm.fr\/jfbtm\/wp-content\/uploads\/2018\/02\/Merk-300x47.jpg\" alt=\"\" width=\"300\" height=\"47\" srcset=\"https:\/\/sfbtm.fr\/jfbtm\/wp-content\/uploads\/2018\/02\/Merk-300x47.jpg 300w, https:\/\/sfbtm.fr\/jfbtm\/wp-content\/uploads\/2018\/02\/Merk-150x24.jpg 150w, https:\/\/sfbtm.fr\/jfbtm\/wp-content\/uploads\/2018\/02\/Merk.jpg 756w\" sizes=\"auto, (max-width: 300px) 100vw, 300px\" \/><\/a><\/td>\n<td style=\"text-align: center; vertical-align: middle; width: 331px;\"><a href=\"https:\/\/www.janvier-labs.com\/\" target=\"_blank\" rel=\"noopener\"><img loading=\"lazy\" decoding=\"async\" class=\"alignnone size-full wp-image-1116\" src=\"https:\/\/sfbtm.fr\/jfbtm\/wp-content\/uploads\/2018\/02\/Logo_janvier.png\" alt=\"\" width=\"283\" height=\"120\" srcset=\"https:\/\/sfbtm.fr\/jfbtm\/wp-content\/uploads\/2018\/02\/Logo_janvier.png 283w, https:\/\/sfbtm.fr\/jfbtm\/wp-content\/uploads\/2018\/02\/Logo_janvier-150x64.png 150w\" sizes=\"auto, (max-width: 283px) 100vw, 283px\" \/><\/a><\/td>\n<td style=\"text-align: center; vertical-align: middle; width: 290px;\"><\/td>\n<\/tr>\n<tr>\n<td style=\"text-align: center; vertical-align: middle; width: 300px;\"><\/td>\n<td style=\"text-align: center; vertical-align: middle; width: 331px;\"><\/td>\n<td style=\"text-align: center; vertical-align: middle; width: 290px;\"><\/td>\n<\/tr>\n<tr>\n<td style=\"text-align: center; vertical-align: middle; width: 300px;\"><\/td>\n<td style=\"text-align: center; vertical-align: middle; width: 331px;\"><\/td>\n<td style=\"text-align: center; vertical-align: middle; width: 290px;\"><\/td>\n<\/tr>\n<tr>\n<td style=\"width: 300px;\"><\/td>\n<td style=\"width: 331px;\"><\/td>\n<td style=\"width: 290px;\"><\/td>\n<\/tr>\n<tr>\n<td style=\"width: 300px;\"><\/td>\n<td style=\"width: 331px;\"><\/td>\n<td style=\"width: 290px;\"><\/td>\n<\/tr>\n<tr>\n<td style=\"width: 300px;\"><\/td>\n<td style=\"width: 331px;\"><\/td>\n<td style=\"width: 290px;\"><\/td>\n<\/tr>\n<tr>\n<td style=\"width: 300px;\"><\/td>\n<td style=\"width: 331px;\"><\/td>\n<td style=\"width: 290px;\"><\/td>\n<\/tr>\n<\/tbody>\n<\/table>\n","protected":false},"excerpt":{"rendered":"<p>Nous remercions vivement les partenaires qui nous soutiennent d&rsquo;ores et d\u00e9j\u00e0 pour ses 20\u00e9mes\u00a0JFBTM organis\u00e9es \u00e0 Monaco Si vous souhaitez nous rejoindre, cette page vous donnera plus de d\u00e9tails \u00a0 \u00a0 \u00a0<\/p>\n<p> <a class=\"continue-reading-link\" href=\"https:\/\/sfbtm.fr\/jfbtm\/archives\/partenaires-2018\/\"><span>Lire la suite&#8230;<\/span><i class=\"crycon-right-dir\"><\/i><\/a> <\/p>\n","protected":false},"author":1,"featured_media":0,"parent":537,"menu_order":0,"comment_status":"closed","ping_status":"closed","template":"templates\/template-onecolumn.php","meta":{"_exactmetrics_skip_tracking":false,"_exactmetrics_sitenote_active":false,"_exactmetrics_sitenote_note":"","_exactmetrics_sitenote_category":0,"footnotes":""},"class_list":["post-675","page","type-page","status-publish","hentry"],"_links":{"self":[{"href":"https:\/\/sfbtm.fr\/jfbtm\/wp-json\/wp\/v2\/pages\/675","targetHints":{"allow":["GET"]}}],"collection":[{"href":"https:\/\/sfbtm.fr\/jfbtm\/wp-json\/wp\/v2\/pages"}],"about":[{"href":"https:\/\/sfbtm.fr\/jfbtm\/wp-json\/wp\/v2\/types\/page"}],"author":[{"embeddable":true,"href":"https:\/\/sfbtm.fr\/jfbtm\/wp-json\/wp\/v2\/users\/1"}],"replies":[{"embeddable":true,"href":"https:\/\/sfbtm.fr\/jfbtm\/wp-json\/wp\/v2\/comments?post=675"}],"version-history":[{"count":56,"href":"https:\/\/sfbtm.fr\/jfbtm\/wp-json\/wp\/v2\/pages\/675\/revisions"}],"predecessor-version":[{"id":1315,"href":"https:\/\/sfbtm.fr\/jfbtm\/wp-json\/wp\/v2\/pages\/675\/revisions\/1315"}],"up":[{"embeddable":true,"href":"https:\/\/sfbtm.fr\/jfbtm\/wp-json\/wp\/v2\/pages\/537"}],"wp:attachment":[{"href":"https:\/\/sfbtm.fr\/jfbtm\/wp-json\/wp\/v2\/media?parent=675"}],"curies":[{"name":"wp","href":"https:\/\/api.w.org\/{rel}","templated":true}]}}