{"id":915,"date":"2017-09-06T20:01:18","date_gmt":"2017-09-06T19:01:18","guid":{"rendered":"http:\/\/sfbtm.fr\/jfbtm\/?page_id=915"},"modified":"2017-09-06T20:01:18","modified_gmt":"2017-09-06T19:01:18","slug":"informations-pratiques-jfbtm-2017","status":"publish","type":"page","link":"https:\/\/sfbtm.fr\/jfbtm\/archives\/informations-pratiques-jfbtm-2017\/","title":{"rendered":"Informations pratiques &#8211; JFBTM 2017"},"content":{"rendered":"<p>&nbsp;<\/p>\n<p>Voici quelques informations pratiques pour venir aux 19<sup>\u00e8mes<\/sup> JFBTM \u00e0 Lyon, du <strong>18 au 20 Mai 2017\u00a0<\/strong>\u00a0! <a href=\"http:\/\/www.meteofrance.com\/previsions-meteo-france\/lyon\/69000\" target=\"_blank\" rel=\"attachment wp-att-246 noopener\"><img loading=\"lazy\" decoding=\"async\" class=\"alignright wp-image-246\" src=\"https:\/\/sfbtm.fr\/jfbtm\/wp-content\/uploads\/2015\/09\/000027671-300x283.jpg\" alt=\"000027671\" width=\"63\" height=\"59\" srcset=\"https:\/\/sfbtm.fr\/jfbtm\/wp-content\/uploads\/2015\/09\/000027671-300x283.jpg 300w, https:\/\/sfbtm.fr\/jfbtm\/wp-content\/uploads\/2015\/09\/000027671-159x150.jpg 159w, https:\/\/sfbtm.fr\/jfbtm\/wp-content\/uploads\/2015\/09\/000027671-150x142.jpg 150w, https:\/\/sfbtm.fr\/jfbtm\/wp-content\/uploads\/2015\/09\/000027671.jpg 309w\" sizes=\"auto, (max-width: 63px) 100vw, 63px\" \/><\/a><\/p>\n<p>&nbsp;<\/p>\n<h4><strong>Lieu du congr\u00e8s<\/strong><\/h4>\n<p><a href=\"http:\/\/www.doublemixte.com\/\" target=\"_blank\" rel=\"noopener\">Double Mixte<\/a>\u00a019 Avenue Gaston Berger \u2013 69625 VILLEURBANNE<\/p>\n<p>&nbsp;<\/p>\n<h4>\u00a0<\/h4>\n<h4><strong>Venir au Double Mixte<\/strong><\/h4>\n<h5><b>Acc\u00e8s en voiture<\/b><\/h5>\n<div><big>Coordonn\u00e9es GPS :\u00a0<\/big><big>45.78111\u00b0, 4.87173<\/big>\u00b0 <big>\u00a0(ou N 45\u00b046\u201951.996 \u2013 E 4\u00b052\u201918.228)<\/big><\/div>\n<div><em><a href=\"https:\/\/www.google.fr\/maps\/dir\/\/Double+Mixte,+Avenue+Gaston+Berger,+Villeurbanne\/@45.7810318,4.8371965,13z\/data=!3m1!4b1!4m8!4m7!1m0!1m5!1m1!1s0x47f4ea9f088b9a87:0xf64d2b4fe22841fd!2m2!1d4.8723017!2d45.7809773\" target=\"_blank\" rel=\"noopener\">Calculer votre itin\u00e9raire<\/a><\/em><\/div>\n<div>\n<p><strong>Depuis l\u2019Autoroute A6 : <\/strong><br \/>\n \u00a0\u00a0 Suivre le p\u00e9riph\u00e9rique ouest,<br \/>\n \u00a0\u00a0 Sortie Porte de Saint Clair, suivre Villeurbanne \/ Domaine scientifique de la Doua.<\/p>\n<p><strong>Depuis les Autoroutes A46\/A42 :<\/strong><br \/>\n \u00a0\u00a0 Direction Lyon Est, suivre Villeurbanne,<br \/>\n \u00a0\u00a0 Sortie Croix Luizet (n\u00b06),<br \/>\n \u00a0\u00a0 puis Domaine scientifique de la Doua.<\/p>\n<p><strong>Depuis l\u2019Autoroute A7\/A43 :<\/strong><br \/>\n \u00a0\u00a0 Suivre Lyon Boulevard p\u00e9riph\u00e9rique Nord, Villeurbanne,<br \/>\n \u00a0\u00a0 Sortie Porte Croix Luizet (n\u00b06), puis Domaine scientifique de la Doua.<\/p>\n<p><strong> Depuis le centre de Lyon :<\/strong><br \/>\n \u00a0\u00a0 En voiture suivre Villeurbanne Charpennes, Tonkin, Domaine scientifique de la Doua.\u00a0<\/p>\n<\/div>\n<h5><b>Stationnement<\/b><\/h5>\n<div>Nous aurons acc\u00e8s au parking priv\u00e9 du Double Mixte. Nous vous indiquerons prochainement comment y acc\u00e9der.<\/div>\n<div>Plusieurs parkings sont gratuits dans et autour du campus de la Doua mais trouver une place peut quelque fois prendre un peu de temps.<\/div>\n<p><img loading=\"lazy\" decoding=\"async\" class=\"size-full wp-image-640 aligncenter\" src=\"https:\/\/sfbtm.fr\/jfbtm\/wp-content\/uploads\/2015\/09\/Localisation.png\" alt=\"\" width=\"993\" height=\"681\" srcset=\"https:\/\/sfbtm.fr\/jfbtm\/wp-content\/uploads\/2015\/09\/Localisation.png 993w, https:\/\/sfbtm.fr\/jfbtm\/wp-content\/uploads\/2015\/09\/Localisation-300x206.png 300w, https:\/\/sfbtm.fr\/jfbtm\/wp-content\/uploads\/2015\/09\/Localisation-768x527.png 768w, https:\/\/sfbtm.fr\/jfbtm\/wp-content\/uploads\/2015\/09\/Localisation-219x150.png 219w, https:\/\/sfbtm.fr\/jfbtm\/wp-content\/uploads\/2015\/09\/Localisation-150x103.png 150w\" sizes=\"auto, (max-width: 993px) 100vw, 993px\" \/><\/p>\n<p>&nbsp;<\/p>\n<h5><b>Acc\u00e8s en transport en commun<\/b><\/h5>\n<div><strong>Tramway T1 et T4 : <\/strong><br \/>\n \u00a0 \u00a0Direction IUT Feyssine : Arr\u00eat Gaston Berger<\/div>\n<div><strong>M\u00e9tro A et B :<\/strong><br \/>\n \u00a0 \u00a0Correspondance tramway \u00e0 Charpennes<\/div>\n<div><strong>M\u00e9tro D :<\/strong><br \/>\n \u00a0 \u00a0Correspondance bus\u00a0C26 \u00e0 Grange Blanche<\/div>\n<div><strong>Bus C17\u00a0:<\/strong><br \/>\n \u00a0 \u00a0Direction \u00ab\u00a0Porte des Alpes\u00a0\u00bb, Arr\u00eat \u00ab\u00a0CNRS\u00a0\u00bb<\/div>\n<div><strong>Bus C26 :<\/strong><br \/>\n \u00a0 \u00a0Direction \u00ab\u00a0Grand Cl\u00e9ment\u00a0\u00bb, Arr\u00eat \u00ab\u00a0La Doua\u00a0\u00bb<\/div>\n<div><strong>V\u00e9lo\u2019V :\u00a0<\/strong><br \/>\n \u00a0 \u00a0Stations disponible \u00e0 proximit\u00e9.\u00a0<\/div>\n<p>&nbsp;<\/p>\n<p><img loading=\"lazy\" decoding=\"async\" class=\"aligncenter wp-image-642\" src=\"https:\/\/sfbtm.fr\/jfbtm\/wp-content\/uploads\/2015\/09\/Plan-tram-940x1024.png\" width=\"800\" height=\"871\" srcset=\"https:\/\/sfbtm.fr\/jfbtm\/wp-content\/uploads\/2015\/09\/Plan-tram-940x1024.png 940w, https:\/\/sfbtm.fr\/jfbtm\/wp-content\/uploads\/2015\/09\/Plan-tram-275x300.png 275w, https:\/\/sfbtm.fr\/jfbtm\/wp-content\/uploads\/2015\/09\/Plan-tram-768x837.png 768w, https:\/\/sfbtm.fr\/jfbtm\/wp-content\/uploads\/2015\/09\/Plan-tram-138x150.png 138w, https:\/\/sfbtm.fr\/jfbtm\/wp-content\/uploads\/2015\/09\/Plan-tram.png 952w\" sizes=\"auto, (max-width: 800px) 100vw, 800px\" \/><\/p>\n<p>&nbsp;<\/p>\n<p><strong><a href=\"https:\/\/sfbtm.fr\/jfbtm\/wp-content\/uploads\/2015\/09\/Plan-detail-trambus.pdf\" target=\"_blank\" rel=\"noopener\">T\u00e9l\u00e9chargez<\/a>\u00a0le plan d\u00e9taill\u00e9 Tram\/Bus\/M\u00e9tro<\/strong><\/p>\n<p>&nbsp;<\/p>\n<p>&nbsp;<\/p>\n<h4><strong>Se loger \u00e0 Lyon<\/strong><\/h4>\n<p>&nbsp;<\/p>\n<p><img loading=\"lazy\" decoding=\"async\" class=\"aligncenter wp-image-646\" src=\"https:\/\/sfbtm.fr\/jfbtm\/wp-content\/uploads\/2015\/09\/hotels-1024x768.jpg\" width=\"1200\" height=\"900\" srcset=\"https:\/\/sfbtm.fr\/jfbtm\/wp-content\/uploads\/2015\/09\/hotels-1024x768.jpg 1024w, https:\/\/sfbtm.fr\/jfbtm\/wp-content\/uploads\/2015\/09\/hotels-300x225.jpg 300w, https:\/\/sfbtm.fr\/jfbtm\/wp-content\/uploads\/2015\/09\/hotels-768x576.jpg 768w, https:\/\/sfbtm.fr\/jfbtm\/wp-content\/uploads\/2015\/09\/hotels-200x150.jpg 200w, https:\/\/sfbtm.fr\/jfbtm\/wp-content\/uploads\/2015\/09\/hotels-150x112.jpg 150w\" sizes=\"auto, (max-width: 1200px) 100vw, 1200px\" \/><\/p>\n<p>&nbsp;<\/p>\n<p><strong><a href=\"https:\/\/sfbtm.fr\/jfbtm\/wp-content\/uploads\/2015\/09\/Hotels.pdf\" target=\"_blank\" rel=\"noopener\">T\u00e9l\u00e9chargez<\/a> la liste des hotels (avec liens)<\/strong><\/p>\n<p>&nbsp;<\/p>\n","protected":false},"excerpt":{"rendered":"<p>&nbsp; Voici quelques informations pratiques pour venir aux 19\u00e8mes JFBTM \u00e0 Lyon, du 18 au 20 Mai 2017\u00a0\u00a0! &nbsp; Lieu du congr\u00e8s Double Mixte\u00a019 Avenue Gaston Berger \u2013 69625 VILLEURBANNE &nbsp; \u00a0 Venir au Double Mixte Acc\u00e8s en voiture Coordonn\u00e9es GPS :\u00a045.78111\u00b0, 4.87173\u00b0 \u00a0(ou N 45\u00b046\u201951.996 \u2013 E 4\u00b052\u201918.228) Calculer\u2026<\/p>\n<p> <a class=\"continue-reading-link\" href=\"https:\/\/sfbtm.fr\/jfbtm\/archives\/informations-pratiques-jfbtm-2017\/\"><span>Lire la suite&#8230;<\/span><i class=\"crycon-right-dir\"><\/i><\/a> <\/p>\n","protected":false},"author":1,"featured_media":0,"parent":537,"menu_order":0,"comment_status":"closed","ping_status":"closed","template":"","meta":{"_exactmetrics_skip_tracking":false,"_exactmetrics_sitenote_active":false,"_exactmetrics_sitenote_note":"","_exactmetrics_sitenote_category":0,"footnotes":""},"class_list":["post-915","page","type-page","status-publish","hentry"],"_links":{"self":[{"href":"https:\/\/sfbtm.fr\/jfbtm\/wp-json\/wp\/v2\/pages\/915","targetHints":{"allow":["GET"]}}],"collection":[{"href":"https:\/\/sfbtm.fr\/jfbtm\/wp-json\/wp\/v2\/pages"}],"about":[{"href":"https:\/\/sfbtm.fr\/jfbtm\/wp-json\/wp\/v2\/types\/page"}],"author":[{"embeddable":true,"href":"https:\/\/sfbtm.fr\/jfbtm\/wp-json\/wp\/v2\/users\/1"}],"replies":[{"embeddable":true,"href":"https:\/\/sfbtm.fr\/jfbtm\/wp-json\/wp\/v2\/comments?post=915"}],"version-history":[{"count":1,"href":"https:\/\/sfbtm.fr\/jfbtm\/wp-json\/wp\/v2\/pages\/915\/revisions"}],"predecessor-version":[{"id":916,"href":"https:\/\/sfbtm.fr\/jfbtm\/wp-json\/wp\/v2\/pages\/915\/revisions\/916"}],"up":[{"embeddable":true,"href":"https:\/\/sfbtm.fr\/jfbtm\/wp-json\/wp\/v2\/pages\/537"}],"wp:attachment":[{"href":"https:\/\/sfbtm.fr\/jfbtm\/wp-json\/wp\/v2\/media?parent=915"}],"curies":[{"name":"wp","href":"https:\/\/api.w.org\/{rel}","templated":true}]}}