{"id":917,"date":"2017-09-06T20:02:52","date_gmt":"2017-09-06T19:02:52","guid":{"rendered":"http:\/\/sfbtm.fr\/jfbtm\/?page_id=917"},"modified":"2023-10-19T12:00:39","modified_gmt":"2023-10-19T11:00:39","slug":"bienvenue-aux-19emes-jfbtm","status":"publish","type":"page","link":"https:\/\/sfbtm.fr\/jfbtm\/archives\/bienvenue-aux-19emes-jfbtm\/","title":{"rendered":"Bienvenue aux 19\u00e8mes JFBTM"},"content":{"rendered":"<p>Ch\u00e8r(es) Coll\u00e8gues, Ch\u00e8r(es) Ami(es),<\/p>\n<p><strong>\u00a0<\/strong><\/p>\n<p><strong>Les 19\u00e8mes Journ\u00e9es Fran\u00e7aises de Biologie des Tissus Min\u00e9ralis\u00e9s<\/strong> se d\u00e9rouleront pour la 3<sup>\u00e8me<\/sup> fois \u00e0 Lyon du<strong> 18 au 20 Mai 2017. <\/strong>Elles seront organis\u00e9es par trois unit\u00e9s de Recherche lyonnaises\u00a0: L\u2019INSERM UMR 1033-Lyon I de la Facult\u00e9 de M\u00e9decine Lyon-Est, l\u2019ICBMS UMR CNRS 5246-Lyon I du Campus de la Doua et le LBTI UMR 5305-Lyon I du Campus de Gerland.<\/p>\n<div><\/div>\n<p>Elles auront lieu \u00e0 l&rsquo;<a href=\"http:\/\/www.doublemixte.com\/\" target=\"_blank\" rel=\"noopener\">Espace Double Mixte<\/a> sur le Campus Universitaire de la Doua en parall\u00e8le avec les <strong>Journ\u00e9es Nationales de Rhumatologie de la SFR<\/strong>, avec une demi-journ\u00e9e de pr\u00e9sentations scientifiques et m\u00e9dicales communes aux 2 \u00e9v\u00e8nements. La soir\u00e9e de gala associera \u00e9galement les deux soci\u00e9t\u00e9s au c\u0153ur de la presqu\u2019ile de Lyon entre l\u2019op\u00e9ra et la place des Jacobins dans un b\u00e2timent \u00e9difi\u00e9 au d\u00e9but du 17<sup>\u00e8me<\/sup> si\u00e8cle\u2026<\/p>\n<div><\/div>\n<p>Comme chaque ann\u00e9e, le programme scientifique mettra en valeur les jeunes chercheurs des diff\u00e9rents laboratoires nationaux par l\u2019interm\u00e9diaire de communications orales et affich\u00e9es. Des prix seront d\u00e9cern\u00e9s aux meilleures communications \u00e0 la fin du congr\u00e8s. Notre programme comprendra aussi les conf\u00e9rences pl\u00e9ni\u00e8res des Dr <strong>Rik Lories<\/strong> (Louvain, Belgique), <strong>Ingunn Holen<\/strong> (Sheffield, Royaume Uni), <strong>Attila Aszodi<\/strong> (Munich, Allemagne) et <strong>Yves Nys<\/strong> (Tours) qui viendront pr\u00e9senter les derni\u00e8res avanc\u00e9es dans leurs domaines respectifs.<\/p>\n<div><img loading=\"lazy\" decoding=\"async\" class=\"alignright wp-image-634\" src=\"https:\/\/sfbtm.fr\/jfbtm\/wp-content\/uploads\/2015\/09\/Affiche-JFBTM2017v2-225x300.png\" width=\"350\" height=\"467\" srcset=\"https:\/\/sfbtm.fr\/jfbtm\/wp-content\/uploads\/2015\/09\/Affiche-JFBTM2017v2-225x300.png 225w, https:\/\/sfbtm.fr\/jfbtm\/wp-content\/uploads\/2015\/09\/Affiche-JFBTM2017v2-113x150.png 113w, https:\/\/sfbtm.fr\/jfbtm\/wp-content\/uploads\/2015\/09\/Affiche-JFBTM2017v2.png 540w\" sizes=\"auto, (max-width: 350px) 100vw, 350px\" \/><\/div>\n<p>Nous sommes particuli\u00e8rement heureux de vous accueillir et nous esp\u00e9rons vous voir tr\u00e8s nombreux \u00e0 l&rsquo;occasion de ces journ\u00e9es lyonnaises.<\/p>\n<p>Le comit\u00e9 d&rsquo;organisation<\/p>\n<p><em>Edith Bonnelye, Irma Machuca-Gayet, David Magne, Fr\u00e9d\u00e9ric Mallein-Gerin, Olivier Peyruchaud.<\/em><\/p>\n","protected":false},"excerpt":{"rendered":"<p>Ch\u00e8r(es) Coll\u00e8gues, Ch\u00e8r(es) Ami(es), \u00a0 Les 19\u00e8mes Journ\u00e9es Fran\u00e7aises de Biologie des Tissus Min\u00e9ralis\u00e9s se d\u00e9rouleront pour la 3\u00e8me fois \u00e0 Lyon du 18 au 20 Mai 2017. Elles seront organis\u00e9es par trois unit\u00e9s de Recherche lyonnaises\u00a0: L\u2019INSERM UMR 1033-Lyon I de la Facult\u00e9 de M\u00e9decine Lyon-Est, l\u2019ICBMS UMR CNRS\u2026<\/p>\n<p> <a class=\"continue-reading-link\" href=\"https:\/\/sfbtm.fr\/jfbtm\/archives\/bienvenue-aux-19emes-jfbtm\/\"><span>Lire la suite&#8230;<\/span><i class=\"crycon-right-dir\"><\/i><\/a> <\/p>\n","protected":false},"author":1,"featured_media":0,"parent":537,"menu_order":0,"comment_status":"closed","ping_status":"closed","template":"templates\/template-onecolumn.php","meta":{"_exactmetrics_skip_tracking":false,"_exactmetrics_sitenote_active":false,"_exactmetrics_sitenote_note":"","_exactmetrics_sitenote_category":0,"footnotes":""},"class_list":["post-917","page","type-page","status-publish","hentry"],"_links":{"self":[{"href":"https:\/\/sfbtm.fr\/jfbtm\/wp-json\/wp\/v2\/pages\/917","targetHints":{"allow":["GET"]}}],"collection":[{"href":"https:\/\/sfbtm.fr\/jfbtm\/wp-json\/wp\/v2\/pages"}],"about":[{"href":"https:\/\/sfbtm.fr\/jfbtm\/wp-json\/wp\/v2\/types\/page"}],"author":[{"embeddable":true,"href":"https:\/\/sfbtm.fr\/jfbtm\/wp-json\/wp\/v2\/users\/1"}],"replies":[{"embeddable":true,"href":"https:\/\/sfbtm.fr\/jfbtm\/wp-json\/wp\/v2\/comments?post=917"}],"version-history":[{"count":3,"href":"https:\/\/sfbtm.fr\/jfbtm\/wp-json\/wp\/v2\/pages\/917\/revisions"}],"predecessor-version":[{"id":2916,"href":"https:\/\/sfbtm.fr\/jfbtm\/wp-json\/wp\/v2\/pages\/917\/revisions\/2916"}],"up":[{"embeddable":true,"href":"https:\/\/sfbtm.fr\/jfbtm\/wp-json\/wp\/v2\/pages\/537"}],"wp:attachment":[{"href":"https:\/\/sfbtm.fr\/jfbtm\/wp-json\/wp\/v2\/media?parent=917"}],"curies":[{"name":"wp","href":"https:\/\/api.w.org\/{rel}","templated":true}]}}